{"id":20253,"date":"2024-04-05T14:34:41","date_gmt":"2024-04-05T20:34:41","guid":{"rendered":"https:\/\/aprendoencasayenclase.mineduc.gob.gt\/?page_id=20253"},"modified":"2025-05-15T11:00:41","modified_gmt":"2025-05-15T17:00:41","slug":"salud-escolar-informacion-general","status":"publish","type":"page","link":"https:\/\/aprendoencasayenclase.mineduc.gob.gt\/index.php\/salud-escolar-informacion-general\/","title":{"rendered":"Salud escolar &#8211; Informaci\u00f3n General"},"content":{"rendered":"[vc_row][vc_column][vc_column_text]D\u00e9 clic en cada una de las im\u00e1genes para ver a detalle.[\/vc_column_text]<div id=\"1602614609451-7bf9dd5c-699c\" class=\"dt-sc-empty-space\"><\/div>[\/vc_column][\/vc_row][vc_row][vc_column]<div class=\"ult-animation  ult-animate-viewport  ult-no-mobile \" data-animate=\"pulse\" data-animation-delay=\"0\" data-animation-duration=\"2\" data-animation-iteration=\"1\" style=\"opacity:0;\" data-opacity_start_effect=\"\">[vc_single_image source=&#8221;external_link&#8221; alignment=&#8221;center&#8221; external_style=&#8221;vc_box_border&#8221; external_border_color=&#8221;sky&#8221; onclick=&#8221;custom_link&#8221; img_link_target=&#8221;_blank&#8221; custom_src=&#8221;https:\/\/aprendoencasayenclase.mineduc.gob.gt\/wp-content\/uploads\/acuerdo_ministerial_36-2024.jpg&#8221; link=&#8221;https:\/\/aprendoencasayenclase.mineduc.gob.gt\/wp-content\/uploads\/ACUERDO_GUBERNATIVO_36-2024.pdf&#8221;]<\/div>[\/vc_column][\/vc_row][vc_row][vc_column]<div class=\"dt-sc-title with-image aligncenter\"><h3><strong style=\"color:#1e73be\">Prevenci\u00f3n de dengue en centros educativos<\/strong><\/h3><span><\/span><h6><\/h6><\/div>[\/vc_column][\/vc_row][vc_row][vc_column]<div class=\"ult-animation  ult-animate-viewport  ult-no-mobile \" data-animate=\"pulse\" data-animation-delay=\"0\" data-animation-duration=\"2\" data-animation-iteration=\"1\" style=\"opacity:0;\" data-opacity_start_effect=\"\">[vc_single_image source=&#8221;external_link&#8221; alignment=&#8221;center&#8221; external_style=&#8221;vc_box_border&#8221; external_border_color=&#8221;sky&#8221; onclick=&#8221;custom_link&#8221; img_link_target=&#8221;_blank&#8221; custom_src=&#8221;https:\/\/aprendoencasayenclase.mineduc.gob.gt\/wp-content\/uploads\/Lineamientos-prevencion-del-dengue_v3.jpg&#8221; link=&#8221;https:\/\/aprendoencasayenclase.mineduc.gob.gt\/wp-content\/uploads\/Lineamientos-prevencion-del-dengue_v3.pdf&#8221;]<\/div>[\/vc_column][\/vc_row][vc_row][vc_column]<div class=\"dt-sc-title with-image aligncenter\"><h4><strong style=\"color:#1e73be\">Bifoliar Mam<\/strong><\/h4><span><\/span><h6><\/h6><\/div>[\/vc_column][\/vc_row][vc_row][vc_column]<div class=\"ult-animation  ult-animate-viewport  ult-no-mobile \" data-animate=\"pulse\" data-animation-delay=\"0\" data-animation-duration=\"2\" data-animation-iteration=\"1\" style=\"opacity:0;\" data-opacity_start_effect=\"\">[vc_single_image source=&#8221;external_link&#8221; alignment=&#8221;center&#8221; external_style=&#8221;vc_box_border&#8221; external_border_color=&#8221;sky&#8221; onclick=&#8221;custom_link&#8221; img_link_target=&#8221;_blank&#8221; custom_src=&#8221;https:\/\/aprendoencasayenclase.mineduc.gob.gt\/wp-content\/uploads\/Bifoliar-Mam-07082024.jpg&#8221; link=&#8221;https:\/\/aprendoencasayenclase.mineduc.gob.gt\/wp-content\/uploads\/Bifoliar-Mam-07082024.pdf&#8221;]<\/div>[\/vc_column][\/vc_row][vc_row][vc_column]<div class=\"dt-sc-title with-image aligncenter\"><h4><strong style=\"color:#1e73be\">Bifoliar Q'eqchi'<\/strong><\/h4><span><\/span><h6><\/h6><\/div>[\/vc_column][\/vc_row][vc_row][vc_column]<div class=\"ult-animation  ult-animate-viewport  ult-no-mobile \" data-animate=\"pulse\" data-animation-delay=\"0\" data-animation-duration=\"2\" data-animation-iteration=\"1\" style=\"opacity:0;\" data-opacity_start_effect=\"\">[vc_single_image source=&#8221;external_link&#8221; alignment=&#8221;center&#8221; external_style=&#8221;vc_box_border&#8221; external_border_color=&#8221;sky&#8221; onclick=&#8221;custom_link&#8221; img_link_target=&#8221;_blank&#8221; custom_src=&#8221;https:\/\/aprendoencasayenclase.mineduc.gob.gt\/wp-content\/uploads\/Bifoliar-Qeqchi-08082024.jpg&#8221; link=&#8221;https:\/\/aprendoencasayenclase.mineduc.gob.gt\/wp-content\/uploads\/Bifoliar-Qeqchi-08082024.pdf&#8221;]<\/div>[\/vc_column][\/vc_row][vc_row][vc_column]<div class=\"dt-sc-title with-image aligncenter\"><h4><strong style=\"color:#1e73be\">Bifoliar Kaqchikel<\/strong><\/h4><span><\/span><h6><\/h6><\/div>[\/vc_column][\/vc_row][vc_row][vc_column]<div class=\"ult-animation  ult-animate-viewport  ult-no-mobile \" data-animate=\"pulse\" data-animation-delay=\"0\" data-animation-duration=\"2\" data-animation-iteration=\"1\" style=\"opacity:0;\" data-opacity_start_effect=\"\">[vc_single_image source=&#8221;external_link&#8221; alignment=&#8221;center&#8221; external_style=&#8221;vc_box_border&#8221; external_border_color=&#8221;sky&#8221; onclick=&#8221;custom_link&#8221; img_link_target=&#8221;_blank&#8221; custom_src=&#8221;https:\/\/aprendoencasayenclase.mineduc.gob.gt\/wp-content\/uploads\/Bifoliar-kaqchikel-07082024.jpg&#8221; link=&#8221;https:\/\/aprendoencasayenclase.mineduc.gob.gt\/wp-content\/uploads\/Bifoliar-kaqchikel-07082024.pdf&#8221;]<\/div>[\/vc_column][\/vc_row][vc_row][vc_column]<div class=\"dt-sc-title with-image aligncenter\"><h4><strong style=\"color:#1e73be\">Bifoliar Kiche<\/strong><\/h4><span><\/span><h6><\/h6><\/div>[\/vc_column][\/vc_row][vc_row][vc_column]<div class=\"ult-animation  ult-animate-viewport  ult-no-mobile \" data-animate=\"pulse\" data-animation-delay=\"0\" data-animation-duration=\"2\" data-animation-iteration=\"1\" style=\"opacity:0;\" data-opacity_start_effect=\"\">[vc_single_image source=&#8221;external_link&#8221; alignment=&#8221;center&#8221; external_style=&#8221;vc_box_border&#8221; external_border_color=&#8221;sky&#8221; onclick=&#8221;custom_link&#8221; img_link_target=&#8221;_blank&#8221; custom_src=&#8221;https:\/\/aprendoencasayenclase.mineduc.gob.gt\/wp-content\/uploads\/Bifoliar-kiche-07082024.jpg&#8221; link=&#8221;https:\/\/aprendoencasayenclase.mineduc.gob.gt\/wp-content\/uploads\/Bifoliar-kiche-07082024.pdf&#8221;]<\/div>[\/vc_column][\/vc_row][vc_row][vc_column][vc_column_text]<div class=\"track\"><span class=\"songtitle\"> Spot de Radio <\/span><span class=\"audiobutton\"><\/span><div class=\"albumtrack\" style=\"visibility:hidden;\"><!--[if lt IE 9]><script>document.createElement('audio');<\/script><![endif]-->\n<audio class=\"wp-audio-shortcode\" id=\"audio-20253-1\" preload=\"metadata\" style=\"width: 100%;\" controls=\"controls\"><source type=\"audio\/wav\" src=\"https:\/\/aprendoencasayenclase.mineduc.gob.gt\/wp-content\/uploads\/SPOT-DE-RADIO-saludcm.wav?_=1\" \/><a href=\"https:\/\/aprendoencasayenclase.mineduc.gob.gt\/wp-content\/uploads\/SPOT-DE-RADIO-saludcm.wav\">https:\/\/aprendoencasayenclase.mineduc.gob.gt\/wp-content\/uploads\/SPOT-DE-RADIO-saludcm.wav<\/a><\/audio><\/div><\/div><div class=\"sdm_download_button_box_default\"><div class=\"sdm_download_link\"><a href=\"https:\/\/aprendoencasayenclase.mineduc.gob.gt\/?smd_process_download=1&download_id=20329\" class=\"sdm_download green\" title=\"SPOT DE RADIO\" >Descargar<\/a><\/div><\/div>[\/vc_column_text][\/vc_column][\/vc_row]\n","protected":false},"excerpt":{"rendered":"<p>[vc_row][vc_column][vc_column_text]D\u00e9 clic en cada una de las im\u00e1genes para ver a detalle.[\/vc_column_text][\/vc_column][\/vc_row][vc_row][vc_column][\/vc_column][\/vc_row][vc_row][vc_column][\/vc_column][\/vc_row][vc_row][vc_column][\/vc_column][\/vc_row][vc_row][vc_column][\/vc_column][\/vc_row][vc_row][vc_column][\/vc_column][\/vc_row][vc_row][vc_column][\/vc_column][\/vc_row][vc_row][vc_column][\/vc_column][\/vc_row][vc_row][vc_column][\/vc_column][\/vc_row][vc_row][vc_column][\/vc_column][\/vc_row][vc_row][vc_column][\/vc_column][\/vc_row][vc_row][vc_column][\/vc_column][\/vc_row][vc_row][vc_column][vc_column_text][\/vc_column_text][\/vc_column][\/vc_row]<\/p>\n","protected":false},"author":1,"featured_media":0,"parent":0,"menu_order":0,"comment_status":"closed","ping_status":"closed","template":"","meta":[],"yoast_head":"<!-- This site is optimized with the Yoast SEO plugin v19.6.1 - https:\/\/yoast.com\/wordpress\/plugins\/seo\/ -->\n<title>Salud escolar - Informaci\u00f3n General - Aprendoencasayenclase<\/title>\n<meta name=\"robots\" content=\"index, follow, max-snippet:-1, max-image-preview:large, max-video-preview:-1\" \/>\n<link rel=\"canonical\" href=\"https:\/\/aprendoencasayenclase.mineduc.gob.gt\/index.php\/salud-escolar-informacion-general\/\" \/>\n<meta property=\"og:locale\" content=\"es_ES\" \/>\n<meta property=\"og:type\" content=\"article\" \/>\n<meta property=\"og:title\" content=\"Salud escolar - Informaci\u00f3n General - Aprendoencasayenclase\" \/>\n<meta property=\"og:description\" content=\"[vc_row][vc_column][vc_column_text]D\u00e9 clic en cada una de las im\u00e1genes para ver a detalle.[\/vc_column_text][\/vc_column][\/vc_row][vc_row][vc_column][\/vc_column][\/vc_row][vc_row][vc_column][\/vc_column][\/vc_row][vc_row][vc_column][\/vc_column][\/vc_row][vc_row][vc_column][\/vc_column][\/vc_row][vc_row][vc_column][\/vc_column][\/vc_row][vc_row][vc_column][\/vc_column][\/vc_row][vc_row][vc_column][\/vc_column][\/vc_row][vc_row][vc_column][\/vc_column][\/vc_row][vc_row][vc_column][\/vc_column][\/vc_row][vc_row][vc_column][\/vc_column][\/vc_row][vc_row][vc_column][\/vc_column][\/vc_row][vc_row][vc_column][vc_column_text][\/vc_column_text][\/vc_column][\/vc_row]\" \/>\n<meta property=\"og:url\" content=\"https:\/\/aprendoencasayenclase.mineduc.gob.gt\/index.php\/salud-escolar-informacion-general\/\" \/>\n<meta property=\"og:site_name\" content=\"Aprendoencasayenclase\" \/>\n<meta property=\"article:modified_time\" content=\"2025-05-15T17:00:41+00:00\" \/>\n<meta name=\"twitter:card\" content=\"summary_large_image\" \/>\n<meta name=\"twitter:label1\" content=\"Est. reading time\" \/>\n\t<meta name=\"twitter:data1\" content=\"1 minuto\" \/>\n<script type=\"application\/ld+json\" class=\"yoast-schema-graph\">{\"@context\":\"https:\/\/schema.org\",\"@graph\":[{\"@type\":\"WebPage\",\"@id\":\"https:\/\/aprendoencasayenclase.mineduc.gob.gt\/index.php\/salud-escolar-informacion-general\/\",\"url\":\"https:\/\/aprendoencasayenclase.mineduc.gob.gt\/index.php\/salud-escolar-informacion-general\/\",\"name\":\"Salud escolar - Informaci\u00f3n General - Aprendoencasayenclase\",\"isPartOf\":{\"@id\":\"https:\/\/aprendoencasayenclase.mineduc.gob.gt\/#website\"},\"datePublished\":\"2024-04-05T20:34:41+00:00\",\"dateModified\":\"2025-05-15T17:00:41+00:00\",\"breadcrumb\":{\"@id\":\"https:\/\/aprendoencasayenclase.mineduc.gob.gt\/index.php\/salud-escolar-informacion-general\/#breadcrumb\"},\"inLanguage\":\"es\",\"potentialAction\":[{\"@type\":\"ReadAction\",\"target\":[\"https:\/\/aprendoencasayenclase.mineduc.gob.gt\/index.php\/salud-escolar-informacion-general\/\"]}]},{\"@type\":\"BreadcrumbList\",\"@id\":\"https:\/\/aprendoencasayenclase.mineduc.gob.gt\/index.php\/salud-escolar-informacion-general\/#breadcrumb\",\"itemListElement\":[{\"@type\":\"ListItem\",\"position\":1,\"name\":\"Inicio\",\"item\":\"https:\/\/aprendoencasayenclase.mineduc.gob.gt\/\"},{\"@type\":\"ListItem\",\"position\":2,\"name\":\"Salud escolar &#8211; Informaci\u00f3n General\"}]},{\"@type\":\"WebSite\",\"@id\":\"https:\/\/aprendoencasayenclase.mineduc.gob.gt\/#website\",\"url\":\"https:\/\/aprendoencasayenclase.mineduc.gob.gt\/\",\"name\":\"Aprendoencasa\",\"description\":\"Aprendo\",\"potentialAction\":[{\"@type\":\"SearchAction\",\"target\":{\"@type\":\"EntryPoint\",\"urlTemplate\":\"https:\/\/aprendoencasayenclase.mineduc.gob.gt\/?s={search_term_string}\"},\"query-input\":\"required name=search_term_string\"}],\"inLanguage\":\"es\"}]}<\/script>\n<!-- \/ Yoast SEO plugin. -->","yoast_head_json":{"title":"Salud escolar - Informaci\u00f3n General - Aprendoencasayenclase","robots":{"index":"index","follow":"follow","max-snippet":"max-snippet:-1","max-image-preview":"max-image-preview:large","max-video-preview":"max-video-preview:-1"},"canonical":"https:\/\/aprendoencasayenclase.mineduc.gob.gt\/index.php\/salud-escolar-informacion-general\/","og_locale":"es_ES","og_type":"article","og_title":"Salud escolar - Informaci\u00f3n General - Aprendoencasayenclase","og_description":"[vc_row][vc_column][vc_column_text]D\u00e9 clic en cada una de las im\u00e1genes para ver a detalle.[\/vc_column_text][\/vc_column][\/vc_row][vc_row][vc_column][\/vc_column][\/vc_row][vc_row][vc_column][\/vc_column][\/vc_row][vc_row][vc_column][\/vc_column][\/vc_row][vc_row][vc_column][\/vc_column][\/vc_row][vc_row][vc_column][\/vc_column][\/vc_row][vc_row][vc_column][\/vc_column][\/vc_row][vc_row][vc_column][\/vc_column][\/vc_row][vc_row][vc_column][\/vc_column][\/vc_row][vc_row][vc_column][\/vc_column][\/vc_row][vc_row][vc_column][\/vc_column][\/vc_row][vc_row][vc_column][\/vc_column][\/vc_row][vc_row][vc_column][vc_column_text][\/vc_column_text][\/vc_column][\/vc_row]","og_url":"https:\/\/aprendoencasayenclase.mineduc.gob.gt\/index.php\/salud-escolar-informacion-general\/","og_site_name":"Aprendoencasayenclase","article_modified_time":"2025-05-15T17:00:41+00:00","twitter_card":"summary_large_image","twitter_misc":{"Est. reading time":"1 minuto"},"schema":{"@context":"https:\/\/schema.org","@graph":[{"@type":"WebPage","@id":"https:\/\/aprendoencasayenclase.mineduc.gob.gt\/index.php\/salud-escolar-informacion-general\/","url":"https:\/\/aprendoencasayenclase.mineduc.gob.gt\/index.php\/salud-escolar-informacion-general\/","name":"Salud escolar - Informaci\u00f3n General - Aprendoencasayenclase","isPartOf":{"@id":"https:\/\/aprendoencasayenclase.mineduc.gob.gt\/#website"},"datePublished":"2024-04-05T20:34:41+00:00","dateModified":"2025-05-15T17:00:41+00:00","breadcrumb":{"@id":"https:\/\/aprendoencasayenclase.mineduc.gob.gt\/index.php\/salud-escolar-informacion-general\/#breadcrumb"},"inLanguage":"es","potentialAction":[{"@type":"ReadAction","target":["https:\/\/aprendoencasayenclase.mineduc.gob.gt\/index.php\/salud-escolar-informacion-general\/"]}]},{"@type":"BreadcrumbList","@id":"https:\/\/aprendoencasayenclase.mineduc.gob.gt\/index.php\/salud-escolar-informacion-general\/#breadcrumb","itemListElement":[{"@type":"ListItem","position":1,"name":"Inicio","item":"https:\/\/aprendoencasayenclase.mineduc.gob.gt\/"},{"@type":"ListItem","position":2,"name":"Salud escolar &#8211; Informaci\u00f3n General"}]},{"@type":"WebSite","@id":"https:\/\/aprendoencasayenclase.mineduc.gob.gt\/#website","url":"https:\/\/aprendoencasayenclase.mineduc.gob.gt\/","name":"Aprendoencasa","description":"Aprendo","potentialAction":[{"@type":"SearchAction","target":{"@type":"EntryPoint","urlTemplate":"https:\/\/aprendoencasayenclase.mineduc.gob.gt\/?s={search_term_string}"},"query-input":"required name=search_term_string"}],"inLanguage":"es"}]}},"_links":{"self":[{"href":"https:\/\/aprendoencasayenclase.mineduc.gob.gt\/index.php\/wp-json\/wp\/v2\/pages\/20253"}],"collection":[{"href":"https:\/\/aprendoencasayenclase.mineduc.gob.gt\/index.php\/wp-json\/wp\/v2\/pages"}],"about":[{"href":"https:\/\/aprendoencasayenclase.mineduc.gob.gt\/index.php\/wp-json\/wp\/v2\/types\/page"}],"author":[{"embeddable":true,"href":"https:\/\/aprendoencasayenclase.mineduc.gob.gt\/index.php\/wp-json\/wp\/v2\/users\/1"}],"replies":[{"embeddable":true,"href":"https:\/\/aprendoencasayenclase.mineduc.gob.gt\/index.php\/wp-json\/wp\/v2\/comments?post=20253"}],"version-history":[{"count":13,"href":"https:\/\/aprendoencasayenclase.mineduc.gob.gt\/index.php\/wp-json\/wp\/v2\/pages\/20253\/revisions"}],"predecessor-version":[{"id":20337,"href":"https:\/\/aprendoencasayenclase.mineduc.gob.gt\/index.php\/wp-json\/wp\/v2\/pages\/20253\/revisions\/20337"}],"wp:attachment":[{"href":"https:\/\/aprendoencasayenclase.mineduc.gob.gt\/index.php\/wp-json\/wp\/v2\/media?parent=20253"}],"curies":[{"name":"wp","href":"https:\/\/api.w.org\/{rel}","templated":true}]}}