{"id":19806,"date":"2023-03-29T14:49:11","date_gmt":"2023-03-29T20:49:11","guid":{"rendered":"https:\/\/aprendoencasayenclase.mineduc.gob.gt\/?page_id=19806"},"modified":"2023-04-12T17:26:41","modified_gmt":"2023-04-12T23:26:41","slug":"practiquemos-comunicacion-y-lenguaje-y-matematicas","status":"publish","type":"page","link":"https:\/\/aprendoencasayenclase.mineduc.gob.gt\/index.php\/practiquemos-comunicacion-y-lenguaje-y-matematicas\/","title":{"rendered":"Practiquemos Comunicaci\u00f3n y Lenguaje y Matem\u00e1ticas"},"content":{"rendered":"[vc_row][vc_column][vc_column_text]D\u00e9 clic sobre las im\u00e1genes para ver m\u00e1s informaci\u00f3n.[\/vc_column_text]<div id=\"1608061698376-782ed56f-8546\" class=\"dt-sc-empty-space\"><\/div><div class=\"dt-sc-title with-image aligncenter\"><h4>Orientaciones para dar continuidad a la entrega educativa en situaciones de riesgo<\/h4><span><\/span><h6><\/h6><\/div><div class=\"dt-sc-title with-image aligncenter\"><h4><strong style=\"color:#1e73be\">Nivel de Educaci\u00f3n Preprimaria<\/strong><\/h4><span><\/span><h6><\/h6><\/div><div id=\"1681341547099-d42af4c5-6deb\" class=\"dt-sc-empty-space\"><\/div>[vc_single_image source=&#8221;external_link&#8221; external_img_size=&#8221;400&#215;515&#8243; alignment=&#8221;center&#8221; external_style=&#8221;vc_box_border&#8221; external_border_color=&#8221;sky&#8221; onclick=&#8221;custom_link&#8221; img_link_target=&#8221;_blank&#8221; custom_src=&#8221;https:\/\/aprendoencasayenclase.mineduc.gob.gt\/wp-content\/uploads\/Orientaciones-situaciones-emergencia-preprimaria.jpg&#8221; link=&#8221;https:\/\/aprendoencasayenclase.mineduc.gob.gt\/wp-content\/uploads\/Orientaciones-preprimaria.pdf&#8221;][\/vc_column][\/vc_row][vc_row][vc_column]<div id=\"1681341341242-1b80426c-14b8\" class=\"dt-sc-empty-space\"><\/div>[\/vc_column][\/vc_row][vc_row][vc_column]<div class=\"ult-animation  ult-animate-viewport  ult-no-mobile \" data-animate=\"pulse\" data-animation-delay=\"0\" data-animation-duration=\"3\" data-animation-iteration=\"0.3\" style=\"opacity:0;\" data-opacity_start_effect=\"\"><div class=\"dt-sc-title with-image aligncenter\"><h4>Gu\u00eda para la atenci\u00f3n de ni\u00f1os de<\/h4><span><\/span><h6><\/h6><\/div><div class=\"dt-sc-title with-image aligncenter\"><h4><strong style=\"color:#1e73be\">primer grado<\/strong><\/h4><span><\/span><h6><\/h6><\/div><div id=\"1654208001708-67236c99-f7fa\" class=\"dt-sc-empty-space\"><\/div>[vc_single_image source=&#8221;external_link&#8221; external_img_size=&#8221;400&#215;515&#8243; alignment=&#8221;center&#8221; external_style=&#8221;vc_box_border&#8221; external_border_color=&#8221;sky&#8221; onclick=&#8221;custom_link&#8221; img_link_target=&#8221;_blank&#8221; custom_src=&#8221;https:\/\/aprendoencasayenclase.mineduc.gob.gt\/wp-content\/uploads\/Guia-primer-grado.jpg&#8221; link=&#8221;https:\/\/aprendoencasayenclase.mineduc.gob.gt\/wp-content\/uploads\/Guia-para-la-atencion-de-ninos-docentes-1er-grado.pdf&#8221;]<\/div><div id=\"1654208009261-3fd87ae7-0200\" class=\"dt-sc-empty-space\"><\/div>[\/vc_column][\/vc_row][vc_row][vc_column]<div id=\"1680123334963-aeb73ef9-a22d\" class=\"dt-sc-empty-space\"><\/div><div class=\"dt-sc-title with-image aligncenter\"><h4>Practiquemos Comunicaci\u00f3n y Lenguaje y Matem\u00e1ticas<\/h4><span><\/span><h6><\/h6><\/div>[\/vc_column][\/vc_row][vc_row][vc_column width=&#8221;1\/2&#8243;]<div class=\"ult-animation  ult-animate-viewport  ult-no-mobile \" data-animate=\"pulse\" data-animation-delay=\"0\" data-animation-duration=\"3\" data-animation-iteration=\"0.3\" style=\"opacity:0;\" data-opacity_start_effect=\"\"><div class=\"dt-sc-title with-image \"><h4><strong style=\"color:#1e73be\">Segundo grado Primaria<\/strong><\/h4><span><\/span><h6><\/h6><\/div><div id=\"1654208009235-96608540-7976\" class=\"dt-sc-empty-space\"><\/div>[vc_single_image source=&#8221;external_link&#8221; external_img_size=&#8221;400&#215;515&#8243; external_style=&#8221;vc_box_border&#8221; external_border_color=&#8221;sky&#8221; onclick=&#8221;custom_link&#8221; img_link_target=&#8221;_blank&#8221; custom_src=&#8221;https:\/\/aprendoencasayenclase.mineduc.gob.gt\/wp-content\/uploads\/Guia-segundo-grado.jpg&#8221; link=&#8221;https:\/\/aprendoencasayenclase.mineduc.gob.gt\/wp-content\/uploads\/Practiquemos-CyL-Mate-2G.pdf&#8221;]<div id=\"1680121377952-27a4d41a-70e1\" class=\"dt-sc-empty-space\"><\/div><\/div>[\/vc_column][vc_column width=&#8221;1\/2&#8243;]<div class=\"ult-animation  ult-animate-viewport  ult-no-mobile \" data-animate=\"pulse\" data-animation-delay=\"0\" data-animation-duration=\"3\" data-animation-iteration=\"0.3\" style=\"opacity:0;\" data-opacity_start_effect=\"\"><div class=\"dt-sc-title with-image \"><h4><strong style=\"color:#1e73be\">Tercer grado Primaria<\/strong><\/h4><span><\/span><h6><\/h6><\/div><div id=\"1680121377905-933bbe63-e2cd\" class=\"dt-sc-empty-space\"><\/div>[vc_single_image source=&#8221;external_link&#8221; external_img_size=&#8221;400&#215;515&#8243; external_style=&#8221;vc_box_border&#8221; external_border_color=&#8221;sky&#8221; onclick=&#8221;custom_link&#8221; img_link_target=&#8221;_blank&#8221; custom_src=&#8221;https:\/\/aprendoencasayenclase.mineduc.gob.gt\/wp-content\/uploads\/guia-tercer-grado.jpg&#8221; link=&#8221;https:\/\/aprendoencasayenclase.mineduc.gob.gt\/wp-content\/uploads\/Practiquemos-CyL-Mate-3G.pdf&#8221;]<div id=\"1680124361119-58e09a52-b384\" class=\"dt-sc-empty-space\"><\/div><\/div>[\/vc_column][\/vc_row][vc_row][vc_column width=&#8221;1\/2&#8243;]<div class=\"ult-animation  ult-animate-viewport  ult-no-mobile \" data-animate=\"pulse\" data-animation-delay=\"0\" data-animation-duration=\"3\" data-animation-iteration=\"0.3\" style=\"opacity:0;\" data-opacity_start_effect=\"\"><div class=\"dt-sc-title with-image \"><h4><strong style=\"color:#1e73be\">Cuarto grado Primaria<\/strong><\/h4><span><\/span><h6><\/h6><\/div><div id=\"1680121377998-15bf1cf2-259a\" class=\"dt-sc-empty-space\"><\/div>[vc_single_image source=&#8221;external_link&#8221; external_img_size=&#8221;400&#215;515&#8243; external_style=&#8221;vc_box_border&#8221; external_border_color=&#8221;sky&#8221; onclick=&#8221;custom_link&#8221; img_link_target=&#8221;_blank&#8221; custom_src=&#8221;https:\/\/aprendoencasayenclase.mineduc.gob.gt\/wp-content\/uploads\/guia-cuarto-grado.jpg&#8221; link=&#8221;https:\/\/aprendoencasayenclase.mineduc.gob.gt\/wp-content\/uploads\/Practiquemos-CyL-Mate-4G.pdf&#8221;]<div id=\"1680121378039-dcc6144b-9b18\" class=\"dt-sc-empty-space\"><\/div><\/div>[\/vc_column][vc_column width=&#8221;1\/2&#8243;]<div class=\"ult-animation  ult-animate-viewport  ult-no-mobile \" data-animate=\"pulse\" data-animation-delay=\"0\" data-animation-duration=\"3\" data-animation-iteration=\"0.3\" style=\"opacity:0;\" data-opacity_start_effect=\"\"><div class=\"dt-sc-title with-image \"><h4><strong style=\"color:#1e73be\">Quinto grado Primaria<\/strong><\/h4><span><\/span><h6><\/h6><\/div><div id=\"1680121629853-d1e60ed2-1b32\" class=\"dt-sc-empty-space\"><\/div>[vc_single_image source=&#8221;external_link&#8221; external_img_size=&#8221;400&#215;515&#8243; external_style=&#8221;vc_box_border&#8221; external_border_color=&#8221;sky&#8221; onclick=&#8221;custom_link&#8221; img_link_target=&#8221;_blank&#8221; custom_src=&#8221;https:\/\/aprendoencasayenclase.mineduc.gob.gt\/wp-content\/uploads\/guia-quinto-grado.jpg&#8221; link=&#8221;https:\/\/aprendoencasayenclase.mineduc.gob.gt\/wp-content\/uploads\/Practiquemos-CyL-Mate-5G.pdf&#8221;]<div id=\"1680121629890-f01f41d1-6c13\" class=\"dt-sc-empty-space\"><\/div><\/div>[\/vc_column][\/vc_row][vc_row][vc_column width=&#8221;1\/2&#8243;]<div class=\"ult-animation  ult-animate-viewport  ult-no-mobile \" data-animate=\"pulse\" data-animation-delay=\"0\" data-animation-duration=\"3\" data-animation-iteration=\"0.3\" style=\"opacity:0;\" data-opacity_start_effect=\"\"><div class=\"dt-sc-title with-image \"><h4><strong style=\"color:#1e73be\">Sexto grado Primaria<\/strong><\/h4><span><\/span><h6><\/h6><\/div><div id=\"1680121629767-fa4c5b62-6f6d\" class=\"dt-sc-empty-space\"><\/div>[vc_single_image source=&#8221;external_link&#8221; external_img_size=&#8221;400&#215;515&#8243; external_style=&#8221;vc_box_border&#8221; external_border_color=&#8221;sky&#8221; onclick=&#8221;custom_link&#8221; img_link_target=&#8221;_blank&#8221; custom_src=&#8221;https:\/\/aprendoencasayenclase.mineduc.gob.gt\/wp-content\/uploads\/guia-sexto-grado.jpg&#8221; link=&#8221;https:\/\/aprendoencasayenclase.mineduc.gob.gt\/wp-content\/uploads\/Practiquemos-CyL-Mate-6G.pdf&#8221;]<div id=\"1680121629810-61fe6c99-d115\" class=\"dt-sc-empty-space\"><\/div><div id=\"1680124736004-6b720dac-4498\" class=\"dt-sc-empty-space\"><\/div><\/div>[\/vc_column][vc_column width=&#8221;1\/2&#8243;][\/vc_column][\/vc_row][vc_row][vc_column]<div class=\"dt-sc-title with-image aligncenter\"><h4>Orientaciones a docentes para la elaboraci\u00f3n de Gu\u00edas de Autoaprendizaje, para atender estudiantes del Nivel de Educaci\u00f3n Media<\/h4><span><\/span><h6><\/h6><\/div><div class=\"dt-sc-title with-image aligncenter\"><h4><strong style=\"color:#1e73be\">Ciclo de Educaci\u00f3n Diversificada<\/strong><\/h4><span><\/span><h6><\/h6><\/div><div id=\"1681341784291-52a28684-09ff\" class=\"dt-sc-empty-space\"><\/div>[vc_single_image source=&#8221;external_link&#8221; external_img_size=&#8221;400&#215;515&#8243; alignment=&#8221;center&#8221; external_style=&#8221;vc_box_border&#8221; external_border_color=&#8221;sky&#8221; onclick=&#8221;custom_link&#8221; img_link_target=&#8221;_blank&#8221; custom_src=&#8221;https:\/\/aprendoencasayenclase.mineduc.gob.gt\/wp-content\/uploads\/Orientaciones-guias-diversificado.jpg&#8221; link=&#8221;https:\/\/aprendoencasayenclase.mineduc.gob.gt\/wp-content\/uploads\/Orientaciones-Diversificado.pdf&#8221;][\/vc_column][\/vc_row][vc_row][vc_column width=&#8221;1\/2&#8243;]<div class=\"dt-sc-title with-image \"><h4><strong style=\"color:#1e73be\">Primer grado B\u00e1sico<\/strong><\/h4><span><\/span><h6><\/h6><\/div><div id=\"1680122024241-7ee2ad89-eb08\" class=\"dt-sc-empty-space\"><\/div><div class=\"ult-animation  ult-animate-viewport  ult-no-mobile \" data-animate=\"pulse\" data-animation-delay=\"0\" data-animation-duration=\"3\" data-animation-iteration=\"0.3\" style=\"opacity:0;\" data-opacity_start_effect=\"\">[vc_single_image source=&#8221;external_link&#8221; external_img_size=&#8221;400&#215;515&#8243; external_style=&#8221;vc_box_border&#8221; external_border_color=&#8221;sky&#8221; onclick=&#8221;custom_link&#8221; img_link_target=&#8221;_blank&#8221; custom_src=&#8221;https:\/\/aprendoencasayenclase.mineduc.gob.gt\/wp-content\/uploads\/guia-primer-grado-basico.jpg&#8221; link=&#8221;https:\/\/aprendoencasayenclase.mineduc.gob.gt\/wp-content\/uploads\/Practiquemos-CyL-Mate-7G.pdf&#8221;]<\/div><div id=\"1680122024292-b88d7509-5de6\" class=\"dt-sc-empty-space\"><\/div>[\/vc_column][vc_column width=&#8221;1\/2&#8243;]<div class=\"dt-sc-title with-image \"><h4><strong style=\"color:#1e73be\">Segundo grado B\u00e1sico<\/strong><\/h4><span><\/span><h6><\/h6><\/div><div id=\"1680122024339-cfe9a0f1-d13d\" class=\"dt-sc-empty-space\"><\/div><div class=\"ult-animation  ult-animate-viewport  ult-no-mobile \" data-animate=\"pulse\" data-animation-delay=\"0\" data-animation-duration=\"3\" data-animation-iteration=\"0.3\" style=\"opacity:0;\" data-opacity_start_effect=\"\">[vc_single_image source=&#8221;external_link&#8221; external_img_size=&#8221;400&#215;515&#8243; external_style=&#8221;vc_box_border&#8221; external_border_color=&#8221;sky&#8221; onclick=&#8221;custom_link&#8221; img_link_target=&#8221;_blank&#8221; custom_src=&#8221;https:\/\/aprendoencasayenclase.mineduc.gob.gt\/wp-content\/uploads\/guia-segundo-grado-basico.jpg&#8221; link=&#8221;https:\/\/aprendoencasayenclase.mineduc.gob.gt\/wp-content\/uploads\/Practiquemos-CyL-Mate-8G.pdf&#8221;]<\/div><div id=\"1680122024387-acc00dce-51d4\" class=\"dt-sc-empty-space\"><\/div>[\/vc_column][\/vc_row][vc_row][vc_column width=&#8221;1\/2&#8243;]<div class=\"dt-sc-title with-image \"><h4><strong style=\"color:#1e73be\">Tercer grado B\u00e1sico<\/strong><\/h4><span><\/span><h6><\/h6><\/div><div id=\"1680122028656-c1f5d468-e10c\" class=\"dt-sc-empty-space\"><\/div><div class=\"ult-animation  ult-animate-viewport  ult-no-mobile \" data-animate=\"pulse\" data-animation-delay=\"0\" data-animation-duration=\"3\" data-animation-iteration=\"0.3\" style=\"opacity:0;\" data-opacity_start_effect=\"\">[vc_single_image source=&#8221;external_link&#8221; external_img_size=&#8221;400&#215;515&#8243; external_style=&#8221;vc_box_border&#8221; external_border_color=&#8221;sky&#8221; onclick=&#8221;custom_link&#8221; img_link_target=&#8221;_blank&#8221; custom_src=&#8221;https:\/\/aprendoencasayenclase.mineduc.gob.gt\/wp-content\/uploads\/guia-tercer-grado-basico.jpg&#8221; link=&#8221;https:\/\/aprendoencasayenclase.mineduc.gob.gt\/wp-content\/uploads\/Practiquemos-CyL-Mate-9G.pdf&#8221;]<\/div><div id=\"1680122028706-c384fe51-c54f\" class=\"dt-sc-empty-space\"><\/div>[\/vc_column][\/vc_row]\n","protected":false},"excerpt":{"rendered":"<p>[vc_row][vc_column][vc_column_text]D\u00e9 clic sobre las im\u00e1genes para ver m\u00e1s informaci\u00f3n.[\/vc_column_text][vc_single_image source=&#8221;external_link&#8221; external_img_size=&#8221;400&#215;515&#8243; alignment=&#8221;center&#8221; external_style=&#8221;vc_box_border&#8221; external_border_color=&#8221;sky&#8221; onclick=&#8221;custom_link&#8221; img_link_target=&#8221;_blank&#8221; custom_src=&#8221;https:\/\/aprendoencasayenclase.mineduc.gob.gt\/wp-content\/uploads\/Orientaciones-situaciones-emergencia-preprimaria.jpg&#8221; link=&#8221;https:\/\/aprendoencasayenclase.mineduc.gob.gt\/wp-content\/uploads\/Orientaciones-preprimaria.pdf&#8221;][\/vc_column][\/vc_row][vc_row][vc_column][\/vc_column][\/vc_row][vc_row][vc_column][\/vc_column][\/vc_row][vc_row][vc_column][\/vc_column][\/vc_row][vc_row][vc_column width=&#8221;1\/2&#8243;][\/vc_column][vc_column width=&#8221;1\/2&#8243;][\/vc_column][\/vc_row][vc_row][vc_column width=&#8221;1\/2&#8243;][\/vc_column][vc_column width=&#8221;1\/2&#8243;][\/vc_column][\/vc_row][vc_row][vc_column width=&#8221;1\/2&#8243;][\/vc_column][vc_column width=&#8221;1\/2&#8243;][\/vc_column][\/vc_row][vc_row][vc_column][vc_single_image source=&#8221;external_link&#8221; external_img_size=&#8221;400&#215;515&#8243; alignment=&#8221;center&#8221; external_style=&#8221;vc_box_border&#8221; external_border_color=&#8221;sky&#8221; onclick=&#8221;custom_link&#8221; img_link_target=&#8221;_blank&#8221; custom_src=&#8221;https:\/\/aprendoencasayenclase.mineduc.gob.gt\/wp-content\/uploads\/Orientaciones-guias-diversificado.jpg&#8221; link=&#8221;https:\/\/aprendoencasayenclase.mineduc.gob.gt\/wp-content\/uploads\/Orientaciones-Diversificado.pdf&#8221;][\/vc_column][\/vc_row][vc_row][vc_column width=&#8221;1\/2&#8243;][\/vc_column][vc_column width=&#8221;1\/2&#8243;][\/vc_column][\/vc_row][vc_row][vc_column width=&#8221;1\/2&#8243;][\/vc_column][\/vc_row]<\/p>\n","protected":false},"author":1,"featured_media":0,"parent":0,"menu_order":0,"comment_status":"closed","ping_status":"closed","template":"","meta":[],"yoast_head":"<!-- This site is optimized with the Yoast SEO plugin v19.6.1 - https:\/\/yoast.com\/wordpress\/plugins\/seo\/ -->\n<title>Practiquemos Comunicaci\u00f3n y Lenguaje y Matem\u00e1ticas - Aprendoencasayenclase<\/title>\n<meta name=\"robots\" content=\"index, follow, max-snippet:-1, max-image-preview:large, max-video-preview:-1\" \/>\n<link rel=\"canonical\" href=\"https:\/\/aprendoencasayenclase.mineduc.gob.gt\/index.php\/practiquemos-comunicacion-y-lenguaje-y-matematicas\/\" \/>\n<meta property=\"og:locale\" content=\"es_ES\" \/>\n<meta property=\"og:type\" content=\"article\" \/>\n<meta property=\"og:title\" content=\"Practiquemos Comunicaci\u00f3n y Lenguaje y Matem\u00e1ticas - Aprendoencasayenclase\" \/>\n<meta property=\"og:description\" content=\"[vc_row][vc_column][vc_column_text]D\u00e9 clic sobre las im\u00e1genes para ver m\u00e1s informaci\u00f3n.[\/vc_column_text][vc_single_image source=&#8221;external_link&#8221; external_img_size=&#8221;400&#215;515&#8243; alignment=&#8221;center&#8221; external_style=&#8221;vc_box_border&#8221; external_border_color=&#8221;sky&#8221; onclick=&#8221;custom_link&#8221; img_link_target=&#8221;_blank&#8221; custom_src=&#8221;https:\/\/aprendoencasayenclase.mineduc.gob.gt\/wp-content\/uploads\/Orientaciones-situaciones-emergencia-preprimaria.jpg&#8221; link=&#8221;https:\/\/aprendoencasayenclase.mineduc.gob.gt\/wp-content\/uploads\/Orientaciones-preprimaria.pdf&#8221;][\/vc_column][\/vc_row][vc_row][vc_column][\/vc_column][\/vc_row][vc_row][vc_column][\/vc_column][\/vc_row][vc_row][vc_column][\/vc_column][\/vc_row][vc_row][vc_column width=&#8221;1\/2&#8243;][\/vc_column][vc_column width=&#8221;1\/2&#8243;][\/vc_column][\/vc_row][vc_row][vc_column width=&#8221;1\/2&#8243;][\/vc_column][vc_column width=&#8221;1\/2&#8243;][\/vc_column][\/vc_row][vc_row][vc_column width=&#8221;1\/2&#8243;][\/vc_column][vc_column width=&#8221;1\/2&#8243;][\/vc_column][\/vc_row][vc_row][vc_column][vc_single_image source=&#8221;external_link&#8221; external_img_size=&#8221;400&#215;515&#8243; alignment=&#8221;center&#8221; external_style=&#8221;vc_box_border&#8221; external_border_color=&#8221;sky&#8221; onclick=&#8221;custom_link&#8221; img_link_target=&#8221;_blank&#8221; custom_src=&#8221;https:\/\/aprendoencasayenclase.mineduc.gob.gt\/wp-content\/uploads\/Orientaciones-guias-diversificado.jpg&#8221; link=&#8221;https:\/\/aprendoencasayenclase.mineduc.gob.gt\/wp-content\/uploads\/Orientaciones-Diversificado.pdf&#8221;][\/vc_column][\/vc_row][vc_row][vc_column width=&#8221;1\/2&#8243;][\/vc_column][vc_column width=&#8221;1\/2&#8243;][\/vc_column][\/vc_row][vc_row][vc_column width=&#8221;1\/2&#8243;][\/vc_column][\/vc_row]\" \/>\n<meta property=\"og:url\" content=\"https:\/\/aprendoencasayenclase.mineduc.gob.gt\/index.php\/practiquemos-comunicacion-y-lenguaje-y-matematicas\/\" \/>\n<meta property=\"og:site_name\" content=\"Aprendoencasayenclase\" \/>\n<meta property=\"article:modified_time\" content=\"2023-04-12T23:26:41+00:00\" \/>\n<meta name=\"twitter:card\" content=\"summary_large_image\" \/>\n<meta name=\"twitter:label1\" content=\"Est. reading time\" \/>\n\t<meta name=\"twitter:data1\" content=\"2 minutos\" \/>\n<script type=\"application\/ld+json\" class=\"yoast-schema-graph\">{\"@context\":\"https:\/\/schema.org\",\"@graph\":[{\"@type\":\"WebPage\",\"@id\":\"https:\/\/aprendoencasayenclase.mineduc.gob.gt\/index.php\/practiquemos-comunicacion-y-lenguaje-y-matematicas\/\",\"url\":\"https:\/\/aprendoencasayenclase.mineduc.gob.gt\/index.php\/practiquemos-comunicacion-y-lenguaje-y-matematicas\/\",\"name\":\"Practiquemos Comunicaci\u00f3n y Lenguaje y Matem\u00e1ticas - Aprendoencasayenclase\",\"isPartOf\":{\"@id\":\"https:\/\/aprendoencasayenclase.mineduc.gob.gt\/#website\"},\"datePublished\":\"2023-03-29T20:49:11+00:00\",\"dateModified\":\"2023-04-12T23:26:41+00:00\",\"breadcrumb\":{\"@id\":\"https:\/\/aprendoencasayenclase.mineduc.gob.gt\/index.php\/practiquemos-comunicacion-y-lenguaje-y-matematicas\/#breadcrumb\"},\"inLanguage\":\"es\",\"potentialAction\":[{\"@type\":\"ReadAction\",\"target\":[\"https:\/\/aprendoencasayenclase.mineduc.gob.gt\/index.php\/practiquemos-comunicacion-y-lenguaje-y-matematicas\/\"]}]},{\"@type\":\"BreadcrumbList\",\"@id\":\"https:\/\/aprendoencasayenclase.mineduc.gob.gt\/index.php\/practiquemos-comunicacion-y-lenguaje-y-matematicas\/#breadcrumb\",\"itemListElement\":[{\"@type\":\"ListItem\",\"position\":1,\"name\":\"Inicio\",\"item\":\"https:\/\/aprendoencasayenclase.mineduc.gob.gt\/\"},{\"@type\":\"ListItem\",\"position\":2,\"name\":\"Practiquemos Comunicaci\u00f3n y Lenguaje y Matem\u00e1ticas\"}]},{\"@type\":\"WebSite\",\"@id\":\"https:\/\/aprendoencasayenclase.mineduc.gob.gt\/#website\",\"url\":\"https:\/\/aprendoencasayenclase.mineduc.gob.gt\/\",\"name\":\"Aprendoencasa\",\"description\":\"Aprendo\",\"potentialAction\":[{\"@type\":\"SearchAction\",\"target\":{\"@type\":\"EntryPoint\",\"urlTemplate\":\"https:\/\/aprendoencasayenclase.mineduc.gob.gt\/?s={search_term_string}\"},\"query-input\":\"required name=search_term_string\"}],\"inLanguage\":\"es\"}]}<\/script>\n<!-- \/ Yoast SEO plugin. -->","yoast_head_json":{"title":"Practiquemos Comunicaci\u00f3n y Lenguaje y Matem\u00e1ticas - Aprendoencasayenclase","robots":{"index":"index","follow":"follow","max-snippet":"max-snippet:-1","max-image-preview":"max-image-preview:large","max-video-preview":"max-video-preview:-1"},"canonical":"https:\/\/aprendoencasayenclase.mineduc.gob.gt\/index.php\/practiquemos-comunicacion-y-lenguaje-y-matematicas\/","og_locale":"es_ES","og_type":"article","og_title":"Practiquemos Comunicaci\u00f3n y Lenguaje y Matem\u00e1ticas - Aprendoencasayenclase","og_description":"[vc_row][vc_column][vc_column_text]D\u00e9 clic sobre las im\u00e1genes para ver m\u00e1s informaci\u00f3n.[\/vc_column_text][vc_single_image source=&#8221;external_link&#8221; external_img_size=&#8221;400&#215;515&#8243; alignment=&#8221;center&#8221; external_style=&#8221;vc_box_border&#8221; external_border_color=&#8221;sky&#8221; onclick=&#8221;custom_link&#8221; img_link_target=&#8221;_blank&#8221; custom_src=&#8221;https:\/\/aprendoencasayenclase.mineduc.gob.gt\/wp-content\/uploads\/Orientaciones-situaciones-emergencia-preprimaria.jpg&#8221; link=&#8221;https:\/\/aprendoencasayenclase.mineduc.gob.gt\/wp-content\/uploads\/Orientaciones-preprimaria.pdf&#8221;][\/vc_column][\/vc_row][vc_row][vc_column][\/vc_column][\/vc_row][vc_row][vc_column][\/vc_column][\/vc_row][vc_row][vc_column][\/vc_column][\/vc_row][vc_row][vc_column width=&#8221;1\/2&#8243;][\/vc_column][vc_column width=&#8221;1\/2&#8243;][\/vc_column][\/vc_row][vc_row][vc_column width=&#8221;1\/2&#8243;][\/vc_column][vc_column width=&#8221;1\/2&#8243;][\/vc_column][\/vc_row][vc_row][vc_column width=&#8221;1\/2&#8243;][\/vc_column][vc_column width=&#8221;1\/2&#8243;][\/vc_column][\/vc_row][vc_row][vc_column][vc_single_image source=&#8221;external_link&#8221; external_img_size=&#8221;400&#215;515&#8243; alignment=&#8221;center&#8221; external_style=&#8221;vc_box_border&#8221; external_border_color=&#8221;sky&#8221; onclick=&#8221;custom_link&#8221; img_link_target=&#8221;_blank&#8221; custom_src=&#8221;https:\/\/aprendoencasayenclase.mineduc.gob.gt\/wp-content\/uploads\/Orientaciones-guias-diversificado.jpg&#8221; link=&#8221;https:\/\/aprendoencasayenclase.mineduc.gob.gt\/wp-content\/uploads\/Orientaciones-Diversificado.pdf&#8221;][\/vc_column][\/vc_row][vc_row][vc_column width=&#8221;1\/2&#8243;][\/vc_column][vc_column width=&#8221;1\/2&#8243;][\/vc_column][\/vc_row][vc_row][vc_column width=&#8221;1\/2&#8243;][\/vc_column][\/vc_row]","og_url":"https:\/\/aprendoencasayenclase.mineduc.gob.gt\/index.php\/practiquemos-comunicacion-y-lenguaje-y-matematicas\/","og_site_name":"Aprendoencasayenclase","article_modified_time":"2023-04-12T23:26:41+00:00","twitter_card":"summary_large_image","twitter_misc":{"Est. reading time":"2 minutos"},"schema":{"@context":"https:\/\/schema.org","@graph":[{"@type":"WebPage","@id":"https:\/\/aprendoencasayenclase.mineduc.gob.gt\/index.php\/practiquemos-comunicacion-y-lenguaje-y-matematicas\/","url":"https:\/\/aprendoencasayenclase.mineduc.gob.gt\/index.php\/practiquemos-comunicacion-y-lenguaje-y-matematicas\/","name":"Practiquemos Comunicaci\u00f3n y Lenguaje y Matem\u00e1ticas - Aprendoencasayenclase","isPartOf":{"@id":"https:\/\/aprendoencasayenclase.mineduc.gob.gt\/#website"},"datePublished":"2023-03-29T20:49:11+00:00","dateModified":"2023-04-12T23:26:41+00:00","breadcrumb":{"@id":"https:\/\/aprendoencasayenclase.mineduc.gob.gt\/index.php\/practiquemos-comunicacion-y-lenguaje-y-matematicas\/#breadcrumb"},"inLanguage":"es","potentialAction":[{"@type":"ReadAction","target":["https:\/\/aprendoencasayenclase.mineduc.gob.gt\/index.php\/practiquemos-comunicacion-y-lenguaje-y-matematicas\/"]}]},{"@type":"BreadcrumbList","@id":"https:\/\/aprendoencasayenclase.mineduc.gob.gt\/index.php\/practiquemos-comunicacion-y-lenguaje-y-matematicas\/#breadcrumb","itemListElement":[{"@type":"ListItem","position":1,"name":"Inicio","item":"https:\/\/aprendoencasayenclase.mineduc.gob.gt\/"},{"@type":"ListItem","position":2,"name":"Practiquemos Comunicaci\u00f3n y Lenguaje y Matem\u00e1ticas"}]},{"@type":"WebSite","@id":"https:\/\/aprendoencasayenclase.mineduc.gob.gt\/#website","url":"https:\/\/aprendoencasayenclase.mineduc.gob.gt\/","name":"Aprendoencasa","description":"Aprendo","potentialAction":[{"@type":"SearchAction","target":{"@type":"EntryPoint","urlTemplate":"https:\/\/aprendoencasayenclase.mineduc.gob.gt\/?s={search_term_string}"},"query-input":"required name=search_term_string"}],"inLanguage":"es"}]}},"_links":{"self":[{"href":"https:\/\/aprendoencasayenclase.mineduc.gob.gt\/index.php\/wp-json\/wp\/v2\/pages\/19806"}],"collection":[{"href":"https:\/\/aprendoencasayenclase.mineduc.gob.gt\/index.php\/wp-json\/wp\/v2\/pages"}],"about":[{"href":"https:\/\/aprendoencasayenclase.mineduc.gob.gt\/index.php\/wp-json\/wp\/v2\/types\/page"}],"author":[{"embeddable":true,"href":"https:\/\/aprendoencasayenclase.mineduc.gob.gt\/index.php\/wp-json\/wp\/v2\/users\/1"}],"replies":[{"embeddable":true,"href":"https:\/\/aprendoencasayenclase.mineduc.gob.gt\/index.php\/wp-json\/wp\/v2\/comments?post=19806"}],"version-history":[{"count":6,"href":"https:\/\/aprendoencasayenclase.mineduc.gob.gt\/index.php\/wp-json\/wp\/v2\/pages\/19806\/revisions"}],"predecessor-version":[{"id":19844,"href":"https:\/\/aprendoencasayenclase.mineduc.gob.gt\/index.php\/wp-json\/wp\/v2\/pages\/19806\/revisions\/19844"}],"wp:attachment":[{"href":"https:\/\/aprendoencasayenclase.mineduc.gob.gt\/index.php\/wp-json\/wp\/v2\/media?parent=19806"}],"curies":[{"name":"wp","href":"https:\/\/api.w.org\/{rel}","templated":true}]}}