{"id":19291,"date":"2022-06-02T16:39:12","date_gmt":"2022-06-02T22:39:12","guid":{"rendered":"https:\/\/aprendoencasayenclase.mineduc.gob.gt\/?page_id=19291"},"modified":"2023-10-23T10:58:09","modified_gmt":"2023-10-23T16:58:09","slug":"estrategia-de-mejoramiento-de-los-aprendizaje","status":"publish","type":"page","link":"https:\/\/aprendoencasayenclase.mineduc.gob.gt\/index.php\/estrategia-de-mejoramiento-de-los-aprendizaje\/","title":{"rendered":"Estrategia de mejoramiento de los aprendizajes"},"content":{"rendered":"[vc_row][vc_column][vc_column_text]D\u00e9 clic sobre las im\u00e1genes para ver m\u00e1s informaci\u00f3n.[\/vc_column_text]<div id=\"1608061698376-782ed56f-8546\" class=\"dt-sc-empty-space\"><\/div>[\/vc_column][\/vc_row][vc_row][vc_column width=&#8221;1\/2&#8243;]<div class=\"dt-sc-title with-image \"><h4><strong style=\"color:#1e73be\">Estrategia de Mejoramiento de los aprendizajes<\/strong><\/h4><span><\/span><h6><\/h6><\/div><div id=\"1654208001708-67236c99-f7fa\" class=\"dt-sc-empty-space\"><\/div><div class=\"ult-animation  ult-animate-viewport  ult-no-mobile \" data-animate=\"pulse\" data-animation-delay=\"0\" data-animation-duration=\"3\" data-animation-iteration=\"0.3\" style=\"opacity:0;\" data-opacity_start_effect=\"\">[vc_single_image source=&#8221;external_link&#8221; external_img_size=&#8221;450&#215;525&#8243; external_style=&#8221;vc_box_border&#8221; external_border_color=&#8221;sky&#8221; onclick=&#8221;custom_link&#8221; img_link_target=&#8221;_blank&#8221; custom_src=&#8221;https:\/\/aprendoencasayenclase.mineduc.gob.gt\/wp-content\/uploads\/Logo_estrategia.jpg&#8221; link=&#8221;https:\/\/aprendoencasayenclase.mineduc.gob.gt\/wp-content\/uploads\/Estrategia_de_Mejoramiento_de_los_Aprendizajes_2023.pdf&#8221;]<\/div><div id=\"1698080252820-ba8c2005-9493\" class=\"dt-sc-empty-space\"><\/div>[\/vc_column][vc_column width=&#8221;1\/2&#8243;]<div class=\"dt-sc-title with-image aligncenter\"><h4><strong style=\"color:#1e73be\">Organizaci\u00f3n de los Aprendizajes<\/strong><\/h4><span><\/span><h6><\/h6><\/div><div id=\"1654208001782-72a2e7bc-af8b\" class=\"dt-sc-empty-space\"><\/div><div class=\"ult-animation  ult-animate-viewport  ult-no-mobile \" data-animate=\"pulse\" data-animation-delay=\"0\" data-animation-duration=\"3\" data-animation-iteration=\"0.3\" style=\"opacity:0;\" data-opacity_start_effect=\"\">[vc_single_image source=&#8221;external_link&#8221; external_img_size=&#8221;750&#215;575&#8243; external_style=&#8221;vc_box_border&#8221; external_border_color=&#8221;sky&#8221; onclick=&#8221;custom_link&#8221; img_link_target=&#8221;_blank&#8221; custom_src=&#8221;https:\/\/aprendoencasayenclase.mineduc.gob.gt\/wp-content\/uploads\/Organizacion_de_los_Aprendizajes.jpg&#8221; link=&#8221;https:\/\/aprendoencasayenclase.mineduc.gob.gt\/wp-content\/uploads\/Organizacion_de_los_Aprendizajes.pdf&#8221;]<\/div><div id=\"1698080257958-81f9c612-8702\" class=\"dt-sc-empty-space\"><\/div>[\/vc_column][\/vc_row][vc_row][vc_column width=&#8221;1\/2&#8243;]<div class=\"dt-sc-title with-image Center\"><h4><strong style=\"color:#1e73be\">Manual para estudiantes Tutores<\/strong><\/h4><span><\/span><h6><\/h6><\/div><div id=\"1654208009235-96608540-7976\" class=\"dt-sc-empty-space\"><\/div><div class=\"ult-animation  ult-animate-viewport  ult-no-mobile \" data-animate=\"pulse\" data-animation-delay=\"0\" data-animation-duration=\"3\" data-animation-iteration=\"0.3\" style=\"opacity:0;\" data-opacity_start_effect=\"\">[vc_single_image source=&#8221;external_link&#8221; external_img_size=&#8221;400&#215;525&#8243; external_style=&#8221;vc_box_border&#8221; external_border_color=&#8221;sky&#8221; onclick=&#8221;custom_link&#8221; img_link_target=&#8221;_blank&#8221; custom_src=&#8221;https:\/\/aprendoencasayenclase.mineduc.gob.gt\/wp-content\/uploads\/Manual_para_estudiantes_tutores.jpg&#8221; link=&#8221;https:\/\/aprendoencasayenclase.mineduc.gob.gt\/wp-content\/uploads\/Manual_para_estudiantes_tutores.pdf&#8221;]<\/div><div id=\"1654208009261-3fd87ae7-0200\" class=\"dt-sc-empty-space\"><\/div>[\/vc_column][vc_column width=&#8221;1\/2&#8243;]<div class=\"dt-sc-title with-image alignleft\"><h4><strong style=\"color:#1e73be\">Lineamientos de bioseguridad para tutores<\/strong><\/h4><span><\/span><h6><\/h6><\/div><div id=\"1654208009300-245e6e8a-23bc\" class=\"dt-sc-empty-space\"><\/div><div class=\"ult-animation  ult-animate-viewport  ult-no-mobile \" data-animate=\"pulse\" data-animation-delay=\"0\" data-animation-duration=\"3\" data-animation-iteration=\"0.3\" style=\"opacity:0;\" data-opacity_start_effect=\"\">[vc_single_image source=&#8221;external_link&#8221; external_img_size=&#8221;400&#215;525&#8243; external_style=&#8221;vc_box_border&#8221; external_border_color=&#8221;sky&#8221; onclick=&#8221;custom_link&#8221; img_link_target=&#8221;_blank&#8221; custom_src=&#8221;https:\/\/aprendoencasayenclase.mineduc.gob.gt\/wp-content\/uploads\/Lineamientos_bioseguridad.jpg&#8221; link=&#8221;https:\/\/aprendoencasayenclase.mineduc.gob.gt\/wp-content\/uploads\/Lineamientos_de_biosegurida_para_tutores.pdf&#8221;]<\/div><div id=\"1654210909664-cfd5a4b0-7ac8\" class=\"dt-sc-empty-space\"><\/div>[\/vc_column][\/vc_row][vc_row][vc_column width=&#8221;1\/2&#8243;]<div class=\"dt-sc-title with-image \"><h4><strong style=\"color:#1e73be\">Instructivo docente EMA<\/strong><\/h4><span><\/span><h6><\/h6><\/div><div id=\"1654208810481-81c574d6-159e\" class=\"dt-sc-empty-space\"><\/div><div class=\"ult-animation  ult-animate-viewport  ult-no-mobile \" data-animate=\"pulse\" data-animation-delay=\"0\" data-animation-duration=\"3\" data-animation-iteration=\"0.3\" style=\"opacity:0;\" data-opacity_start_effect=\"\">[vc_single_image source=&#8221;external_link&#8221; external_img_size=&#8221;400&#215;525&#8243; external_style=&#8221;vc_box_border&#8221; external_border_color=&#8221;sky&#8221; onclick=&#8221;custom_link&#8221; img_link_target=&#8221;_blank&#8221; custom_src=&#8221;https:\/\/aprendoencasayenclase.mineduc.gob.gt\/wp-content\/uploads\/INSTRUCTIVO_DOCENTE_EMA.jpg&#8221; link=&#8221;https:\/\/aprendoencasayenclase.mineduc.gob.gt\/wp-content\/uploads\/INSTRUCTIVO_DOCENTE_EMA.pdf&#8221;]<\/div><div id=\"1654208810526-02126c33-086c\" class=\"dt-sc-empty-space\"><\/div>[\/vc_column][vc_column width=&#8221;1\/2&#8243;]<div class=\"dt-sc-title with-image \"><h4><strong style=\"color:#1e73be\">Estrategia de los Aprendizajes EMA<\/strong><\/h4><span><\/span><h6><\/h6><\/div><div id=\"1654208810573-bc4b47ab-665e\" class=\"dt-sc-empty-space\"><\/div><div class=\"ult-animation  ult-animate-viewport  ult-no-mobile \" data-animate=\"pulse\" data-animation-delay=\"0\" data-animation-duration=\"3\" data-animation-iteration=\"0.3\" style=\"opacity:0;\" data-opacity_start_effect=\"\">[vc_single_image source=&#8221;external_link&#8221; external_img_size=&#8221;400&#215;525&#8243; external_style=&#8221;vc_box_border&#8221; external_border_color=&#8221;sky&#8221; onclick=&#8221;custom_link&#8221; img_link_target=&#8221;_blank&#8221; custom_src=&#8221;https:\/\/aprendoencasayenclase.mineduc.gob.gt\/wp-content\/uploads\/Estrategia_de_los_Aprendizajes_EMA.jpg&#8221; link=&#8221;https:\/\/aprendoencasayenclase.mineduc.gob.gt\/wp-content\/uploads\/Estrategia_de_los_Aprendizajes_EMA.pdf&#8221;]<\/div><div id=\"1654210896526-ea060aa4-4bb0\" class=\"dt-sc-empty-space\"><\/div>[\/vc_column][\/vc_row]\n","protected":false},"excerpt":{"rendered":"<p>[vc_row][vc_column][vc_column_text]D\u00e9 clic sobre las im\u00e1genes para ver m\u00e1s informaci\u00f3n.[\/vc_column_text][\/vc_column][\/vc_row][vc_row][vc_column width=&#8221;1\/2&#8243;][\/vc_column][vc_column width=&#8221;1\/2&#8243;][\/vc_column][\/vc_row][vc_row][vc_column width=&#8221;1\/2&#8243;][\/vc_column][vc_column width=&#8221;1\/2&#8243;][\/vc_column][\/vc_row][vc_row][vc_column width=&#8221;1\/2&#8243;][\/vc_column][vc_column width=&#8221;1\/2&#8243;][\/vc_column][\/vc_row]<\/p>\n","protected":false},"author":1,"featured_media":0,"parent":0,"menu_order":0,"comment_status":"closed","ping_status":"closed","template":"","meta":[],"yoast_head":"<!-- This site is optimized with the Yoast SEO plugin v19.6.1 - https:\/\/yoast.com\/wordpress\/plugins\/seo\/ -->\n<title>Estrategia de mejoramiento de los aprendizajes - Aprendoencasayenclase<\/title>\n<meta name=\"robots\" content=\"index, follow, max-snippet:-1, max-image-preview:large, max-video-preview:-1\" \/>\n<link rel=\"canonical\" href=\"https:\/\/aprendoencasayenclase.mineduc.gob.gt\/index.php\/estrategia-de-mejoramiento-de-los-aprendizaje\/\" \/>\n<meta property=\"og:locale\" content=\"es_ES\" \/>\n<meta property=\"og:type\" content=\"article\" \/>\n<meta property=\"og:title\" content=\"Estrategia de mejoramiento de los aprendizajes - Aprendoencasayenclase\" \/>\n<meta property=\"og:description\" content=\"[vc_row][vc_column][vc_column_text]D\u00e9 clic sobre las im\u00e1genes para ver m\u00e1s informaci\u00f3n.[\/vc_column_text][\/vc_column][\/vc_row][vc_row][vc_column width=&#8221;1\/2&#8243;][\/vc_column][vc_column width=&#8221;1\/2&#8243;][\/vc_column][\/vc_row][vc_row][vc_column width=&#8221;1\/2&#8243;][\/vc_column][vc_column width=&#8221;1\/2&#8243;][\/vc_column][\/vc_row][vc_row][vc_column width=&#8221;1\/2&#8243;][\/vc_column][vc_column width=&#8221;1\/2&#8243;][\/vc_column][\/vc_row]\" \/>\n<meta property=\"og:url\" content=\"https:\/\/aprendoencasayenclase.mineduc.gob.gt\/index.php\/estrategia-de-mejoramiento-de-los-aprendizaje\/\" \/>\n<meta property=\"og:site_name\" content=\"Aprendoencasayenclase\" \/>\n<meta property=\"article:modified_time\" content=\"2023-10-23T16:58:09+00:00\" \/>\n<meta name=\"twitter:card\" content=\"summary_large_image\" \/>\n<meta name=\"twitter:label1\" content=\"Est. reading time\" \/>\n\t<meta name=\"twitter:data1\" content=\"1 minuto\" \/>\n<script type=\"application\/ld+json\" class=\"yoast-schema-graph\">{\"@context\":\"https:\/\/schema.org\",\"@graph\":[{\"@type\":\"WebPage\",\"@id\":\"https:\/\/aprendoencasayenclase.mineduc.gob.gt\/index.php\/estrategia-de-mejoramiento-de-los-aprendizaje\/\",\"url\":\"https:\/\/aprendoencasayenclase.mineduc.gob.gt\/index.php\/estrategia-de-mejoramiento-de-los-aprendizaje\/\",\"name\":\"Estrategia de mejoramiento de los aprendizajes - Aprendoencasayenclase\",\"isPartOf\":{\"@id\":\"https:\/\/aprendoencasayenclase.mineduc.gob.gt\/#website\"},\"datePublished\":\"2022-06-02T22:39:12+00:00\",\"dateModified\":\"2023-10-23T16:58:09+00:00\",\"breadcrumb\":{\"@id\":\"https:\/\/aprendoencasayenclase.mineduc.gob.gt\/index.php\/estrategia-de-mejoramiento-de-los-aprendizaje\/#breadcrumb\"},\"inLanguage\":\"es\",\"potentialAction\":[{\"@type\":\"ReadAction\",\"target\":[\"https:\/\/aprendoencasayenclase.mineduc.gob.gt\/index.php\/estrategia-de-mejoramiento-de-los-aprendizaje\/\"]}]},{\"@type\":\"BreadcrumbList\",\"@id\":\"https:\/\/aprendoencasayenclase.mineduc.gob.gt\/index.php\/estrategia-de-mejoramiento-de-los-aprendizaje\/#breadcrumb\",\"itemListElement\":[{\"@type\":\"ListItem\",\"position\":1,\"name\":\"Inicio\",\"item\":\"https:\/\/aprendoencasayenclase.mineduc.gob.gt\/\"},{\"@type\":\"ListItem\",\"position\":2,\"name\":\"Estrategia de mejoramiento de los aprendizajes\"}]},{\"@type\":\"WebSite\",\"@id\":\"https:\/\/aprendoencasayenclase.mineduc.gob.gt\/#website\",\"url\":\"https:\/\/aprendoencasayenclase.mineduc.gob.gt\/\",\"name\":\"Aprendoencasa\",\"description\":\"Aprendo\",\"potentialAction\":[{\"@type\":\"SearchAction\",\"target\":{\"@type\":\"EntryPoint\",\"urlTemplate\":\"https:\/\/aprendoencasayenclase.mineduc.gob.gt\/?s={search_term_string}\"},\"query-input\":\"required name=search_term_string\"}],\"inLanguage\":\"es\"}]}<\/script>\n<!-- \/ Yoast SEO plugin. -->","yoast_head_json":{"title":"Estrategia de mejoramiento de los aprendizajes - Aprendoencasayenclase","robots":{"index":"index","follow":"follow","max-snippet":"max-snippet:-1","max-image-preview":"max-image-preview:large","max-video-preview":"max-video-preview:-1"},"canonical":"https:\/\/aprendoencasayenclase.mineduc.gob.gt\/index.php\/estrategia-de-mejoramiento-de-los-aprendizaje\/","og_locale":"es_ES","og_type":"article","og_title":"Estrategia de mejoramiento de los aprendizajes - Aprendoencasayenclase","og_description":"[vc_row][vc_column][vc_column_text]D\u00e9 clic sobre las im\u00e1genes para ver m\u00e1s informaci\u00f3n.[\/vc_column_text][\/vc_column][\/vc_row][vc_row][vc_column width=&#8221;1\/2&#8243;][\/vc_column][vc_column width=&#8221;1\/2&#8243;][\/vc_column][\/vc_row][vc_row][vc_column width=&#8221;1\/2&#8243;][\/vc_column][vc_column width=&#8221;1\/2&#8243;][\/vc_column][\/vc_row][vc_row][vc_column width=&#8221;1\/2&#8243;][\/vc_column][vc_column width=&#8221;1\/2&#8243;][\/vc_column][\/vc_row]","og_url":"https:\/\/aprendoencasayenclase.mineduc.gob.gt\/index.php\/estrategia-de-mejoramiento-de-los-aprendizaje\/","og_site_name":"Aprendoencasayenclase","article_modified_time":"2023-10-23T16:58:09+00:00","twitter_card":"summary_large_image","twitter_misc":{"Est. reading time":"1 minuto"},"schema":{"@context":"https:\/\/schema.org","@graph":[{"@type":"WebPage","@id":"https:\/\/aprendoencasayenclase.mineduc.gob.gt\/index.php\/estrategia-de-mejoramiento-de-los-aprendizaje\/","url":"https:\/\/aprendoencasayenclase.mineduc.gob.gt\/index.php\/estrategia-de-mejoramiento-de-los-aprendizaje\/","name":"Estrategia de mejoramiento de los aprendizajes - Aprendoencasayenclase","isPartOf":{"@id":"https:\/\/aprendoencasayenclase.mineduc.gob.gt\/#website"},"datePublished":"2022-06-02T22:39:12+00:00","dateModified":"2023-10-23T16:58:09+00:00","breadcrumb":{"@id":"https:\/\/aprendoencasayenclase.mineduc.gob.gt\/index.php\/estrategia-de-mejoramiento-de-los-aprendizaje\/#breadcrumb"},"inLanguage":"es","potentialAction":[{"@type":"ReadAction","target":["https:\/\/aprendoencasayenclase.mineduc.gob.gt\/index.php\/estrategia-de-mejoramiento-de-los-aprendizaje\/"]}]},{"@type":"BreadcrumbList","@id":"https:\/\/aprendoencasayenclase.mineduc.gob.gt\/index.php\/estrategia-de-mejoramiento-de-los-aprendizaje\/#breadcrumb","itemListElement":[{"@type":"ListItem","position":1,"name":"Inicio","item":"https:\/\/aprendoencasayenclase.mineduc.gob.gt\/"},{"@type":"ListItem","position":2,"name":"Estrategia de mejoramiento de los aprendizajes"}]},{"@type":"WebSite","@id":"https:\/\/aprendoencasayenclase.mineduc.gob.gt\/#website","url":"https:\/\/aprendoencasayenclase.mineduc.gob.gt\/","name":"Aprendoencasa","description":"Aprendo","potentialAction":[{"@type":"SearchAction","target":{"@type":"EntryPoint","urlTemplate":"https:\/\/aprendoencasayenclase.mineduc.gob.gt\/?s={search_term_string}"},"query-input":"required name=search_term_string"}],"inLanguage":"es"}]}},"_links":{"self":[{"href":"https:\/\/aprendoencasayenclase.mineduc.gob.gt\/index.php\/wp-json\/wp\/v2\/pages\/19291"}],"collection":[{"href":"https:\/\/aprendoencasayenclase.mineduc.gob.gt\/index.php\/wp-json\/wp\/v2\/pages"}],"about":[{"href":"https:\/\/aprendoencasayenclase.mineduc.gob.gt\/index.php\/wp-json\/wp\/v2\/types\/page"}],"author":[{"embeddable":true,"href":"https:\/\/aprendoencasayenclase.mineduc.gob.gt\/index.php\/wp-json\/wp\/v2\/users\/1"}],"replies":[{"embeddable":true,"href":"https:\/\/aprendoencasayenclase.mineduc.gob.gt\/index.php\/wp-json\/wp\/v2\/comments?post=19291"}],"version-history":[{"count":18,"href":"https:\/\/aprendoencasayenclase.mineduc.gob.gt\/index.php\/wp-json\/wp\/v2\/pages\/19291\/revisions"}],"predecessor-version":[{"id":20079,"href":"https:\/\/aprendoencasayenclase.mineduc.gob.gt\/index.php\/wp-json\/wp\/v2\/pages\/19291\/revisions\/20079"}],"wp:attachment":[{"href":"https:\/\/aprendoencasayenclase.mineduc.gob.gt\/index.php\/wp-json\/wp\/v2\/media?parent=19291"}],"curies":[{"name":"wp","href":"https:\/\/api.w.org\/{rel}","templated":true}]}}