{"id":18332,"date":"2021-08-10T12:00:23","date_gmt":"2021-08-10T18:00:23","guid":{"rendered":"https:\/\/aprendoencasayenclase.mineduc.gob.gt\/?page_id=18332"},"modified":"2021-08-10T12:00:23","modified_gmt":"2021-08-10T18:00:23","slug":"sala-virtual-hewlett-packard","status":"publish","type":"page","link":"https:\/\/aprendoencasayenclase.mineduc.gob.gt\/index.php\/sala-virtual-hewlett-packard\/","title":{"rendered":"Sala virtual Hewlett Packard"},"content":{"rendered":"[vc_row][vc_column]<div class=\"dt-sc-title with-image alignleft\"><h3>Hewlett Packard<\/h3><span><\/span><h6><\/h6><\/div><div id=\"1604641594723-1dde5163-8849\" class=\"dt-sc-empty-space\"><\/div>[vc_column_text]<strong>Computadora Port\u00e1til Hewlett Packard <\/strong>con CPU Intel Core i3 10ma generaci\u00f3n, 8 GB de memoria DDR4, Intel Integrated UHD Graphics, Disco de estado s\u00f3lido de 256 GB, Wifi, Bluetooth, Pantalla 14\u201d WLED HD 1366 x 768, C\u00e1mara, Micr\u00f3fono, teclado en espa\u00f1ol, Sepeakers integradas, Bater\u00eda, Power Supply, Puertos Audio, HDMI, Headser, Power, 2x USB 3.1, USB tipo C, SD Card, Licencia de Microsoft Windows 10 Home Educacional, 3 a\u00f1os de garant\u00eda<\/p>\n<p><strong>Precio Unitario Q 4,750.00<\/strong>[\/vc_column_text]<div id=\"1604626699996-55c8ab56-a9dd\" class=\"dt-sc-empty-space\"><\/div>[vc_single_image image=&#8221;18322&#8243; img_size=&#8221;full&#8221; alignment=&#8221;center&#8221;][\/vc_column][\/vc_row]\n","protected":false},"excerpt":{"rendered":"<p>[vc_row][vc_column][vc_column_text]Computadora Port\u00e1til Hewlett Packard con CPU Intel Core i3 10ma generaci\u00f3n, 8 GB de memoria DDR4, Intel Integrated UHD Graphics, Disco de estado s\u00f3lido de 256 GB, Wifi, Bluetooth, Pantalla 14\u201d WLED HD 1366 x 768, C\u00e1mara, Micr\u00f3fono, teclado en espa\u00f1ol, Sepeakers integradas, Bater\u00eda, Power Supply, Puertos Audio, HDMI, Headser, Power, 2x USB 3.1, USB<a class=\"moretag\" href=\"https:\/\/aprendoencasayenclase.mineduc.gob.gt\/index.php\/sala-virtual-hewlett-packard\/\"> Continuar&#8230;<\/a><\/p>\n","protected":false},"author":1,"featured_media":0,"parent":0,"menu_order":0,"comment_status":"closed","ping_status":"closed","template":"","meta":[],"yoast_head":"<!-- This site is optimized with the Yoast SEO plugin v19.6.1 - https:\/\/yoast.com\/wordpress\/plugins\/seo\/ -->\n<title>Sala virtual Hewlett Packard - Aprendoencasayenclase<\/title>\n<meta name=\"robots\" content=\"index, follow, max-snippet:-1, max-image-preview:large, max-video-preview:-1\" \/>\n<link rel=\"canonical\" href=\"https:\/\/aprendoencasayenclase.mineduc.gob.gt\/index.php\/sala-virtual-hewlett-packard\/\" \/>\n<meta property=\"og:locale\" content=\"es_ES\" \/>\n<meta property=\"og:type\" content=\"article\" \/>\n<meta property=\"og:title\" content=\"Sala virtual Hewlett Packard - Aprendoencasayenclase\" \/>\n<meta property=\"og:description\" content=\"[vc_row][vc_column][vc_column_text]Computadora Port\u00e1til Hewlett Packard con CPU Intel Core i3 10ma generaci\u00f3n, 8 GB de memoria DDR4, Intel Integrated UHD Graphics, Disco de estado s\u00f3lido de 256 GB, Wifi, Bluetooth, Pantalla 14\u201d WLED HD 1366 x 768, C\u00e1mara, Micr\u00f3fono, teclado en espa\u00f1ol, Sepeakers integradas, Bater\u00eda, Power Supply, Puertos Audio, HDMI, Headser, Power, 2x USB 3.1, USB Continuar...\" \/>\n<meta property=\"og:url\" content=\"https:\/\/aprendoencasayenclase.mineduc.gob.gt\/index.php\/sala-virtual-hewlett-packard\/\" \/>\n<meta property=\"og:site_name\" content=\"Aprendoencasayenclase\" \/>\n<meta name=\"twitter:card\" content=\"summary_large_image\" \/>\n<meta name=\"twitter:label1\" content=\"Est. reading time\" \/>\n\t<meta name=\"twitter:data1\" content=\"1 minuto\" \/>\n<script type=\"application\/ld+json\" class=\"yoast-schema-graph\">{\"@context\":\"https:\/\/schema.org\",\"@graph\":[{\"@type\":\"WebPage\",\"@id\":\"https:\/\/aprendoencasayenclase.mineduc.gob.gt\/index.php\/sala-virtual-hewlett-packard\/\",\"url\":\"https:\/\/aprendoencasayenclase.mineduc.gob.gt\/index.php\/sala-virtual-hewlett-packard\/\",\"name\":\"Sala virtual Hewlett Packard - Aprendoencasayenclase\",\"isPartOf\":{\"@id\":\"https:\/\/aprendoencasayenclase.mineduc.gob.gt\/#website\"},\"datePublished\":\"2021-08-10T18:00:23+00:00\",\"dateModified\":\"2021-08-10T18:00:23+00:00\",\"breadcrumb\":{\"@id\":\"https:\/\/aprendoencasayenclase.mineduc.gob.gt\/index.php\/sala-virtual-hewlett-packard\/#breadcrumb\"},\"inLanguage\":\"es\",\"potentialAction\":[{\"@type\":\"ReadAction\",\"target\":[\"https:\/\/aprendoencasayenclase.mineduc.gob.gt\/index.php\/sala-virtual-hewlett-packard\/\"]}]},{\"@type\":\"BreadcrumbList\",\"@id\":\"https:\/\/aprendoencasayenclase.mineduc.gob.gt\/index.php\/sala-virtual-hewlett-packard\/#breadcrumb\",\"itemListElement\":[{\"@type\":\"ListItem\",\"position\":1,\"name\":\"Inicio\",\"item\":\"https:\/\/aprendoencasayenclase.mineduc.gob.gt\/\"},{\"@type\":\"ListItem\",\"position\":2,\"name\":\"Sala virtual Hewlett Packard\"}]},{\"@type\":\"WebSite\",\"@id\":\"https:\/\/aprendoencasayenclase.mineduc.gob.gt\/#website\",\"url\":\"https:\/\/aprendoencasayenclase.mineduc.gob.gt\/\",\"name\":\"Aprendoencasa\",\"description\":\"Aprendo\",\"potentialAction\":[{\"@type\":\"SearchAction\",\"target\":{\"@type\":\"EntryPoint\",\"urlTemplate\":\"https:\/\/aprendoencasayenclase.mineduc.gob.gt\/?s={search_term_string}\"},\"query-input\":\"required name=search_term_string\"}],\"inLanguage\":\"es\"}]}<\/script>\n<!-- \/ Yoast SEO plugin. -->","yoast_head_json":{"title":"Sala virtual Hewlett Packard - Aprendoencasayenclase","robots":{"index":"index","follow":"follow","max-snippet":"max-snippet:-1","max-image-preview":"max-image-preview:large","max-video-preview":"max-video-preview:-1"},"canonical":"https:\/\/aprendoencasayenclase.mineduc.gob.gt\/index.php\/sala-virtual-hewlett-packard\/","og_locale":"es_ES","og_type":"article","og_title":"Sala virtual Hewlett Packard - Aprendoencasayenclase","og_description":"[vc_row][vc_column][vc_column_text]Computadora Port\u00e1til Hewlett Packard con CPU Intel Core i3 10ma generaci\u00f3n, 8 GB de memoria DDR4, Intel Integrated UHD Graphics, Disco de estado s\u00f3lido de 256 GB, Wifi, Bluetooth, Pantalla 14\u201d WLED HD 1366 x 768, C\u00e1mara, Micr\u00f3fono, teclado en espa\u00f1ol, Sepeakers integradas, Bater\u00eda, Power Supply, Puertos Audio, HDMI, Headser, Power, 2x USB 3.1, USB Continuar...","og_url":"https:\/\/aprendoencasayenclase.mineduc.gob.gt\/index.php\/sala-virtual-hewlett-packard\/","og_site_name":"Aprendoencasayenclase","twitter_card":"summary_large_image","twitter_misc":{"Est. reading time":"1 minuto"},"schema":{"@context":"https:\/\/schema.org","@graph":[{"@type":"WebPage","@id":"https:\/\/aprendoencasayenclase.mineduc.gob.gt\/index.php\/sala-virtual-hewlett-packard\/","url":"https:\/\/aprendoencasayenclase.mineduc.gob.gt\/index.php\/sala-virtual-hewlett-packard\/","name":"Sala virtual Hewlett Packard - Aprendoencasayenclase","isPartOf":{"@id":"https:\/\/aprendoencasayenclase.mineduc.gob.gt\/#website"},"datePublished":"2021-08-10T18:00:23+00:00","dateModified":"2021-08-10T18:00:23+00:00","breadcrumb":{"@id":"https:\/\/aprendoencasayenclase.mineduc.gob.gt\/index.php\/sala-virtual-hewlett-packard\/#breadcrumb"},"inLanguage":"es","potentialAction":[{"@type":"ReadAction","target":["https:\/\/aprendoencasayenclase.mineduc.gob.gt\/index.php\/sala-virtual-hewlett-packard\/"]}]},{"@type":"BreadcrumbList","@id":"https:\/\/aprendoencasayenclase.mineduc.gob.gt\/index.php\/sala-virtual-hewlett-packard\/#breadcrumb","itemListElement":[{"@type":"ListItem","position":1,"name":"Inicio","item":"https:\/\/aprendoencasayenclase.mineduc.gob.gt\/"},{"@type":"ListItem","position":2,"name":"Sala virtual Hewlett Packard"}]},{"@type":"WebSite","@id":"https:\/\/aprendoencasayenclase.mineduc.gob.gt\/#website","url":"https:\/\/aprendoencasayenclase.mineduc.gob.gt\/","name":"Aprendoencasa","description":"Aprendo","potentialAction":[{"@type":"SearchAction","target":{"@type":"EntryPoint","urlTemplate":"https:\/\/aprendoencasayenclase.mineduc.gob.gt\/?s={search_term_string}"},"query-input":"required name=search_term_string"}],"inLanguage":"es"}]}},"_links":{"self":[{"href":"https:\/\/aprendoencasayenclase.mineduc.gob.gt\/index.php\/wp-json\/wp\/v2\/pages\/18332"}],"collection":[{"href":"https:\/\/aprendoencasayenclase.mineduc.gob.gt\/index.php\/wp-json\/wp\/v2\/pages"}],"about":[{"href":"https:\/\/aprendoencasayenclase.mineduc.gob.gt\/index.php\/wp-json\/wp\/v2\/types\/page"}],"author":[{"embeddable":true,"href":"https:\/\/aprendoencasayenclase.mineduc.gob.gt\/index.php\/wp-json\/wp\/v2\/users\/1"}],"replies":[{"embeddable":true,"href":"https:\/\/aprendoencasayenclase.mineduc.gob.gt\/index.php\/wp-json\/wp\/v2\/comments?post=18332"}],"version-history":[{"count":3,"href":"https:\/\/aprendoencasayenclase.mineduc.gob.gt\/index.php\/wp-json\/wp\/v2\/pages\/18332\/revisions"}],"predecessor-version":[{"id":18335,"href":"https:\/\/aprendoencasayenclase.mineduc.gob.gt\/index.php\/wp-json\/wp\/v2\/pages\/18332\/revisions\/18335"}],"wp:attachment":[{"href":"https:\/\/aprendoencasayenclase.mineduc.gob.gt\/index.php\/wp-json\/wp\/v2\/media?parent=18332"}],"curies":[{"name":"wp","href":"https:\/\/api.w.org\/{rel}","templated":true}]}}