{"id":16520,"date":"2021-02-10T13:05:29","date_gmt":"2021-02-10T19:05:29","guid":{"rendered":"https:\/\/aprendoencasa.mineduc.gob.gt\/?page_id=16520"},"modified":"2021-02-10T13:05:29","modified_gmt":"2021-02-10T19:05:29","slug":"prueba","status":"publish","type":"page","link":"https:\/\/aprendoencasayenclase.mineduc.gob.gt\/index.php\/prueba\/","title":{"rendered":"prueba de p\u00e1gina"},"content":{"rendered":"[vc_row][vc_column]<div class=\"ult-animation  ult-animate-viewport  ult-no-mobile \" data-animate=\"bounce\" data-animation-delay=\"0.5\" data-animation-duration=\"1\" data-animation-iteration=\"1\" style=\"opacity:0;\" data-opacity_start_effect=\"\"><div class=\"dt-sc-title with-image blue\"><h4>MINEDUC garantiza entrega de alimentos<strong style=\"color:#1e73be\">a estudiantes durante la emergencia<\/strong><\/h4><span><\/span><h6><\/h6><\/div><\/div><div id=\"1602544001286-befa5248-18e3\" class=\"dt-sc-empty-space\"><\/div>[vc_column_text]\n<p style=\"text-align: left;\">El presidente de la Rep\u00fablica, Alejandro Giammattei y la ministra de Educaci\u00f3n, Claudia Ru\u00edz de Estrada, implementaron las acciones para modificar la entrega de la Alimentaci\u00f3n Escolar a los alumnos, durante el tiempo que dure la suspensi\u00f3n de clases, tal y como lo logran el Acuerdo Ministerial 825-2020, publicado el lunes 23 de marzo del a\u00f1o en curso en el Diario Oficial.<\/p>\n<p style=\"text-align: left;\">Dicho Acuerdo permite a las Organizaciones de Padres de Familia (OFP) adquirir alimentos no perecederos durante esta emergencia, para los estudiantes de preprimaria y primaria de centros educativos del sector continuo continuo con este beneficio en sus hogares, medida que responde a las acciones de las autoridades para prevenir el contagio del coronavirus COVID-19.<\/p>\n<p style=\"text-align: left;\">Las OPF recibieron recursos a raz\u00f3n de Q4.00 diarios por estudiante;\u00a0Se facilitan listas de alimentos y recomendaciones para adquirir el mejor precio y calidad, espec\u00edficamente, se les brind\u00f3 el protocolo de seguridad para la entrega, tomando las medidas necesarias para evitar la entrega y la continuidad del programa de Alimentaci\u00f3n Escolar.<\/p>\n<p style=\"text-align: left;\">D\u00e9 clic sobre cada imagen para verlas m\u00e1s grandes.<\/p>\n[\/vc_column_text]<div id=\"1608065748227-75a4d9bc-07bd\" class=\"dt-sc-empty-space\"><\/div>[\/vc_column][\/vc_row][vc_row][vc_column]<div class=\"ult-animation  ult-animate-viewport  ult-no-mobile \" data-animate=\"bounce\" data-animation-delay=\"0.5\" data-animation-duration=\"1\" data-animation-iteration=\"1\" style=\"opacity:0;\" data-opacity_start_effect=\"\"><div class=\"dt-sc-title with-image aligncenter\"><h4>Alimentaci\u00f3n<strong style=\"color:#1e73be\">escolar<\/strong><\/h4><span><\/span><h6><\/h6><\/div><\/div><div class=\"ult-animation  ult-animate-viewport  ult-no-mobile \" data-animate=\"shake\" data-animation-delay=\"0\" data-animation-duration=\"3\" data-animation-iteration=\"1\" style=\"opacity:0;\" data-opacity_start_effect=\"\">[vc_single_image source=&#8221;external_link&#8221; alignment=&#8221;center&#8221; onclick=&#8221;img_link_large&#8221; img_link_target=&#8221;_blank&#8221; custom_src=&#8221;https:\/\/aprendoencasayenclase.mineduc.gob.gt\/images\/sampledata\/asimages\/alimentacion-escolar\/pdf\/Alimentaci%C3%B3n-Escolar-1.jpg&#8221;]<\/div><div id=\"1602542189449-712b61a4-9b67\" class=\"dt-sc-empty-space\"><\/div><div class=\"ult-animation  ult-animate-viewport  ult-no-mobile \" data-animate=\"bounce\" data-animation-delay=\"0.5\" data-animation-duration=\"1\" data-animation-iteration=\"1\" style=\"opacity:0;\" data-opacity_start_effect=\"\"><div class=\"dt-sc-title with-image aligncenter\"><h4>Pasos para<strong style=\"color:#1e73be\">la alimentaci\u00f3n escolar<\/strong><\/h4><span><\/span><h6><\/h6><\/div><\/div><div class=\"ult-animation  ult-animate-viewport  ult-no-mobile \" data-animate=\"shake\" data-animation-delay=\"0\" data-animation-duration=\"3\" data-animation-iteration=\"1\" style=\"opacity:0;\" data-opacity_start_effect=\"\">[vc_single_image source=&#8221;external_link&#8221; alignment=&#8221;center&#8221; onclick=&#8221;img_link_large&#8221; img_link_target=&#8221;_blank&#8221; custom_src=&#8221;https:\/\/aprendoencasayenclase.mineduc.gob.gt\/images\/sampledata\/asimages\/alimentacion-escolar\/pdf\/pasos-para-la-alimentaci%C3%B3n-escolar.jpg&#8221;]<\/div><div id=\"1602542501850-02efc1b3-3325\" class=\"dt-sc-empty-space\"><\/div><div class=\"ult-animation  ult-animate-viewport  ult-no-mobile \" data-animate=\"bounce\" data-animation-delay=\"0.5\" data-animation-duration=\"1\" data-animation-iteration=\"1\" style=\"opacity:0;\" data-opacity_start_effect=\"\"><div class=\"dt-sc-title with-image aligncenter\"><h4>Entrega<strong style=\"color:#1e73be\">de alimentos<\/strong><\/h4><span><\/span><h6><\/h6><\/div><\/div><div class=\"ult-animation  ult-animate-viewport  ult-no-mobile \" data-animate=\"shake\" data-animation-delay=\"0\" data-animation-duration=\"3\" data-animation-iteration=\"1\" style=\"opacity:0;\" data-opacity_start_effect=\"\">[vc_single_image source=&#8221;external_link&#8221; alignment=&#8221;center&#8221; onclick=&#8221;img_link_large&#8221; img_link_target=&#8221;_blank&#8221; custom_src=&#8221;https:\/\/aprendoencasayenclase.mineduc.gob.gt\/images\/sampledata\/asimages\/alimentacion-escolar\/pdf\/Entrega-de-Alimentos.jpg&#8221;]<\/div><div id=\"1602543990392-0e9fc76c-7d96\" class=\"dt-sc-empty-space\"><\/div>[\/vc_column][\/vc_row][vc_row equal_height=&#8221;yes&#8221; addstyles=&#8221;a:link {<br \/>\ncolor: #ffffff;<br \/>\n}<\/p>\n<p>\/* visited link *\/<br \/>\na:visited {<br \/>\ncolor: #ffffff;<br \/>\n}<\/p>\n<p>\/* mouse over link *\/<br \/>\na:hover {<br \/>\ncolor:#fffff;<br \/>\n}<\/p>\n<p>\/* selected link *\/<br \/>\na:active {<br \/>\ncolor:#ffffff;<br \/>\n}<br \/>\n\/* visited link *\/&#8221;][vc_column]<div class=\"carousel_items \"><div class=\"dt-sc-carousel-wrapper dt_carousel\" data-visible=\"6\" data-scroll=\"1\" data-auto=\"\" data-animation=\"scroll\"><div class='dt-sc-image-caption type6 cyan'><div class='dt-sc-image-wrapper'><img width=\"960\" height=\"720\" src=\"https:\/\/aprendoencasayenclase.mineduc.gob.gt\/wp-content\/uploads\/boton_97-Ministra-de-Educacion-monitorea-cuarta-entrega-de-Alimentacion-Escolar-en-San-Jose-del-Golfo.jpg\" class=\"attachment-full\" alt=\"\" loading=\"lazy\" srcset=\"https:\/\/aprendoencasayenclase.mineduc.gob.gt\/wp-content\/uploads\/boton_97-Ministra-de-Educacion-monitorea-cuarta-entrega-de-Alimentacion-Escolar-en-San-Jose-del-Golfo.jpg 960w, https:\/\/aprendoencasayenclase.mineduc.gob.gt\/wp-content\/uploads\/boton_97-Ministra-de-Educacion-monitorea-cuarta-entrega-de-Alimentacion-Escolar-en-San-Jose-del-Golfo-300x225.jpg 300w, https:\/\/aprendoencasayenclase.mineduc.gob.gt\/wp-content\/uploads\/boton_97-Ministra-de-Educacion-monitorea-cuarta-entrega-de-Alimentacion-Escolar-en-San-Jose-del-Golfo-768x576.jpg 768w, https:\/\/aprendoencasayenclase.mineduc.gob.gt\/wp-content\/uploads\/boton_97-Ministra-de-Educacion-monitorea-cuarta-entrega-de-Alimentacion-Escolar-en-San-Jose-del-Golfo-750x563.jpg 750w, https:\/\/aprendoencasayenclase.mineduc.gob.gt\/wp-content\/uploads\/boton_97-Ministra-de-Educacion-monitorea-cuarta-entrega-de-Alimentacion-Escolar-en-San-Jose-del-Golfo-540x405.jpg 540w, https:\/\/aprendoencasayenclase.mineduc.gob.gt\/wp-content\/uploads\/boton_97-Ministra-de-Educacion-monitorea-cuarta-entrega-de-Alimentacion-Escolar-en-San-Jose-del-Golfo-640x480.jpg 640w, https:\/\/aprendoencasayenclase.mineduc.gob.gt\/wp-content\/uploads\/boton_97-Ministra-de-Educacion-monitorea-cuarta-entrega-de-Alimentacion-Escolar-en-San-Jose-del-Golfo-510x383.jpg 510w, https:\/\/aprendoencasayenclase.mineduc.gob.gt\/wp-content\/uploads\/boton_97-Ministra-de-Educacion-monitorea-cuarta-entrega-de-Alimentacion-Escolar-en-San-Jose-del-Golfo-780x585.jpg 780w, https:\/\/aprendoencasayenclase.mineduc.gob.gt\/wp-content\/uploads\/boton_97-Ministra-de-Educacion-monitorea-cuarta-entrega-de-Alimentacion-Escolar-en-San-Jose-del-Golfo-500x375.jpg 500w\" sizes=\"(max-width: 960px) 100vw, 960px\" \/><\/div><div class='dt-sc-image-content'><div class='dt-sc-image-title'><h3><a href=\"https:\/\/aprendoencasa.mineduc.gob.gt\/index.php\/alimentacion-escolarid284\/\" target=\"_self\">Noticias institucionales<\/a><\/h3><\/div><p><\/p><\/div><\/div><div class='dt-sc-image-caption type6 green'><div class='dt-sc-image-wrapper'><img width=\"960\" height=\"720\" src=\"https:\/\/aprendoencasayenclase.mineduc.gob.gt\/wp-content\/uploads\/Guatemala-Occidente-Agosto-28.jpg\" class=\"attachment-full\" alt=\"\" loading=\"lazy\" srcset=\"https:\/\/aprendoencasayenclase.mineduc.gob.gt\/wp-content\/uploads\/Guatemala-Occidente-Agosto-28.jpg 960w, https:\/\/aprendoencasayenclase.mineduc.gob.gt\/wp-content\/uploads\/Guatemala-Occidente-Agosto-28-300x225.jpg 300w, https:\/\/aprendoencasayenclase.mineduc.gob.gt\/wp-content\/uploads\/Guatemala-Occidente-Agosto-28-768x576.jpg 768w, https:\/\/aprendoencasayenclase.mineduc.gob.gt\/wp-content\/uploads\/Guatemala-Occidente-Agosto-28-750x563.jpg 750w, https:\/\/aprendoencasayenclase.mineduc.gob.gt\/wp-content\/uploads\/Guatemala-Occidente-Agosto-28-540x405.jpg 540w, https:\/\/aprendoencasayenclase.mineduc.gob.gt\/wp-content\/uploads\/Guatemala-Occidente-Agosto-28-640x480.jpg 640w, https:\/\/aprendoencasayenclase.mineduc.gob.gt\/wp-content\/uploads\/Guatemala-Occidente-Agosto-28-510x383.jpg 510w, https:\/\/aprendoencasayenclase.mineduc.gob.gt\/wp-content\/uploads\/Guatemala-Occidente-Agosto-28-780x585.jpg 780w, https:\/\/aprendoencasayenclase.mineduc.gob.gt\/wp-content\/uploads\/Guatemala-Occidente-Agosto-28-500x375.jpg 500w\" sizes=\"(max-width: 960px) 100vw, 960px\" \/><\/div><div class='dt-sc-image-content'><div class='dt-sc-image-title'><h3><a href=\"https:\/\/aprendoencasa.mineduc.gob.gt\/index.php\/alimentacion-escolarid285\/\" target=\"_self\">Noticias departamentales<\/a><\/h3><\/div><p><\/p><\/div><\/div><\/div><\/div><div id=\"1608065693368-ffd5a70b-65a4\" class=\"dt-sc-empty-space\"><\/div>[\/vc_column][\/vc_row][vc_row][vc_column width=&#8221;1\/3&#8243;][\/vc_column][vc_column width=&#8221;2\/3&#8243;][\/vc_column][\/vc_row]\n","protected":false},"excerpt":{"rendered":"<p>[vc_row][vc_column][vc_column_text] El presidente de la Rep\u00fablica, Alejandro Giammattei y la ministra de Educaci\u00f3n, Claudia Ru\u00edz de Estrada, implementaron las acciones para modificar la entrega de la Alimentaci\u00f3n Escolar a los alumnos, durante el tiempo que dure la suspensi\u00f3n de clases, tal y como lo logran el Acuerdo Ministerial 825-2020, publicado el lunes 23 de marzo<a class=\"moretag\" href=\"https:\/\/aprendoencasayenclase.mineduc.gob.gt\/index.php\/prueba\/\"> Continuar&#8230;<\/a><\/p>\n","protected":false},"author":1,"featured_media":0,"parent":0,"menu_order":0,"comment_status":"closed","ping_status":"closed","template":"","meta":[],"yoast_head":"<!-- This site is optimized with the Yoast SEO plugin v19.6.1 - https:\/\/yoast.com\/wordpress\/plugins\/seo\/ -->\n<title>prueba de p\u00e1gina - Aprendoencasayenclase<\/title>\n<meta name=\"robots\" content=\"index, follow, max-snippet:-1, max-image-preview:large, max-video-preview:-1\" \/>\n<link rel=\"canonical\" href=\"https:\/\/aprendoencasayenclase.mineduc.gob.gt\/index.php\/prueba\/\" \/>\n<meta property=\"og:locale\" content=\"es_ES\" \/>\n<meta property=\"og:type\" content=\"article\" \/>\n<meta property=\"og:title\" content=\"prueba de p\u00e1gina - Aprendoencasayenclase\" \/>\n<meta property=\"og:description\" content=\"[vc_row][vc_column][vc_column_text] El presidente de la Rep\u00fablica, Alejandro Giammattei y la ministra de Educaci\u00f3n, Claudia Ru\u00edz de Estrada, implementaron las acciones para modificar la entrega de la Alimentaci\u00f3n Escolar a los alumnos, durante el tiempo que dure la suspensi\u00f3n de clases, tal y como lo logran el Acuerdo Ministerial 825-2020, publicado el lunes 23 de marzo Continuar...\" \/>\n<meta property=\"og:url\" content=\"https:\/\/aprendoencasayenclase.mineduc.gob.gt\/index.php\/prueba\/\" \/>\n<meta property=\"og:site_name\" content=\"Aprendoencasayenclase\" \/>\n<meta name=\"twitter:card\" content=\"summary_large_image\" \/>\n<meta name=\"twitter:label1\" content=\"Est. reading time\" \/>\n\t<meta name=\"twitter:data1\" content=\"4 minutos\" \/>\n<script type=\"application\/ld+json\" class=\"yoast-schema-graph\">{\"@context\":\"https:\/\/schema.org\",\"@graph\":[{\"@type\":\"WebPage\",\"@id\":\"https:\/\/aprendoencasayenclase.mineduc.gob.gt\/index.php\/prueba\/\",\"url\":\"https:\/\/aprendoencasayenclase.mineduc.gob.gt\/index.php\/prueba\/\",\"name\":\"prueba de p\u00e1gina - Aprendoencasayenclase\",\"isPartOf\":{\"@id\":\"https:\/\/aprendoencasayenclase.mineduc.gob.gt\/#website\"},\"datePublished\":\"2021-02-10T19:05:29+00:00\",\"dateModified\":\"2021-02-10T19:05:29+00:00\",\"breadcrumb\":{\"@id\":\"https:\/\/aprendoencasayenclase.mineduc.gob.gt\/index.php\/prueba\/#breadcrumb\"},\"inLanguage\":\"es\",\"potentialAction\":[{\"@type\":\"ReadAction\",\"target\":[\"https:\/\/aprendoencasayenclase.mineduc.gob.gt\/index.php\/prueba\/\"]}]},{\"@type\":\"BreadcrumbList\",\"@id\":\"https:\/\/aprendoencasayenclase.mineduc.gob.gt\/index.php\/prueba\/#breadcrumb\",\"itemListElement\":[{\"@type\":\"ListItem\",\"position\":1,\"name\":\"Inicio\",\"item\":\"https:\/\/aprendoencasayenclase.mineduc.gob.gt\/\"},{\"@type\":\"ListItem\",\"position\":2,\"name\":\"prueba de p\u00e1gina\"}]},{\"@type\":\"WebSite\",\"@id\":\"https:\/\/aprendoencasayenclase.mineduc.gob.gt\/#website\",\"url\":\"https:\/\/aprendoencasayenclase.mineduc.gob.gt\/\",\"name\":\"Aprendoencasa\",\"description\":\"Aprendo\",\"potentialAction\":[{\"@type\":\"SearchAction\",\"target\":{\"@type\":\"EntryPoint\",\"urlTemplate\":\"https:\/\/aprendoencasayenclase.mineduc.gob.gt\/?s={search_term_string}\"},\"query-input\":\"required name=search_term_string\"}],\"inLanguage\":\"es\"}]}<\/script>\n<!-- \/ Yoast SEO plugin. -->","yoast_head_json":{"title":"prueba de p\u00e1gina - Aprendoencasayenclase","robots":{"index":"index","follow":"follow","max-snippet":"max-snippet:-1","max-image-preview":"max-image-preview:large","max-video-preview":"max-video-preview:-1"},"canonical":"https:\/\/aprendoencasayenclase.mineduc.gob.gt\/index.php\/prueba\/","og_locale":"es_ES","og_type":"article","og_title":"prueba de p\u00e1gina - Aprendoencasayenclase","og_description":"[vc_row][vc_column][vc_column_text] El presidente de la Rep\u00fablica, Alejandro Giammattei y la ministra de Educaci\u00f3n, Claudia Ru\u00edz de Estrada, implementaron las acciones para modificar la entrega de la Alimentaci\u00f3n Escolar a los alumnos, durante el tiempo que dure la suspensi\u00f3n de clases, tal y como lo logran el Acuerdo Ministerial 825-2020, publicado el lunes 23 de marzo Continuar...","og_url":"https:\/\/aprendoencasayenclase.mineduc.gob.gt\/index.php\/prueba\/","og_site_name":"Aprendoencasayenclase","twitter_card":"summary_large_image","twitter_misc":{"Est. reading time":"4 minutos"},"schema":{"@context":"https:\/\/schema.org","@graph":[{"@type":"WebPage","@id":"https:\/\/aprendoencasayenclase.mineduc.gob.gt\/index.php\/prueba\/","url":"https:\/\/aprendoencasayenclase.mineduc.gob.gt\/index.php\/prueba\/","name":"prueba de p\u00e1gina - Aprendoencasayenclase","isPartOf":{"@id":"https:\/\/aprendoencasayenclase.mineduc.gob.gt\/#website"},"datePublished":"2021-02-10T19:05:29+00:00","dateModified":"2021-02-10T19:05:29+00:00","breadcrumb":{"@id":"https:\/\/aprendoencasayenclase.mineduc.gob.gt\/index.php\/prueba\/#breadcrumb"},"inLanguage":"es","potentialAction":[{"@type":"ReadAction","target":["https:\/\/aprendoencasayenclase.mineduc.gob.gt\/index.php\/prueba\/"]}]},{"@type":"BreadcrumbList","@id":"https:\/\/aprendoencasayenclase.mineduc.gob.gt\/index.php\/prueba\/#breadcrumb","itemListElement":[{"@type":"ListItem","position":1,"name":"Inicio","item":"https:\/\/aprendoencasayenclase.mineduc.gob.gt\/"},{"@type":"ListItem","position":2,"name":"prueba de p\u00e1gina"}]},{"@type":"WebSite","@id":"https:\/\/aprendoencasayenclase.mineduc.gob.gt\/#website","url":"https:\/\/aprendoencasayenclase.mineduc.gob.gt\/","name":"Aprendoencasa","description":"Aprendo","potentialAction":[{"@type":"SearchAction","target":{"@type":"EntryPoint","urlTemplate":"https:\/\/aprendoencasayenclase.mineduc.gob.gt\/?s={search_term_string}"},"query-input":"required name=search_term_string"}],"inLanguage":"es"}]}},"_links":{"self":[{"href":"https:\/\/aprendoencasayenclase.mineduc.gob.gt\/index.php\/wp-json\/wp\/v2\/pages\/16520"}],"collection":[{"href":"https:\/\/aprendoencasayenclase.mineduc.gob.gt\/index.php\/wp-json\/wp\/v2\/pages"}],"about":[{"href":"https:\/\/aprendoencasayenclase.mineduc.gob.gt\/index.php\/wp-json\/wp\/v2\/types\/page"}],"author":[{"embeddable":true,"href":"https:\/\/aprendoencasayenclase.mineduc.gob.gt\/index.php\/wp-json\/wp\/v2\/users\/1"}],"replies":[{"embeddable":true,"href":"https:\/\/aprendoencasayenclase.mineduc.gob.gt\/index.php\/wp-json\/wp\/v2\/comments?post=16520"}],"version-history":[{"count":1,"href":"https:\/\/aprendoencasayenclase.mineduc.gob.gt\/index.php\/wp-json\/wp\/v2\/pages\/16520\/revisions"}],"predecessor-version":[{"id":16521,"href":"https:\/\/aprendoencasayenclase.mineduc.gob.gt\/index.php\/wp-json\/wp\/v2\/pages\/16520\/revisions\/16521"}],"wp:attachment":[{"href":"https:\/\/aprendoencasayenclase.mineduc.gob.gt\/index.php\/wp-json\/wp\/v2\/media?parent=16520"}],"curies":[{"name":"wp","href":"https:\/\/api.w.org\/{rel}","templated":true}]}}