{"id":16260,"date":"2020-12-17T21:25:25","date_gmt":"2020-12-18T03:25:25","guid":{"rendered":"https:\/\/aprendoencasa.mineduc.gob.gt\/?page_id=16260"},"modified":"2020-12-19T18:24:58","modified_gmt":"2020-12-20T00:24:58","slug":"fundacion-hcg","status":"publish","type":"page","link":"https:\/\/aprendoencasayenclase.mineduc.gob.gt\/index.php\/fundacion-hcg\/","title":{"rendered":"Fundaci\u00f3n para el Enaltecimiento de la Herencia Cultural"},"content":{"rendered":"[vc_row equal_height=&#8221;yes&#8221; bg_type=&#8221;bg_color&#8221;][vc_column width=&#8221;3\/4&#8243;]<div class=\"dt-sc-title with-image \"><h4>Fundaci\u00f3n<strong style=\"color:#1e73be\">HCG<\/strong><\/h4><span><\/span><h6><\/h6><\/div><div id=\"1602126911217-39a20ca2-c195\" class=\"dt-sc-empty-space\"><\/div>[vc_column_text]Fundada en 2002, la Fundaci\u00f3n Herencia Cultural Guatemalteca (HCG) existe para proporcionar a las generaciones de guatemaltecos, actuales y futuras, concretos motivos de orgullo nacional y contribuir a fomentar el amor patrio y la dignidad ciudadana. Creemos que sin un aut\u00e9ntico y generalizado inter\u00e9s por nuestros or\u00edgenes, sin el conocimiento de nuestras grandezas y nuestras miserias, no s\u00f3lo no podremos forjar un mejor futuro sino tampoco tendremos identidad. Contamos con una amplia serie de recursos educativos de historia guatemalteca trabajados por profesionales guatemaltecos los cuales incluyen la colecci\u00f3n de Ciencias Sociales y Formaci\u00f3n Ciudadana &#8220;Conocer a Guatemala para Amarla&#8221; desde 4o primaria hasta 3o b\u00e1sico adem\u00e1s de la colecci\u00f3n de Historia General de Guatemala, auspiciada originalmente por la Asociaci\u00f3n de Amigos del Pa\u00eds.[\/vc_column_text]<div class=\" ubtn-ctn-center \"><a class=\"ubtn-link ult-adjust-bottom-margin ubtn-center ubtn-normal \" href=\"http:\/\/www.FundacionHCG.org\" target=\"_blank\" rel=\"noopener\" ><button type=\"button\" id=\"ubtn-6482\"  class=\"ubtn ult-adjust-bottom-margin ult-responsive ubtn-normal ubtn-top-bg  ulta-push  ubtn-sep-icon ubtn-sep-icon-left-push  ubtn-shd  ubtn-center  shd-top tooltip-69eafa4f931cf\"  data-hover=\"\" data-border-color=\"\" data-bg=\"#1e73be\" data-hover-bg=\"#1e73be\" data-border-hover=\"\" data-shadow-hover=\"0 -3px ;\" data-shadow-click=\"\" data-shadow=\"0 -5px ;\" data-shd-shadow=\"5\"  data-ultimate-target='#ubtn-6482'  data-responsive-json-new='{\"font-size\":\"\",\"line-height\":\"\"}'  style=\"font-weight:normal;border-radius:3px;border-width:1px;border-color:;border-style:double;box-shadow: 0 -5px ;background: #1e73be;color: #ffffff;\"><span class=\"ubtn-data ubtn-icon\"><i class=\"Defaults-arrow-circle-right\" style=\"font-size:32px;color:;\"><\/i><\/span><span class=\"ubtn-hover\" style=\"background-color:#1e73be\"><\/span><span class=\"ubtn-data ubtn-text \" >Entrar<\/span><\/button><\/a><\/div>[\/vc_column][vc_column width=&#8221;1\/4&#8243;][vc_column_text]\n<p style=\"text-align: left;\">Haz clic en la imagen para ir al sitio web.<\/p>\n[\/vc_column_text]<div class=\"ult-animation  ult-animate-viewport  ult-no-mobile \" data-animate=\"bounce\" data-animation-delay=\"0\" data-animation-duration=\"3\" data-animation-iteration=\"0.8\" style=\"opacity:0;\" data-opacity_start_effect=\"\">[vc_single_image source=&#8221;external_link&#8221; onclick=&#8221;custom_link&#8221; img_link_target=&#8221;_blank&#8221; link=&#8221;https:\/\/www.fundacionhcg.org\/&#8221; custom_src=&#8221;https:\/\/aprendoencasayenclase.mineduc.gob.gt\/images\/sampledata\/asimages\/bibliotecavirtual\/Logo-Herencia Cultural Guatemalteca.jpg&#8221;]<\/div>[\/vc_column][\/vc_row][vc_row][vc_column][vc_separator border_width=&#8221;2&#8243;]<div class=\"dt-sc-title with-image \"><h6>Recursos<\/h6><span><\/span><h6><\/h6><\/div><div id=\"dt-1607729204996-c57493a8-e487\" class=\"dt-custom-nav-wrapper none inline-horizontal\" data-default-decoration = \"none\" data-hover-decoration = \"none\"><div class=\"menu-recursos-container\"><ul id=\"menu-recursos\" class=\"custom-sub-nav dt-custom-nav\"><li id=\"menu-item-15174\" class=\"menu-item menu-item-type-post_type menu-item-object-page menu-item-15174\"><a href=\"https:\/\/aprendoencasayenclase.mineduc.gob.gt\/index.php\/tomi-digital\/\" class=\"item-has-icon icon-position-top-center\"><i class=\"menu-item-icon\"><\/i><span>Tommi digital<\/span><\/a><\/li>\n<li id=\"menu-item-15195\" class=\"menu-item menu-item-type-post_type menu-item-object-page menu-item-15195\"><a href=\"https:\/\/aprendoencasayenclase.mineduc.gob.gt\/index.php\/docentes\/\" class=\"item-has-icon icon-position-left\"><i class=\"menu-item-icon\"><\/i><span>Docentes<\/span><\/a><\/li>\n<li id=\"menu-item-15196\" class=\"menu-item menu-item-type-post_type menu-item-object-page menu-item-15196\"><a href=\"https:\/\/aprendoencasayenclase.mineduc.gob.gt\/index.php\/ebi\/\" class=\"item-has-icon icon-position-left\"><i class=\"menu-item-icon\"><\/i><span>EBI<\/span><\/a><\/li>\n<li id=\"menu-item-15197\" class=\"menu-item menu-item-type-post_type menu-item-object-page menu-item-15197\"><a href=\"https:\/\/aprendoencasayenclase.mineduc.gob.gt\/index.php\/oei\/\" class=\"item-has-icon icon-position-left\"><i class=\"menu-item-icon\"><\/i><span>OEI<\/span><\/a><\/li>\n<li id=\"menu-item-15199\" class=\"menu-item menu-item-type-post_type menu-item-object-page menu-item-15199\"><a href=\"https:\/\/aprendoencasayenclase.mineduc.gob.gt\/index.php\/wujapp\/\" class=\"item-has-icon icon-position-left\"><i class=\"menu-item-icon\"><\/i><span>WUJAPP<\/span><\/a><\/li>\n<li id=\"menu-item-15232\" class=\"menu-item menu-item-type-post_type menu-item-object-page menu-item-15232\"><a href=\"https:\/\/aprendoencasayenclase.mineduc.gob.gt\/index.php\/brain-pop-espanol\/\" class=\"item-has-icon icon-position-left\"><i class=\"menu-item-icon\"><\/i><span>Brain pop espa\u00f1ol<\/span><\/a><\/li>\n<li id=\"menu-item-15236\" class=\"menu-item menu-item-type-post_type menu-item-object-page menu-item-15236\"><a href=\"https:\/\/aprendoencasayenclase.mineduc.gob.gt\/index.php\/ensena-desde-casa-con-google\/\" class=\"item-has-icon icon-position-left\"><i class=\"menu-item-icon\"><\/i><span>Ense\u00f1a desde casa con Google<\/span><\/a><\/li>\n<li id=\"menu-item-15237\" class=\"menu-item menu-item-type-post_type menu-item-object-page menu-item-15237\"><a href=\"https:\/\/aprendoencasayenclase.mineduc.gob.gt\/index.php\/profuturo\/\" class=\"item-has-icon icon-position-left\"><i class=\"menu-item-icon\"><\/i><span>Profuturo<\/span><\/a><\/li>\n<li id=\"menu-item-15240\" class=\"menu-item menu-item-type-post_type menu-item-object-page menu-item-15240\"><a href=\"https:\/\/aprendoencasayenclase.mineduc.gob.gt\/index.php\/funsepa-coursera\/\" class=\"item-has-icon icon-position-left\"><i class=\"menu-item-icon\"><\/i><span>Funsepa \u2013 Cousera<\/span><\/a><\/li>\n<li id=\"menu-item-15241\" class=\"menu-item menu-item-type-post_type menu-item-object-page menu-item-15241\"><a href=\"https:\/\/aprendoencasayenclase.mineduc.gob.gt\/index.php\/pruebat\/\" class=\"item-has-icon icon-position-left\"><i class=\"menu-item-icon\"><\/i><span>Pruebat<\/span><\/a><\/li>\n<li id=\"menu-item-15252\" class=\"menu-item menu-item-type-post_type menu-item-object-page menu-item-15252\"><a href=\"https:\/\/aprendoencasayenclase.mineduc.gob.gt\/index.php\/israaid\/\" class=\"item-has-icon icon-position-left\"><i class=\"menu-item-icon\"><\/i><span>ISRAAID<\/span><\/a><\/li>\n<li id=\"menu-item-15287\" class=\"menu-item menu-item-type-post_type menu-item-object-page menu-item-15287\"><a href=\"https:\/\/aprendoencasayenclase.mineduc.gob.gt\/index.php\/piedrasanta\/\" class=\"item-has-icon icon-position-left\"><i class=\"menu-item-icon\"><\/i><span>Piedrasanta<\/span><\/a><\/li>\n<li id=\"menu-item-15288\" class=\"menu-item menu-item-type-post_type menu-item-object-page menu-item-15288\"><a href=\"https:\/\/aprendoencasayenclase.mineduc.gob.gt\/index.php\/jaworldwide\/\" class=\"item-has-icon icon-position-left\"><i class=\"menu-item-icon\"><\/i><span>Jaworldwide<\/span><\/a><\/li>\n<li id=\"menu-item-15289\" class=\"menu-item menu-item-type-post_type menu-item-object-page menu-item-15289\"><a href=\"https:\/\/aprendoencasayenclase.mineduc.gob.gt\/index.php\/twig-tigtag-y-tigtag-junior\/\" class=\"item-has-icon icon-position-left\"><i class=\"menu-item-icon\"><\/i><span>Twig, Tigtag y Tigtag Junior<\/span><\/a><\/li>\n<li id=\"menu-item-15290\" class=\"menu-item menu-item-type-post_type menu-item-object-page menu-item-15290\"><a href=\"https:\/\/aprendoencasayenclase.mineduc.gob.gt\/index.php\/sos-docente\/\" class=\"item-has-icon icon-position-left\"><i class=\"menu-item-icon\"><\/i><span>SOS \u2013 docente<\/span><\/a><\/li>\n<li id=\"menu-item-15291\" class=\"menu-item menu-item-type-post_type menu-item-object-page menu-item-15291\"><a href=\"https:\/\/aprendoencasayenclase.mineduc.gob.gt\/index.php\/mayawuj\/\" class=\"item-has-icon icon-position-left\"><i class=\"menu-item-icon\"><\/i><span>Maya\u2019 Wuj<\/span><\/a><\/li>\n<li id=\"menu-item-15292\" class=\"menu-item menu-item-type-post_type menu-item-object-page menu-item-15292\"><a href=\"https:\/\/aprendoencasayenclase.mineduc.gob.gt\/index.php\/oxford\/\" class=\"item-has-icon icon-position-left\"><i class=\"menu-item-icon\"><\/i><span>Oxford University Press<\/span><\/a><\/li>\n<li id=\"menu-item-16265\" class=\"menu-item menu-item-type-post_type menu-item-object-page menu-item-16265\"><a href=\"https:\/\/aprendoencasayenclase.mineduc.gob.gt\/index.php\/fundacion-hcg\/\" class=\"item-has-icon icon-position-left\"><i class=\"menu-item-icon\"><\/i><span>Fundaci\u00f3n para el Enaltecimiento de la Herencia Cultural<\/span><\/a><\/li>\n<li id=\"menu-item-17797\" class=\"menu-item menu-item-type-post_type menu-item-object-page menu-item-17797\"><a href=\"https:\/\/aprendoencasayenclase.mineduc.gob.gt\/index.php\/macmillan-education\/\" class=\"item-has-icon icon-position-left\"><i class=\"menu-item-icon\"><\/i><span>Macmillan education<\/span><\/a><\/li>\n<\/ul><\/div><\/div>[\/vc_column][\/vc_row][vc_row][vc_column]<div id=\"1608061381528-037c3c06-84ef\" class=\"dt-sc-empty-space\"><\/div>[\/vc_column][\/vc_row]\n","protected":false},"excerpt":{"rendered":"<p>[vc_row equal_height=&#8221;yes&#8221; bg_type=&#8221;bg_color&#8221;][vc_column width=&#8221;3\/4&#8243;][vc_column_text]Fundada en 2002, la Fundaci\u00f3n Herencia Cultural Guatemalteca (HCG) existe para proporcionar a las generaciones de guatemaltecos, actuales y futuras, concretos motivos de orgullo nacional y contribuir a fomentar el amor patrio y la dignidad ciudadana. Creemos que sin un aut\u00e9ntico y generalizado inter\u00e9s por nuestros or\u00edgenes, sin el conocimiento de nuestras<a class=\"moretag\" href=\"https:\/\/aprendoencasayenclase.mineduc.gob.gt\/index.php\/fundacion-hcg\/\"> Continuar&#8230;<\/a><\/p>\n","protected":false},"author":1,"featured_media":0,"parent":0,"menu_order":0,"comment_status":"closed","ping_status":"closed","template":"","meta":[],"yoast_head":"<!-- This site is optimized with the Yoast SEO plugin v19.6.1 - https:\/\/yoast.com\/wordpress\/plugins\/seo\/ -->\n<title>Fundaci\u00f3n para el Enaltecimiento de la Herencia Cultural - Aprendoencasayenclase<\/title>\n<meta name=\"robots\" content=\"index, follow, max-snippet:-1, max-image-preview:large, max-video-preview:-1\" \/>\n<link rel=\"canonical\" href=\"https:\/\/aprendoencasayenclase.mineduc.gob.gt\/index.php\/fundacion-hcg\/\" \/>\n<meta property=\"og:locale\" content=\"es_ES\" \/>\n<meta property=\"og:type\" content=\"article\" \/>\n<meta property=\"og:title\" content=\"Fundaci\u00f3n para el Enaltecimiento de la Herencia Cultural - Aprendoencasayenclase\" \/>\n<meta property=\"og:description\" content=\"[vc_row equal_height=&#8221;yes&#8221; bg_type=&#8221;bg_color&#8221;][vc_column width=&#8221;3\/4&#8243;][vc_column_text]Fundada en 2002, la Fundaci\u00f3n Herencia Cultural Guatemalteca (HCG) existe para proporcionar a las generaciones de guatemaltecos, actuales y futuras, concretos motivos de orgullo nacional y contribuir a fomentar el amor patrio y la dignidad ciudadana. Creemos que sin un aut\u00e9ntico y generalizado inter\u00e9s por nuestros or\u00edgenes, sin el conocimiento de nuestras Continuar...\" \/>\n<meta property=\"og:url\" content=\"https:\/\/aprendoencasayenclase.mineduc.gob.gt\/index.php\/fundacion-hcg\/\" \/>\n<meta property=\"og:site_name\" content=\"Aprendoencasayenclase\" \/>\n<meta property=\"article:modified_time\" content=\"2020-12-20T00:24:58+00:00\" \/>\n<meta name=\"twitter:card\" content=\"summary_large_image\" \/>\n<meta name=\"twitter:label1\" content=\"Est. reading time\" \/>\n\t<meta name=\"twitter:data1\" content=\"3 minutos\" \/>\n<script type=\"application\/ld+json\" class=\"yoast-schema-graph\">{\"@context\":\"https:\/\/schema.org\",\"@graph\":[{\"@type\":\"WebPage\",\"@id\":\"https:\/\/aprendoencasayenclase.mineduc.gob.gt\/index.php\/fundacion-hcg\/\",\"url\":\"https:\/\/aprendoencasayenclase.mineduc.gob.gt\/index.php\/fundacion-hcg\/\",\"name\":\"Fundaci\u00f3n para el Enaltecimiento de la Herencia Cultural - Aprendoencasayenclase\",\"isPartOf\":{\"@id\":\"https:\/\/aprendoencasayenclase.mineduc.gob.gt\/#website\"},\"datePublished\":\"2020-12-18T03:25:25+00:00\",\"dateModified\":\"2020-12-20T00:24:58+00:00\",\"breadcrumb\":{\"@id\":\"https:\/\/aprendoencasayenclase.mineduc.gob.gt\/index.php\/fundacion-hcg\/#breadcrumb\"},\"inLanguage\":\"es\",\"potentialAction\":[{\"@type\":\"ReadAction\",\"target\":[\"https:\/\/aprendoencasayenclase.mineduc.gob.gt\/index.php\/fundacion-hcg\/\"]}]},{\"@type\":\"BreadcrumbList\",\"@id\":\"https:\/\/aprendoencasayenclase.mineduc.gob.gt\/index.php\/fundacion-hcg\/#breadcrumb\",\"itemListElement\":[{\"@type\":\"ListItem\",\"position\":1,\"name\":\"Inicio\",\"item\":\"https:\/\/aprendoencasayenclase.mineduc.gob.gt\/\"},{\"@type\":\"ListItem\",\"position\":2,\"name\":\"Fundaci\u00f3n para el Enaltecimiento de la Herencia Cultural\"}]},{\"@type\":\"WebSite\",\"@id\":\"https:\/\/aprendoencasayenclase.mineduc.gob.gt\/#website\",\"url\":\"https:\/\/aprendoencasayenclase.mineduc.gob.gt\/\",\"name\":\"Aprendoencasa\",\"description\":\"Aprendo\",\"potentialAction\":[{\"@type\":\"SearchAction\",\"target\":{\"@type\":\"EntryPoint\",\"urlTemplate\":\"https:\/\/aprendoencasayenclase.mineduc.gob.gt\/?s={search_term_string}\"},\"query-input\":\"required name=search_term_string\"}],\"inLanguage\":\"es\"}]}<\/script>\n<!-- \/ Yoast SEO plugin. -->","yoast_head_json":{"title":"Fundaci\u00f3n para el Enaltecimiento de la Herencia Cultural - Aprendoencasayenclase","robots":{"index":"index","follow":"follow","max-snippet":"max-snippet:-1","max-image-preview":"max-image-preview:large","max-video-preview":"max-video-preview:-1"},"canonical":"https:\/\/aprendoencasayenclase.mineduc.gob.gt\/index.php\/fundacion-hcg\/","og_locale":"es_ES","og_type":"article","og_title":"Fundaci\u00f3n para el Enaltecimiento de la Herencia Cultural - Aprendoencasayenclase","og_description":"[vc_row equal_height=&#8221;yes&#8221; bg_type=&#8221;bg_color&#8221;][vc_column width=&#8221;3\/4&#8243;][vc_column_text]Fundada en 2002, la Fundaci\u00f3n Herencia Cultural Guatemalteca (HCG) existe para proporcionar a las generaciones de guatemaltecos, actuales y futuras, concretos motivos de orgullo nacional y contribuir a fomentar el amor patrio y la dignidad ciudadana. Creemos que sin un aut\u00e9ntico y generalizado inter\u00e9s por nuestros or\u00edgenes, sin el conocimiento de nuestras Continuar...","og_url":"https:\/\/aprendoencasayenclase.mineduc.gob.gt\/index.php\/fundacion-hcg\/","og_site_name":"Aprendoencasayenclase","article_modified_time":"2020-12-20T00:24:58+00:00","twitter_card":"summary_large_image","twitter_misc":{"Est. reading time":"3 minutos"},"schema":{"@context":"https:\/\/schema.org","@graph":[{"@type":"WebPage","@id":"https:\/\/aprendoencasayenclase.mineduc.gob.gt\/index.php\/fundacion-hcg\/","url":"https:\/\/aprendoencasayenclase.mineduc.gob.gt\/index.php\/fundacion-hcg\/","name":"Fundaci\u00f3n para el Enaltecimiento de la Herencia Cultural - Aprendoencasayenclase","isPartOf":{"@id":"https:\/\/aprendoencasayenclase.mineduc.gob.gt\/#website"},"datePublished":"2020-12-18T03:25:25+00:00","dateModified":"2020-12-20T00:24:58+00:00","breadcrumb":{"@id":"https:\/\/aprendoencasayenclase.mineduc.gob.gt\/index.php\/fundacion-hcg\/#breadcrumb"},"inLanguage":"es","potentialAction":[{"@type":"ReadAction","target":["https:\/\/aprendoencasayenclase.mineduc.gob.gt\/index.php\/fundacion-hcg\/"]}]},{"@type":"BreadcrumbList","@id":"https:\/\/aprendoencasayenclase.mineduc.gob.gt\/index.php\/fundacion-hcg\/#breadcrumb","itemListElement":[{"@type":"ListItem","position":1,"name":"Inicio","item":"https:\/\/aprendoencasayenclase.mineduc.gob.gt\/"},{"@type":"ListItem","position":2,"name":"Fundaci\u00f3n para el Enaltecimiento de la Herencia Cultural"}]},{"@type":"WebSite","@id":"https:\/\/aprendoencasayenclase.mineduc.gob.gt\/#website","url":"https:\/\/aprendoencasayenclase.mineduc.gob.gt\/","name":"Aprendoencasa","description":"Aprendo","potentialAction":[{"@type":"SearchAction","target":{"@type":"EntryPoint","urlTemplate":"https:\/\/aprendoencasayenclase.mineduc.gob.gt\/?s={search_term_string}"},"query-input":"required name=search_term_string"}],"inLanguage":"es"}]}},"_links":{"self":[{"href":"https:\/\/aprendoencasayenclase.mineduc.gob.gt\/index.php\/wp-json\/wp\/v2\/pages\/16260"}],"collection":[{"href":"https:\/\/aprendoencasayenclase.mineduc.gob.gt\/index.php\/wp-json\/wp\/v2\/pages"}],"about":[{"href":"https:\/\/aprendoencasayenclase.mineduc.gob.gt\/index.php\/wp-json\/wp\/v2\/types\/page"}],"author":[{"embeddable":true,"href":"https:\/\/aprendoencasayenclase.mineduc.gob.gt\/index.php\/wp-json\/wp\/v2\/users\/1"}],"replies":[{"embeddable":true,"href":"https:\/\/aprendoencasayenclase.mineduc.gob.gt\/index.php\/wp-json\/wp\/v2\/comments?post=16260"}],"version-history":[{"count":7,"href":"https:\/\/aprendoencasayenclase.mineduc.gob.gt\/index.php\/wp-json\/wp\/v2\/pages\/16260\/revisions"}],"predecessor-version":[{"id":18029,"href":"https:\/\/aprendoencasayenclase.mineduc.gob.gt\/index.php\/wp-json\/wp\/v2\/pages\/16260\/revisions\/18029"}],"wp:attachment":[{"href":"https:\/\/aprendoencasayenclase.mineduc.gob.gt\/index.php\/wp-json\/wp\/v2\/media?parent=16260"}],"curies":[{"name":"wp","href":"https:\/\/api.w.org\/{rel}","templated":true}]}}