{"id":15285,"date":"2020-12-04T00:18:42","date_gmt":"2020-12-04T06:18:42","guid":{"rendered":"https:\/\/aprendoencasa2.mineduc.gob.gt\/?page_id=15285"},"modified":"2020-12-19T18:23:50","modified_gmt":"2020-12-20T00:23:50","slug":"sos-docente","status":"publish","type":"page","link":"https:\/\/aprendoencasayenclase.mineduc.gob.gt\/index.php\/sos-docente\/","title":{"rendered":"SOS &#8211; docente"},"content":{"rendered":"[vc_row][vc_column width=&#8221;2\/3&#8243;]<div class=\"dt-sc-title with-image \"><h4>S.O.S.<strong style=\"color:#1e73be\">Docente<\/strong><\/h4><span><\/span><h6><\/h6><\/div><div id=\"1602126911217-39a20ca2-c195\" class=\"dt-sc-empty-space\"><\/div>[vc_column_text]\n<p style=\"text-align: left;\">S.O.S. Docente es un canal de comunicaci\u00f3n directa con los maestros del pa\u00eds, que funciona a trav\u00e9s de un chat robot de WhatsApp. El objetivo es ofrecerles todo un banco de recursos que los ayude a enriquecer sus clases.<\/p>\n[\/vc_column_text]<div class=\" ubtn-ctn-center \"><a class=\"ubtn-link ult-adjust-bottom-margin ubtn-center ubtn-normal \" href=\"https:\/\/www.funsepa.org\/sos-docente\" target=\"_blank\" rel=\"noopener\" ><button type=\"button\" id=\"ubtn-5659\"  class=\"ubtn ult-adjust-bottom-margin ult-responsive ubtn-normal ubtn-top-bg  ulta-push  ubtn-sep-icon ubtn-sep-icon-left-push  ubtn-shd  ubtn-center  shd-top tooltip-69d1c3cf58af2\"  data-hover=\"\" data-border-color=\"\" data-bg=\"#1e73be\" data-hover-bg=\"#1e73be\" data-border-hover=\"\" data-shadow-hover=\"0 -3px ;\" data-shadow-click=\"\" data-shadow=\"0 -5px ;\" data-shd-shadow=\"5\"  data-ultimate-target='#ubtn-5659'  data-responsive-json-new='{\"font-size\":\"\",\"line-height\":\"\"}'  style=\"font-weight:normal;border-radius:3px;border-width:1px;border-color:;border-style:double;box-shadow: 0 -5px ;background: #1e73be;color: #ffffff;\"><span class=\"ubtn-data ubtn-icon\"><i class=\"Defaults-arrow-circle-right\" style=\"font-size:32px;color:;\"><\/i><\/span><span class=\"ubtn-hover\" style=\"background-color:#1e73be\"><\/span><span class=\"ubtn-data ubtn-text \" >Entrar<\/span><\/button><\/a><\/div>[\/vc_column][vc_column width=&#8221;1\/3&#8243;][vc_column_text]\n<p style=\"text-align: left;\">Haz clic en la imagen para ir al sitio web.<\/p>\n[\/vc_column_text]<div class=\"ult-animation  ult-animate-viewport  ult-no-mobile \" data-animate=\"bounce\" data-animation-delay=\"0\" data-animation-duration=\"3\" data-animation-iteration=\"0.8\" style=\"opacity:0;\" data-opacity_start_effect=\"\">[vc_single_image source=&#8221;external_link&#8221; onclick=&#8221;custom_link&#8221; img_link_target=&#8221;_blank&#8221; link=&#8221;https:\/\/www.funsepa.org\/sos-docente&#8221; custom_src=&#8221;https:\/\/aprendoencasayenclase.mineduc.gob.gt\/images\/sampledata\/asimages\/bibliotecavirtual\/SOS-docente1.jpg&#8221;]<\/div>[\/vc_column][\/vc_row][vc_row][vc_column][vc_separator border_width=&#8221;2&#8243;]<div class=\"dt-sc-title with-image \"><h6>Recursos<\/h6><span><\/span><h6><\/h6><\/div><div id=\"dt-1607729069013-d5ff0703-5035\" class=\"dt-custom-nav-wrapper none inline-horizontal\" data-default-decoration = \"none\" data-hover-decoration = \"none\"><div class=\"menu-recursos-container\"><ul id=\"menu-recursos\" class=\"custom-sub-nav dt-custom-nav\"><li id=\"menu-item-15174\" class=\"menu-item menu-item-type-post_type menu-item-object-page menu-item-15174\"><a href=\"https:\/\/aprendoencasayenclase.mineduc.gob.gt\/index.php\/tomi-digital\/\" class=\"item-has-icon icon-position-top-center\"><i class=\"menu-item-icon\"><\/i><span>Tommi digital<\/span><\/a><\/li>\n<li id=\"menu-item-15195\" class=\"menu-item menu-item-type-post_type menu-item-object-page menu-item-15195\"><a href=\"https:\/\/aprendoencasayenclase.mineduc.gob.gt\/index.php\/docentes\/\" class=\"item-has-icon icon-position-left\"><i class=\"menu-item-icon\"><\/i><span>Docentes<\/span><\/a><\/li>\n<li id=\"menu-item-15196\" class=\"menu-item menu-item-type-post_type menu-item-object-page menu-item-15196\"><a href=\"https:\/\/aprendoencasayenclase.mineduc.gob.gt\/index.php\/ebi\/\" class=\"item-has-icon icon-position-left\"><i class=\"menu-item-icon\"><\/i><span>EBI<\/span><\/a><\/li>\n<li id=\"menu-item-15197\" class=\"menu-item menu-item-type-post_type menu-item-object-page menu-item-15197\"><a href=\"https:\/\/aprendoencasayenclase.mineduc.gob.gt\/index.php\/oei\/\" class=\"item-has-icon icon-position-left\"><i class=\"menu-item-icon\"><\/i><span>OEI<\/span><\/a><\/li>\n<li id=\"menu-item-15199\" class=\"menu-item menu-item-type-post_type menu-item-object-page menu-item-15199\"><a href=\"https:\/\/aprendoencasayenclase.mineduc.gob.gt\/index.php\/wujapp\/\" class=\"item-has-icon icon-position-left\"><i class=\"menu-item-icon\"><\/i><span>WUJAPP<\/span><\/a><\/li>\n<li id=\"menu-item-15232\" class=\"menu-item menu-item-type-post_type menu-item-object-page menu-item-15232\"><a href=\"https:\/\/aprendoencasayenclase.mineduc.gob.gt\/index.php\/brain-pop-espanol\/\" class=\"item-has-icon icon-position-left\"><i class=\"menu-item-icon\"><\/i><span>Brain pop espa\u00f1ol<\/span><\/a><\/li>\n<li id=\"menu-item-15236\" class=\"menu-item menu-item-type-post_type menu-item-object-page menu-item-15236\"><a href=\"https:\/\/aprendoencasayenclase.mineduc.gob.gt\/index.php\/ensena-desde-casa-con-google\/\" class=\"item-has-icon icon-position-left\"><i class=\"menu-item-icon\"><\/i><span>Ense\u00f1a desde casa con Google<\/span><\/a><\/li>\n<li id=\"menu-item-15237\" class=\"menu-item menu-item-type-post_type menu-item-object-page menu-item-15237\"><a href=\"https:\/\/aprendoencasayenclase.mineduc.gob.gt\/index.php\/profuturo\/\" class=\"item-has-icon icon-position-left\"><i class=\"menu-item-icon\"><\/i><span>Profuturo<\/span><\/a><\/li>\n<li id=\"menu-item-15240\" class=\"menu-item menu-item-type-post_type menu-item-object-page menu-item-15240\"><a href=\"https:\/\/aprendoencasayenclase.mineduc.gob.gt\/index.php\/funsepa-coursera\/\" class=\"item-has-icon icon-position-left\"><i class=\"menu-item-icon\"><\/i><span>Funsepa \u2013 Cousera<\/span><\/a><\/li>\n<li id=\"menu-item-15241\" class=\"menu-item menu-item-type-post_type menu-item-object-page menu-item-15241\"><a href=\"https:\/\/aprendoencasayenclase.mineduc.gob.gt\/index.php\/pruebat\/\" class=\"item-has-icon icon-position-left\"><i class=\"menu-item-icon\"><\/i><span>Pruebat<\/span><\/a><\/li>\n<li id=\"menu-item-15252\" class=\"menu-item menu-item-type-post_type menu-item-object-page menu-item-15252\"><a href=\"https:\/\/aprendoencasayenclase.mineduc.gob.gt\/index.php\/israaid\/\" class=\"item-has-icon icon-position-left\"><i class=\"menu-item-icon\"><\/i><span>ISRAAID<\/span><\/a><\/li>\n<li id=\"menu-item-15287\" class=\"menu-item menu-item-type-post_type menu-item-object-page menu-item-15287\"><a href=\"https:\/\/aprendoencasayenclase.mineduc.gob.gt\/index.php\/piedrasanta\/\" class=\"item-has-icon icon-position-left\"><i class=\"menu-item-icon\"><\/i><span>Piedrasanta<\/span><\/a><\/li>\n<li id=\"menu-item-15288\" class=\"menu-item menu-item-type-post_type menu-item-object-page menu-item-15288\"><a href=\"https:\/\/aprendoencasayenclase.mineduc.gob.gt\/index.php\/jaworldwide\/\" class=\"item-has-icon icon-position-left\"><i class=\"menu-item-icon\"><\/i><span>Jaworldwide<\/span><\/a><\/li>\n<li id=\"menu-item-15289\" class=\"menu-item menu-item-type-post_type menu-item-object-page menu-item-15289\"><a href=\"https:\/\/aprendoencasayenclase.mineduc.gob.gt\/index.php\/twig-tigtag-y-tigtag-junior\/\" class=\"item-has-icon icon-position-left\"><i class=\"menu-item-icon\"><\/i><span>Twig, Tigtag y Tigtag Junior<\/span><\/a><\/li>\n<li id=\"menu-item-15290\" class=\"menu-item menu-item-type-post_type menu-item-object-page menu-item-15290\"><a href=\"https:\/\/aprendoencasayenclase.mineduc.gob.gt\/index.php\/sos-docente\/\" class=\"item-has-icon icon-position-left\"><i class=\"menu-item-icon\"><\/i><span>SOS \u2013 docente<\/span><\/a><\/li>\n<li id=\"menu-item-15291\" class=\"menu-item menu-item-type-post_type menu-item-object-page menu-item-15291\"><a href=\"https:\/\/aprendoencasayenclase.mineduc.gob.gt\/index.php\/mayawuj\/\" class=\"item-has-icon icon-position-left\"><i class=\"menu-item-icon\"><\/i><span>Maya\u2019 Wuj<\/span><\/a><\/li>\n<li id=\"menu-item-15292\" class=\"menu-item menu-item-type-post_type menu-item-object-page menu-item-15292\"><a href=\"https:\/\/aprendoencasayenclase.mineduc.gob.gt\/index.php\/oxford\/\" class=\"item-has-icon icon-position-left\"><i class=\"menu-item-icon\"><\/i><span>Oxford University Press<\/span><\/a><\/li>\n<li id=\"menu-item-16265\" class=\"menu-item menu-item-type-post_type menu-item-object-page menu-item-16265\"><a href=\"https:\/\/aprendoencasayenclase.mineduc.gob.gt\/index.php\/fundacion-hcg\/\" class=\"item-has-icon icon-position-left\"><i class=\"menu-item-icon\"><\/i><span>Fundaci\u00f3n para el Enaltecimiento de la Herencia Cultural<\/span><\/a><\/li>\n<li id=\"menu-item-17797\" class=\"menu-item menu-item-type-post_type menu-item-object-page menu-item-17797\"><a href=\"https:\/\/aprendoencasayenclase.mineduc.gob.gt\/index.php\/macmillan-education\/\" class=\"item-has-icon icon-position-left\"><i class=\"menu-item-icon\"><\/i><span>Macmillan education<\/span><\/a><\/li>\n<\/ul><\/div><\/div>[\/vc_column][\/vc_row][vc_row][vc_column]<div id=\"1608061239149-7091d7df-e156\" class=\"dt-sc-empty-space\"><\/div>[\/vc_column][\/vc_row]\n","protected":false},"excerpt":{"rendered":"<p>[vc_row][vc_column width=&#8221;2\/3&#8243;][vc_column_text] S.O.S. Docente es un canal de comunicaci\u00f3n directa con los maestros del pa\u00eds, que funciona a trav\u00e9s de un chat robot de WhatsApp. El objetivo es ofrecerles todo un banco de recursos que los ayude a enriquecer sus clases. [\/vc_column_text][\/vc_column][vc_column width=&#8221;1\/3&#8243;][vc_column_text] Haz clic en la imagen para ir al sitio web. [\/vc_column_text][\/vc_column][\/vc_row][vc_row][vc_column][vc_separator border_width=&#8221;2&#8243;][\/vc_column][\/vc_row][vc_row][vc_column][\/vc_column][\/vc_row]<\/p>\n","protected":false},"author":1,"featured_media":0,"parent":0,"menu_order":0,"comment_status":"closed","ping_status":"closed","template":"","meta":[],"yoast_head":"<!-- This site is optimized with the Yoast SEO plugin v19.6.1 - https:\/\/yoast.com\/wordpress\/plugins\/seo\/ -->\n<title>SOS - docente - Aprendoencasayenclase<\/title>\n<meta name=\"robots\" content=\"index, follow, max-snippet:-1, max-image-preview:large, max-video-preview:-1\" \/>\n<link rel=\"canonical\" href=\"https:\/\/aprendoencasayenclase.mineduc.gob.gt\/index.php\/sos-docente\/\" \/>\n<meta property=\"og:locale\" content=\"es_ES\" \/>\n<meta property=\"og:type\" content=\"article\" \/>\n<meta property=\"og:title\" content=\"SOS - docente - Aprendoencasayenclase\" \/>\n<meta property=\"og:description\" content=\"[vc_row][vc_column width=&#8221;2\/3&#8243;][vc_column_text] S.O.S. Docente es un canal de comunicaci\u00f3n directa con los maestros del pa\u00eds, que funciona a trav\u00e9s de un chat robot de WhatsApp. El objetivo es ofrecerles todo un banco de recursos que los ayude a enriquecer sus clases. [\/vc_column_text][\/vc_column][vc_column width=&#8221;1\/3&#8243;][vc_column_text] Haz clic en la imagen para ir al sitio web. [\/vc_column_text][\/vc_column][\/vc_row][vc_row][vc_column][vc_separator border_width=&#8221;2&#8243;][\/vc_column][\/vc_row][vc_row][vc_column][\/vc_column][\/vc_row]\" \/>\n<meta property=\"og:url\" content=\"https:\/\/aprendoencasayenclase.mineduc.gob.gt\/index.php\/sos-docente\/\" \/>\n<meta property=\"og:site_name\" content=\"Aprendoencasayenclase\" \/>\n<meta property=\"article:modified_time\" content=\"2020-12-20T00:23:50+00:00\" \/>\n<meta name=\"twitter:card\" content=\"summary_large_image\" \/>\n<meta name=\"twitter:label1\" content=\"Est. reading time\" \/>\n\t<meta name=\"twitter:data1\" content=\"2 minutos\" \/>\n<script type=\"application\/ld+json\" class=\"yoast-schema-graph\">{\"@context\":\"https:\/\/schema.org\",\"@graph\":[{\"@type\":\"WebPage\",\"@id\":\"https:\/\/aprendoencasayenclase.mineduc.gob.gt\/index.php\/sos-docente\/\",\"url\":\"https:\/\/aprendoencasayenclase.mineduc.gob.gt\/index.php\/sos-docente\/\",\"name\":\"SOS - docente - Aprendoencasayenclase\",\"isPartOf\":{\"@id\":\"https:\/\/aprendoencasayenclase.mineduc.gob.gt\/#website\"},\"datePublished\":\"2020-12-04T06:18:42+00:00\",\"dateModified\":\"2020-12-20T00:23:50+00:00\",\"breadcrumb\":{\"@id\":\"https:\/\/aprendoencasayenclase.mineduc.gob.gt\/index.php\/sos-docente\/#breadcrumb\"},\"inLanguage\":\"es\",\"potentialAction\":[{\"@type\":\"ReadAction\",\"target\":[\"https:\/\/aprendoencasayenclase.mineduc.gob.gt\/index.php\/sos-docente\/\"]}]},{\"@type\":\"BreadcrumbList\",\"@id\":\"https:\/\/aprendoencasayenclase.mineduc.gob.gt\/index.php\/sos-docente\/#breadcrumb\",\"itemListElement\":[{\"@type\":\"ListItem\",\"position\":1,\"name\":\"Inicio\",\"item\":\"https:\/\/aprendoencasayenclase.mineduc.gob.gt\/\"},{\"@type\":\"ListItem\",\"position\":2,\"name\":\"SOS &#8211; docente\"}]},{\"@type\":\"WebSite\",\"@id\":\"https:\/\/aprendoencasayenclase.mineduc.gob.gt\/#website\",\"url\":\"https:\/\/aprendoencasayenclase.mineduc.gob.gt\/\",\"name\":\"Aprendoencasa\",\"description\":\"Aprendo\",\"potentialAction\":[{\"@type\":\"SearchAction\",\"target\":{\"@type\":\"EntryPoint\",\"urlTemplate\":\"https:\/\/aprendoencasayenclase.mineduc.gob.gt\/?s={search_term_string}\"},\"query-input\":\"required name=search_term_string\"}],\"inLanguage\":\"es\"}]}<\/script>\n<!-- \/ Yoast SEO plugin. -->","yoast_head_json":{"title":"SOS - docente - Aprendoencasayenclase","robots":{"index":"index","follow":"follow","max-snippet":"max-snippet:-1","max-image-preview":"max-image-preview:large","max-video-preview":"max-video-preview:-1"},"canonical":"https:\/\/aprendoencasayenclase.mineduc.gob.gt\/index.php\/sos-docente\/","og_locale":"es_ES","og_type":"article","og_title":"SOS - docente - Aprendoencasayenclase","og_description":"[vc_row][vc_column width=&#8221;2\/3&#8243;][vc_column_text] S.O.S. Docente es un canal de comunicaci\u00f3n directa con los maestros del pa\u00eds, que funciona a trav\u00e9s de un chat robot de WhatsApp. El objetivo es ofrecerles todo un banco de recursos que los ayude a enriquecer sus clases. [\/vc_column_text][\/vc_column][vc_column width=&#8221;1\/3&#8243;][vc_column_text] Haz clic en la imagen para ir al sitio web. [\/vc_column_text][\/vc_column][\/vc_row][vc_row][vc_column][vc_separator border_width=&#8221;2&#8243;][\/vc_column][\/vc_row][vc_row][vc_column][\/vc_column][\/vc_row]","og_url":"https:\/\/aprendoencasayenclase.mineduc.gob.gt\/index.php\/sos-docente\/","og_site_name":"Aprendoencasayenclase","article_modified_time":"2020-12-20T00:23:50+00:00","twitter_card":"summary_large_image","twitter_misc":{"Est. reading time":"2 minutos"},"schema":{"@context":"https:\/\/schema.org","@graph":[{"@type":"WebPage","@id":"https:\/\/aprendoencasayenclase.mineduc.gob.gt\/index.php\/sos-docente\/","url":"https:\/\/aprendoencasayenclase.mineduc.gob.gt\/index.php\/sos-docente\/","name":"SOS - docente - Aprendoencasayenclase","isPartOf":{"@id":"https:\/\/aprendoencasayenclase.mineduc.gob.gt\/#website"},"datePublished":"2020-12-04T06:18:42+00:00","dateModified":"2020-12-20T00:23:50+00:00","breadcrumb":{"@id":"https:\/\/aprendoencasayenclase.mineduc.gob.gt\/index.php\/sos-docente\/#breadcrumb"},"inLanguage":"es","potentialAction":[{"@type":"ReadAction","target":["https:\/\/aprendoencasayenclase.mineduc.gob.gt\/index.php\/sos-docente\/"]}]},{"@type":"BreadcrumbList","@id":"https:\/\/aprendoencasayenclase.mineduc.gob.gt\/index.php\/sos-docente\/#breadcrumb","itemListElement":[{"@type":"ListItem","position":1,"name":"Inicio","item":"https:\/\/aprendoencasayenclase.mineduc.gob.gt\/"},{"@type":"ListItem","position":2,"name":"SOS &#8211; docente"}]},{"@type":"WebSite","@id":"https:\/\/aprendoencasayenclase.mineduc.gob.gt\/#website","url":"https:\/\/aprendoencasayenclase.mineduc.gob.gt\/","name":"Aprendoencasa","description":"Aprendo","potentialAction":[{"@type":"SearchAction","target":{"@type":"EntryPoint","urlTemplate":"https:\/\/aprendoencasayenclase.mineduc.gob.gt\/?s={search_term_string}"},"query-input":"required name=search_term_string"}],"inLanguage":"es"}]}},"_links":{"self":[{"href":"https:\/\/aprendoencasayenclase.mineduc.gob.gt\/index.php\/wp-json\/wp\/v2\/pages\/15285"}],"collection":[{"href":"https:\/\/aprendoencasayenclase.mineduc.gob.gt\/index.php\/wp-json\/wp\/v2\/pages"}],"about":[{"href":"https:\/\/aprendoencasayenclase.mineduc.gob.gt\/index.php\/wp-json\/wp\/v2\/types\/page"}],"author":[{"embeddable":true,"href":"https:\/\/aprendoencasayenclase.mineduc.gob.gt\/index.php\/wp-json\/wp\/v2\/users\/1"}],"replies":[{"embeddable":true,"href":"https:\/\/aprendoencasayenclase.mineduc.gob.gt\/index.php\/wp-json\/wp\/v2\/comments?post=15285"}],"version-history":[{"count":6,"href":"https:\/\/aprendoencasayenclase.mineduc.gob.gt\/index.php\/wp-json\/wp\/v2\/pages\/15285\/revisions"}],"predecessor-version":[{"id":16328,"href":"https:\/\/aprendoencasayenclase.mineduc.gob.gt\/index.php\/wp-json\/wp\/v2\/pages\/15285\/revisions\/16328"}],"wp:attachment":[{"href":"https:\/\/aprendoencasayenclase.mineduc.gob.gt\/index.php\/wp-json\/wp\/v2\/media?parent=15285"}],"curies":[{"name":"wp","href":"https:\/\/api.w.org\/{rel}","templated":true}]}}