{"id":15279,"date":"2020-12-04T00:01:01","date_gmt":"2020-12-04T06:01:01","guid":{"rendered":"https:\/\/aprendoencasa2.mineduc.gob.gt\/?page_id=15279"},"modified":"2021-02-03T18:55:27","modified_gmt":"2021-02-04T00:55:27","slug":"oxford","status":"publish","type":"page","link":"https:\/\/aprendoencasayenclase.mineduc.gob.gt\/index.php\/oxford\/","title":{"rendered":"Oxford University Press"},"content":{"rendered":"[vc_row equal_height=&#8221;yes&#8221; bg_type=&#8221;bg_color&#8221;][vc_column width=&#8221;3\/4&#8243;]<div class=\"dt-sc-title with-image \"><h4>Oxford<strong style=\"color:#1e73be\">University Press<\/strong><\/h4><span><\/span><h6><\/h6><\/div><div id=\"1602126911217-39a20ca2-c195\" class=\"dt-sc-empty-space\"><\/div>[vc_column_text]Es un departamento de la universidad de Oxford, fundada en 1478, es hoy la mayor Editorial Universitaria del mundo y l\u00edder en publicaciones de libros y materiales digitales para la ense\u00f1anza del idioma ingl\u00e9s como lengua extranjera.<\/p>\n<p>Ofrece recursos gratuitos para todos los miembros de la comunidad educativa.[\/vc_column_text][\/vc_column][vc_column width=&#8221;1\/4&#8243;][vc_column_text]\n<p style=\"text-align: left;\">Haz clic en la imagen para ir al sitio web.<\/p>\n[\/vc_column_text]<div class=\"ult-animation  ult-animate-viewport  ult-no-mobile \" data-animate=\"bounce\" data-animation-delay=\"0\" data-animation-duration=\"3\" data-animation-iteration=\"0.8\" style=\"opacity:0;\" data-opacity_start_effect=\"\">[vc_single_image source=&#8221;external_link&#8221; onclick=&#8221;custom_link&#8221; img_link_target=&#8221;_blank&#8221; link=&#8221;https:\/\/elt.oup.com\/?cc=gt&amp;selLanguage=en&#8221; custom_src=&#8221;https:\/\/aprendoencasayenclase.mineduc.gob.gt\/images\/sampledata\/asimages\/bibliotecavirtual\/oxford_256.png&#8221;]<\/div>[\/vc_column][\/vc_row][vc_row][vc_column][vc_column_text]\n<div class=\"span6\">\n<h4>Recursos para maestros:<\/h4>\n<p><a title=\"Oxford Teacher\u2019s Club\" href=\"https:\/\/elt.oup.com\/teachersclub\/?cc=global&amp;selLanguage=en&amp;mode=hub\" target=\"_blank\" rel=\"noopener noreferrer\">Oxford Teacher\u2019s Club<\/a>\u00a0Encontrar\u00e1 del lado derecho de este sitio como los maestros pueden registrarse para tener acceso a los diferentes recursos de los diferentes temas y niveles. Adem\u00e1s, encontrar\u00e1 los diferentes accesos a todo lo relacionado con material para maestro, como blogs, webinars, art\u00edculos, etc.<\/p>\n<p>\u00danete a una comunidad de 1,2 millones de miembros y recibe noticias y recursos de ESL directamente en tu bandeja de entrada. Adem\u00e1s de m\u00e1s de 20.000 planes de lecciones, hojas de trabajo y actividades gratuitas, y acceso ilimitado a la biblioteca de seminarios web.<\/p>\n<p><a title=\"Focus Papers\" href=\"https:\/\/elt.oup.com\/teachers\/generalcontent\/focus-papers\/?cc=global&amp;selLanguage=en&amp;mode=hub\" target=\"_blank\" rel=\"noopener noreferrer\">Focus Papers<\/a>\u00a0and\u00a0<a href=\"https:\/\/elt.oup.com\/feature\/global\/expert\/?WT.ac=ww-ip-online&amp;cc=global&amp;selLanguage=en\" target=\"_blank\" rel=\"noopener noreferrer\">Position Papers<\/a>\u00a0son documentos que abarcan temas del uso de metodolog\u00eda en clase.<\/p>\n<p>Refuerce su ense\u00f1anza con los consejos y conocimientos de nuestro panel de expertos. Basados en la investigaci\u00f3n y la pr\u00e1ctica en el aula, nuestros documentos de posici\u00f3n ofrecen una gu\u00eda pr\u00e1ctica sobre los principales temas que conforman la ense\u00f1anza de idiomas. Nuestros documentos de enfoque m\u00e1s peque\u00f1os ofrecen ideas y consejos para el aula.<\/p>\n<p><a title=\"Webinars\" href=\"https:\/\/elt.oup.com\/feature\/global\/webinars\/?cc=global&amp;selLanguage=en\" target=\"_blank\" rel=\"noopener noreferrer\">Webinars<\/a>\u00a0son todos los entrenamientos en l\u00ednea que desarrollan expertos en ELT, pueden registrarse para recibir los eventos que vienen o pueden ver nuevamente los webinars que se han dado con anterioridad.<\/p>\n<p>Acceda al desarrollo profesional de alta calidad de los expertos en ELT. Visite nuestra p\u00e1gina para ver las pr\u00f3ximas sesiones, los principales consejos y nuestra biblioteca de seminarios web.<\/p>\n<h4>Recursos para estudiantes<\/h4>\n<h5><strong>Preprimaria<\/strong><\/h5>\n<p><a title=\"Show &amp; Tell\" href=\"https:\/\/elt.oup.com\/student\/showandtell\/?cc=global&amp;selLanguage=en\" target=\"_blank\" rel=\"noopener noreferrer\">Show &amp; Tell<\/a>\u00a0La 2\u00aa edici\u00f3n de Show and Tell se basa en su probada metodolog\u00eda, desarrollando las habilidades del siglo XXI en el pensamiento cr\u00edtico, la comunicaci\u00f3n, la colaboraci\u00f3n y la creatividad, para preparar a los estudiantes para el futuro \u00e9xito tanto dentro como fuera del aula.<\/p>\n<p><a title=\"Playtime\" href=\"https:\/\/elt.oup.com\/student\/playtime\/?cc=global&amp;selLanguage=en\" target=\"_blank\" rel=\"noopener noreferrer\">Playtime<\/a>\u00a0Esta nueva serie se centra en la vida real del entorno preescolar, un entorno familiar para que los peque\u00f1os empiecen a aprender ingl\u00e9s a trav\u00e9s de otras asignaturas.<\/p>\n<p><a title=\"First Friends\" href=\"https:\/\/elt.oup.com\/student\/firstfriends\/?cc=global&amp;selLanguage=en\" target=\"_blank\" rel=\"noopener noreferrer\">First Friends<\/a>\u00a0First Friends es un divertido curso de dos niveles para principiantes que desarrolla el vocabulario, practica la fon\u00e9tica y ense\u00f1a los valores familiares.<\/p>\n<h5>Primaria<\/h5>\n<p><a title=\"American Family and Friends\" href=\"https:\/\/elt.oup.com\/student\/americanfamilyandfriends\/?cc=global&amp;selLanguage=en\" target=\"_blank\" rel=\"noopener noreferrer\">American Family and Friends<\/a>\u00a0Los profesores aman American Family and Friends. La estructura clara, el programa de estudios de ritmo r\u00e1pido, las canciones e historias atractivas y los recursos de evaluaci\u00f3n exhaustiva lo convierten en uno de los cursos m\u00e1s populares del mundo para los j\u00f3venes estudiantes. Y ahora est\u00e1 mejor que nunca.<\/p>\n<p><a title=\"Everybody Up\" href=\"https:\/\/elt.oup.com\/student\/everybodyup\/?cc=global&amp;selLanguage=en\" target=\"_blank\" rel=\"noopener noreferrer\">Everybody Up<\/a>\u00a0Everybody Up hace que los estudiantes hablen del mundo real. Carteles, videos, historias y canciones vinculan el ingl\u00e9s con otras asignaturas escolares y valores universales, desarrollando ciudadanos globales con habilidades del siglo XXI.<\/p>\n<p><a title=\"Let\u2019s Go\" href=\"https:\/\/elt.oup.com\/student\/letsgo\/?cc=global&amp;selLanguage=en\" target=\"_blank\" rel=\"noopener noreferrer\">Let\u2019s Go<\/a>\u00a0Millones de ni\u00f1os de todo el mundo han aprendido a hablar ingl\u00e9s gracias a la fiable metodolog\u00eda de Let&#8217;s Go.<\/p>\n<p><a title=\"Shine On\" href=\"https:\/\/elt.oup.com\/student\/shineon\/?cc=global&amp;selLanguage=en\" target=\"_blank\" rel=\"noopener noreferrer\">Shine On<\/a>\u00a0es un curso de primaria de seis niveles de ingl\u00e9s americano con un plan de estudios f\u00e1cil de ense\u00f1ar y apoyo y recursos para usted y sus estudiantes. La variedad de actividades en Shine On asegura que todos sus estudiantes puedan aprender y brillar juntos.<\/p>\n<p><a title=\"Grammar Friends\" href=\"https:\/\/elt.oup.com\/student\/grammarfriends\/?cc=global&amp;selLanguage=en\" target=\"_blank\" rel=\"noopener noreferrer\">Grammar Friends<\/a>\u00a0Un curso de pr\u00e1ctica de gram\u00e1tica primaria cuidadosamente calificado que hace que la gram\u00e1tica sea f\u00e1cil de entender y recordar.<\/p>\n<h5>B\u00e1sicos<\/h5>\n<p><a title=\"Engage\" href=\"https:\/\/elt.oup.com\/student\/engage\/?cc=global&amp;selLanguage=en\" target=\"_blank\" rel=\"noopener noreferrer\">Engage<\/a>\u00a0Engage Second Edition mantiene su exitoso enfoque de aprendizaje basado en temas, pero ahora tiene un programa de estudios revisado que proporciona un apoyo a\u00fan mayor a los estudiantes y profesores.<\/p>\n<p><a title=\"Project\" href=\"https:\/\/elt.oup.com\/student\/project\/?cc=global&amp;selLanguage=en\" target=\"_blank\" rel=\"noopener noreferrer\">Project<\/a>\u00a0Esta nueva edici\u00f3n del curso m\u00e1s vendido de Tom Hutchinson combina todos los aspectos que los estudiantes y los profesores adoraron de la edici\u00f3n anterior con nuevos y excitantes componentes digitales, recursos adicionales y m\u00e1s apoyo al profesorado que nunca antes.<\/p>\n<p><a title=\"Oxford Learner\u2019s Dictionary\" href=\"https:\/\/www.oxfordlearnersdictionaries.com\/\" target=\"_blank\" rel=\"noopener noreferrer\">Oxford Learner\u2019s Dictionary<\/a>\u00a0El diccionario de nivel avanzado m\u00e1s vendido del mundo para estudiantes de ingl\u00e9s construye el vocabulario mejor que nunca antes, y abre el camino a una comunicaci\u00f3n m\u00e1s segura y exitosa en ingl\u00e9s.<\/p>\n<\/div>\n[\/vc_column_text]<div class=\" ubtn-ctn-center \"><a class=\"ubtn-link ult-adjust-bottom-margin ubtn-center ubtn-normal \" href=\"https:\/\/elt.oup.com\/?cc=gt&selLanguage=en\" target=\"_blank\" rel=\"noopener\" ><button type=\"button\" id=\"ubtn-2151\"  class=\"ubtn ult-adjust-bottom-margin ult-responsive ubtn-normal ubtn-top-bg  ulta-push  ubtn-sep-icon ubtn-sep-icon-left-push  ubtn-shd  ubtn-center  shd-top tooltip-69d7e8597daad\"  data-hover=\"\" data-border-color=\"\" data-bg=\"#1e73be\" data-hover-bg=\"#1e73be\" data-border-hover=\"\" data-shadow-hover=\"0 -3px ;\" data-shadow-click=\"\" data-shadow=\"0 -5px ;\" data-shd-shadow=\"5\"  data-ultimate-target='#ubtn-2151'  data-responsive-json-new='{\"font-size\":\"\",\"line-height\":\"\"}'  style=\"font-weight:normal;border-radius:3px;border-width:1px;border-color:;border-style:double;box-shadow: 0 -5px ;background: #1e73be;color: #ffffff;\"><span class=\"ubtn-data ubtn-icon\"><i class=\"Defaults-arrow-circle-right\" style=\"font-size:32px;color:;\"><\/i><\/span><span class=\"ubtn-hover\" style=\"background-color:#1e73be\"><\/span><span class=\"ubtn-data ubtn-text \" >Entrar<\/span><\/button><\/a><\/div>[vc_single_image image=&#8221;16457&#8243; img_size=&#8221;large&#8221; alignment=&#8221;center&#8221; onclick=&#8221;custom_link&#8221; img_link_target=&#8221;_blank&#8221; link=&#8221;https:\/\/aprendoencasayenclase.mineduc.gob.gt\/images\/sampledata\/asimages\/recursos\/pdf\/ELTOC_Save-the-date_CAM.pdf&#8221;]<div class=\" ubtn-ctn-center \"><a class=\"ubtn-link ult-adjust-bottom-margin ubtn-center ubtn-normal \" href=\"https:\/\/oxelt.gl\/3o9e9Kv\" target=\"_blank\" rel=\"noopener\" ><button type=\"button\" id=\"ubtn-3174\"  class=\"ubtn ult-adjust-bottom-margin ult-responsive ubtn-normal ubtn-top-bg  ulta-push  ubtn-sep-icon ubtn-sep-icon-left-push  ubtn-shd  ubtn-center  shd-top tooltip-69d7e8597db38\"  data-hover=\"\" data-border-color=\"\" data-bg=\"#1e73be\" data-hover-bg=\"#1e73be\" data-border-hover=\"\" data-shadow-hover=\"0 -3px ;\" data-shadow-click=\"\" data-shadow=\"0 -5px ;\" data-shd-shadow=\"5\"  data-ultimate-target='#ubtn-3174'  data-responsive-json-new='{\"font-size\":\"\",\"line-height\":\"\"}'  style=\"font-weight:normal;border-radius:3px;border-width:1px;border-color:;border-style:double;box-shadow: 0 -5px ;background: #1e73be;color: #ffffff;\"><span class=\"ubtn-data ubtn-icon\"><i class=\"Defaults-arrow-circle-right\" style=\"font-size:32px;color:;\"><\/i><\/span><span class=\"ubtn-hover\" style=\"background-color:#1e73be\"><\/span><span class=\"ubtn-data ubtn-text \" >Registro<\/span><\/button><\/a><\/div>[\/vc_column][\/vc_row][vc_row][vc_column][vc_separator border_width=&#8221;2&#8243;]<div class=\"dt-sc-title with-image \"><h6>Recursos<\/h6><span><\/span><h6><\/h6><\/div><div id=\"dt-1607729204996-c57493a8-e487\" class=\"dt-custom-nav-wrapper none inline-horizontal\" data-default-decoration = \"none\" data-hover-decoration = \"none\"><div class=\"menu-recursos-container\"><ul id=\"menu-recursos\" class=\"custom-sub-nav dt-custom-nav\"><li id=\"menu-item-15174\" class=\"menu-item menu-item-type-post_type menu-item-object-page menu-item-15174\"><a href=\"https:\/\/aprendoencasayenclase.mineduc.gob.gt\/index.php\/tomi-digital\/\" class=\"item-has-icon icon-position-top-center\"><i class=\"menu-item-icon\"><\/i><span>Tommi digital<\/span><\/a><\/li>\n<li id=\"menu-item-15195\" class=\"menu-item menu-item-type-post_type menu-item-object-page menu-item-15195\"><a href=\"https:\/\/aprendoencasayenclase.mineduc.gob.gt\/index.php\/docentes\/\" class=\"item-has-icon icon-position-left\"><i class=\"menu-item-icon\"><\/i><span>Docentes<\/span><\/a><\/li>\n<li id=\"menu-item-15196\" class=\"menu-item menu-item-type-post_type menu-item-object-page menu-item-15196\"><a href=\"https:\/\/aprendoencasayenclase.mineduc.gob.gt\/index.php\/ebi\/\" class=\"item-has-icon icon-position-left\"><i class=\"menu-item-icon\"><\/i><span>EBI<\/span><\/a><\/li>\n<li id=\"menu-item-15197\" class=\"menu-item menu-item-type-post_type menu-item-object-page menu-item-15197\"><a href=\"https:\/\/aprendoencasayenclase.mineduc.gob.gt\/index.php\/oei\/\" class=\"item-has-icon icon-position-left\"><i class=\"menu-item-icon\"><\/i><span>OEI<\/span><\/a><\/li>\n<li id=\"menu-item-15199\" class=\"menu-item menu-item-type-post_type menu-item-object-page menu-item-15199\"><a href=\"https:\/\/aprendoencasayenclase.mineduc.gob.gt\/index.php\/wujapp\/\" class=\"item-has-icon icon-position-left\"><i class=\"menu-item-icon\"><\/i><span>WUJAPP<\/span><\/a><\/li>\n<li id=\"menu-item-15232\" class=\"menu-item menu-item-type-post_type menu-item-object-page menu-item-15232\"><a href=\"https:\/\/aprendoencasayenclase.mineduc.gob.gt\/index.php\/brain-pop-espanol\/\" class=\"item-has-icon icon-position-left\"><i class=\"menu-item-icon\"><\/i><span>Brain pop espa\u00f1ol<\/span><\/a><\/li>\n<li id=\"menu-item-15236\" class=\"menu-item menu-item-type-post_type menu-item-object-page menu-item-15236\"><a href=\"https:\/\/aprendoencasayenclase.mineduc.gob.gt\/index.php\/ensena-desde-casa-con-google\/\" class=\"item-has-icon icon-position-left\"><i class=\"menu-item-icon\"><\/i><span>Ense\u00f1a desde casa con Google<\/span><\/a><\/li>\n<li id=\"menu-item-15237\" class=\"menu-item menu-item-type-post_type menu-item-object-page menu-item-15237\"><a href=\"https:\/\/aprendoencasayenclase.mineduc.gob.gt\/index.php\/profuturo\/\" class=\"item-has-icon icon-position-left\"><i class=\"menu-item-icon\"><\/i><span>Profuturo<\/span><\/a><\/li>\n<li id=\"menu-item-15240\" class=\"menu-item menu-item-type-post_type menu-item-object-page menu-item-15240\"><a href=\"https:\/\/aprendoencasayenclase.mineduc.gob.gt\/index.php\/funsepa-coursera\/\" class=\"item-has-icon icon-position-left\"><i class=\"menu-item-icon\"><\/i><span>Funsepa \u2013 Cousera<\/span><\/a><\/li>\n<li id=\"menu-item-15241\" class=\"menu-item menu-item-type-post_type menu-item-object-page menu-item-15241\"><a href=\"https:\/\/aprendoencasayenclase.mineduc.gob.gt\/index.php\/pruebat\/\" class=\"item-has-icon icon-position-left\"><i class=\"menu-item-icon\"><\/i><span>Pruebat<\/span><\/a><\/li>\n<li id=\"menu-item-15252\" class=\"menu-item menu-item-type-post_type menu-item-object-page menu-item-15252\"><a href=\"https:\/\/aprendoencasayenclase.mineduc.gob.gt\/index.php\/israaid\/\" class=\"item-has-icon icon-position-left\"><i class=\"menu-item-icon\"><\/i><span>ISRAAID<\/span><\/a><\/li>\n<li id=\"menu-item-15287\" class=\"menu-item menu-item-type-post_type menu-item-object-page menu-item-15287\"><a href=\"https:\/\/aprendoencasayenclase.mineduc.gob.gt\/index.php\/piedrasanta\/\" class=\"item-has-icon icon-position-left\"><i class=\"menu-item-icon\"><\/i><span>Piedrasanta<\/span><\/a><\/li>\n<li id=\"menu-item-15288\" class=\"menu-item menu-item-type-post_type menu-item-object-page menu-item-15288\"><a href=\"https:\/\/aprendoencasayenclase.mineduc.gob.gt\/index.php\/jaworldwide\/\" class=\"item-has-icon icon-position-left\"><i class=\"menu-item-icon\"><\/i><span>Jaworldwide<\/span><\/a><\/li>\n<li id=\"menu-item-15289\" class=\"menu-item menu-item-type-post_type menu-item-object-page menu-item-15289\"><a href=\"https:\/\/aprendoencasayenclase.mineduc.gob.gt\/index.php\/twig-tigtag-y-tigtag-junior\/\" class=\"item-has-icon icon-position-left\"><i class=\"menu-item-icon\"><\/i><span>Twig, Tigtag y Tigtag Junior<\/span><\/a><\/li>\n<li id=\"menu-item-15290\" class=\"menu-item menu-item-type-post_type menu-item-object-page menu-item-15290\"><a href=\"https:\/\/aprendoencasayenclase.mineduc.gob.gt\/index.php\/sos-docente\/\" class=\"item-has-icon icon-position-left\"><i class=\"menu-item-icon\"><\/i><span>SOS \u2013 docente<\/span><\/a><\/li>\n<li id=\"menu-item-15291\" class=\"menu-item menu-item-type-post_type menu-item-object-page menu-item-15291\"><a href=\"https:\/\/aprendoencasayenclase.mineduc.gob.gt\/index.php\/mayawuj\/\" class=\"item-has-icon icon-position-left\"><i class=\"menu-item-icon\"><\/i><span>Maya\u2019 Wuj<\/span><\/a><\/li>\n<li id=\"menu-item-15292\" class=\"menu-item menu-item-type-post_type menu-item-object-page menu-item-15292\"><a href=\"https:\/\/aprendoencasayenclase.mineduc.gob.gt\/index.php\/oxford\/\" class=\"item-has-icon icon-position-left\"><i class=\"menu-item-icon\"><\/i><span>Oxford University Press<\/span><\/a><\/li>\n<li id=\"menu-item-16265\" class=\"menu-item menu-item-type-post_type menu-item-object-page menu-item-16265\"><a href=\"https:\/\/aprendoencasayenclase.mineduc.gob.gt\/index.php\/fundacion-hcg\/\" class=\"item-has-icon icon-position-left\"><i class=\"menu-item-icon\"><\/i><span>Fundaci\u00f3n para el Enaltecimiento de la Herencia Cultural<\/span><\/a><\/li>\n<li id=\"menu-item-17797\" class=\"menu-item menu-item-type-post_type menu-item-object-page menu-item-17797\"><a href=\"https:\/\/aprendoencasayenclase.mineduc.gob.gt\/index.php\/macmillan-education\/\" class=\"item-has-icon icon-position-left\"><i class=\"menu-item-icon\"><\/i><span>Macmillan education<\/span><\/a><\/li>\n<\/ul><\/div><\/div>[\/vc_column][\/vc_row][vc_row][vc_column]<div id=\"1608061381528-037c3c06-84ef\" class=\"dt-sc-empty-space\"><\/div>[\/vc_column][\/vc_row]\n","protected":false},"excerpt":{"rendered":"<p>[vc_row equal_height=&#8221;yes&#8221; bg_type=&#8221;bg_color&#8221;][vc_column width=&#8221;3\/4&#8243;][vc_column_text]Es un departamento de la universidad de Oxford, fundada en 1478, es hoy la mayor Editorial Universitaria del mundo y l\u00edder en publicaciones de libros y materiales digitales para la ense\u00f1anza del idioma ingl\u00e9s como lengua extranjera. Ofrece recursos gratuitos para todos los miembros de la comunidad educativa.[\/vc_column_text][\/vc_column][vc_column width=&#8221;1\/4&#8243;][vc_column_text] Haz clic en<a class=\"moretag\" href=\"https:\/\/aprendoencasayenclase.mineduc.gob.gt\/index.php\/oxford\/\"> Continuar&#8230;<\/a><\/p>\n","protected":false},"author":1,"featured_media":0,"parent":0,"menu_order":0,"comment_status":"closed","ping_status":"closed","template":"","meta":[],"yoast_head":"<!-- This site is optimized with the Yoast SEO plugin v19.6.1 - https:\/\/yoast.com\/wordpress\/plugins\/seo\/ -->\n<title>Oxford University Press - Aprendoencasayenclase<\/title>\n<meta name=\"robots\" content=\"index, follow, max-snippet:-1, max-image-preview:large, max-video-preview:-1\" \/>\n<link rel=\"canonical\" href=\"https:\/\/aprendoencasayenclase.mineduc.gob.gt\/index.php\/oxford\/\" \/>\n<meta property=\"og:locale\" content=\"es_ES\" \/>\n<meta property=\"og:type\" content=\"article\" \/>\n<meta property=\"og:title\" content=\"Oxford University Press - Aprendoencasayenclase\" \/>\n<meta property=\"og:description\" content=\"[vc_row equal_height=&#8221;yes&#8221; bg_type=&#8221;bg_color&#8221;][vc_column width=&#8221;3\/4&#8243;][vc_column_text]Es un departamento de la universidad de Oxford, fundada en 1478, es hoy la mayor Editorial Universitaria del mundo y l\u00edder en publicaciones de libros y materiales digitales para la ense\u00f1anza del idioma ingl\u00e9s como lengua extranjera. Ofrece recursos gratuitos para todos los miembros de la comunidad educativa.[\/vc_column_text][\/vc_column][vc_column width=&#8221;1\/4&#8243;][vc_column_text] Haz clic en Continuar...\" \/>\n<meta property=\"og:url\" content=\"https:\/\/aprendoencasayenclase.mineduc.gob.gt\/index.php\/oxford\/\" \/>\n<meta property=\"og:site_name\" content=\"Aprendoencasayenclase\" \/>\n<meta property=\"article:modified_time\" content=\"2021-02-04T00:55:27+00:00\" \/>\n<meta name=\"twitter:card\" content=\"summary_large_image\" \/>\n<meta name=\"twitter:label1\" content=\"Est. reading time\" \/>\n\t<meta name=\"twitter:data1\" content=\"6 minutos\" \/>\n<script type=\"application\/ld+json\" class=\"yoast-schema-graph\">{\"@context\":\"https:\/\/schema.org\",\"@graph\":[{\"@type\":\"WebPage\",\"@id\":\"https:\/\/aprendoencasayenclase.mineduc.gob.gt\/index.php\/oxford\/\",\"url\":\"https:\/\/aprendoencasayenclase.mineduc.gob.gt\/index.php\/oxford\/\",\"name\":\"Oxford University Press - Aprendoencasayenclase\",\"isPartOf\":{\"@id\":\"https:\/\/aprendoencasayenclase.mineduc.gob.gt\/#website\"},\"datePublished\":\"2020-12-04T06:01:01+00:00\",\"dateModified\":\"2021-02-04T00:55:27+00:00\",\"breadcrumb\":{\"@id\":\"https:\/\/aprendoencasayenclase.mineduc.gob.gt\/index.php\/oxford\/#breadcrumb\"},\"inLanguage\":\"es\",\"potentialAction\":[{\"@type\":\"ReadAction\",\"target\":[\"https:\/\/aprendoencasayenclase.mineduc.gob.gt\/index.php\/oxford\/\"]}]},{\"@type\":\"BreadcrumbList\",\"@id\":\"https:\/\/aprendoencasayenclase.mineduc.gob.gt\/index.php\/oxford\/#breadcrumb\",\"itemListElement\":[{\"@type\":\"ListItem\",\"position\":1,\"name\":\"Inicio\",\"item\":\"https:\/\/aprendoencasayenclase.mineduc.gob.gt\/\"},{\"@type\":\"ListItem\",\"position\":2,\"name\":\"Oxford University Press\"}]},{\"@type\":\"WebSite\",\"@id\":\"https:\/\/aprendoencasayenclase.mineduc.gob.gt\/#website\",\"url\":\"https:\/\/aprendoencasayenclase.mineduc.gob.gt\/\",\"name\":\"Aprendoencasa\",\"description\":\"Aprendo\",\"potentialAction\":[{\"@type\":\"SearchAction\",\"target\":{\"@type\":\"EntryPoint\",\"urlTemplate\":\"https:\/\/aprendoencasayenclase.mineduc.gob.gt\/?s={search_term_string}\"},\"query-input\":\"required name=search_term_string\"}],\"inLanguage\":\"es\"}]}<\/script>\n<!-- \/ Yoast SEO plugin. -->","yoast_head_json":{"title":"Oxford University Press - Aprendoencasayenclase","robots":{"index":"index","follow":"follow","max-snippet":"max-snippet:-1","max-image-preview":"max-image-preview:large","max-video-preview":"max-video-preview:-1"},"canonical":"https:\/\/aprendoencasayenclase.mineduc.gob.gt\/index.php\/oxford\/","og_locale":"es_ES","og_type":"article","og_title":"Oxford University Press - Aprendoencasayenclase","og_description":"[vc_row equal_height=&#8221;yes&#8221; bg_type=&#8221;bg_color&#8221;][vc_column width=&#8221;3\/4&#8243;][vc_column_text]Es un departamento de la universidad de Oxford, fundada en 1478, es hoy la mayor Editorial Universitaria del mundo y l\u00edder en publicaciones de libros y materiales digitales para la ense\u00f1anza del idioma ingl\u00e9s como lengua extranjera. Ofrece recursos gratuitos para todos los miembros de la comunidad educativa.[\/vc_column_text][\/vc_column][vc_column width=&#8221;1\/4&#8243;][vc_column_text] Haz clic en Continuar...","og_url":"https:\/\/aprendoencasayenclase.mineduc.gob.gt\/index.php\/oxford\/","og_site_name":"Aprendoencasayenclase","article_modified_time":"2021-02-04T00:55:27+00:00","twitter_card":"summary_large_image","twitter_misc":{"Est. reading time":"6 minutos"},"schema":{"@context":"https:\/\/schema.org","@graph":[{"@type":"WebPage","@id":"https:\/\/aprendoencasayenclase.mineduc.gob.gt\/index.php\/oxford\/","url":"https:\/\/aprendoencasayenclase.mineduc.gob.gt\/index.php\/oxford\/","name":"Oxford University Press - Aprendoencasayenclase","isPartOf":{"@id":"https:\/\/aprendoencasayenclase.mineduc.gob.gt\/#website"},"datePublished":"2020-12-04T06:01:01+00:00","dateModified":"2021-02-04T00:55:27+00:00","breadcrumb":{"@id":"https:\/\/aprendoencasayenclase.mineduc.gob.gt\/index.php\/oxford\/#breadcrumb"},"inLanguage":"es","potentialAction":[{"@type":"ReadAction","target":["https:\/\/aprendoencasayenclase.mineduc.gob.gt\/index.php\/oxford\/"]}]},{"@type":"BreadcrumbList","@id":"https:\/\/aprendoencasayenclase.mineduc.gob.gt\/index.php\/oxford\/#breadcrumb","itemListElement":[{"@type":"ListItem","position":1,"name":"Inicio","item":"https:\/\/aprendoencasayenclase.mineduc.gob.gt\/"},{"@type":"ListItem","position":2,"name":"Oxford University Press"}]},{"@type":"WebSite","@id":"https:\/\/aprendoencasayenclase.mineduc.gob.gt\/#website","url":"https:\/\/aprendoencasayenclase.mineduc.gob.gt\/","name":"Aprendoencasa","description":"Aprendo","potentialAction":[{"@type":"SearchAction","target":{"@type":"EntryPoint","urlTemplate":"https:\/\/aprendoencasayenclase.mineduc.gob.gt\/?s={search_term_string}"},"query-input":"required name=search_term_string"}],"inLanguage":"es"}]}},"_links":{"self":[{"href":"https:\/\/aprendoencasayenclase.mineduc.gob.gt\/index.php\/wp-json\/wp\/v2\/pages\/15279"}],"collection":[{"href":"https:\/\/aprendoencasayenclase.mineduc.gob.gt\/index.php\/wp-json\/wp\/v2\/pages"}],"about":[{"href":"https:\/\/aprendoencasayenclase.mineduc.gob.gt\/index.php\/wp-json\/wp\/v2\/types\/page"}],"author":[{"embeddable":true,"href":"https:\/\/aprendoencasayenclase.mineduc.gob.gt\/index.php\/wp-json\/wp\/v2\/users\/1"}],"replies":[{"embeddable":true,"href":"https:\/\/aprendoencasayenclase.mineduc.gob.gt\/index.php\/wp-json\/wp\/v2\/comments?post=15279"}],"version-history":[{"count":12,"href":"https:\/\/aprendoencasayenclase.mineduc.gob.gt\/index.php\/wp-json\/wp\/v2\/pages\/15279\/revisions"}],"predecessor-version":[{"id":16461,"href":"https:\/\/aprendoencasayenclase.mineduc.gob.gt\/index.php\/wp-json\/wp\/v2\/pages\/15279\/revisions\/16461"}],"wp:attachment":[{"href":"https:\/\/aprendoencasayenclase.mineduc.gob.gt\/index.php\/wp-json\/wp\/v2\/media?parent=15279"}],"curies":[{"name":"wp","href":"https:\/\/api.w.org\/{rel}","templated":true}]}}