{"id":14669,"date":"2020-11-25T00:02:29","date_gmt":"2020-11-25T06:02:29","guid":{"rendered":"https:\/\/aprendoencasa2.mineduc.gob.gt\/?page_id=14669"},"modified":"2020-11-29T18:34:48","modified_gmt":"2020-11-30T00:34:48","slug":"blog-muestra","status":"publish","type":"page","link":"https:\/\/aprendoencasayenclase.mineduc.gob.gt\/index.php\/blog-muestra\/","title":{"rendered":"Blog muestra"},"content":{"rendered":"[vc_row][vc_column][vc_column_text]\n<h3>Bienvenido al<span style=\"color: #3366ff;\"> blog educativo<\/span><\/h3>\n<p>El blog educativo es un espacio de socializaci\u00f3n que contiene informaci\u00f3n, orientaci\u00f3n y consejos de los expertos relacionados con apoyo psicosocial para mantener una convivencia adecuada y pertinente ante la situaci\u00f3n de confinamiento en las familias de Guatemala en el momento y circunstancias actuales. Est\u00e1 dirigido tanto a padres de familia como estudiantes y docentes. Los aportes son compartidos por el Consorcio de Universidades de Guatemala.[\/vc_column_text][vc_single_image source=&#8221;external_link&#8221; external_img_size=&#8221;617 x 147&#8243; alignment=&#8221;center&#8221; custom_src=&#8221;https:\/\/aprendoencasayenclase.mineduc.gob.gt\/images\/sampledata\/asimages\/blog\/Log_Gobierno.jpg&#8221;]<div class=\"dt-sc-posts-list-wrapper\"><div class=\"tpl-blog-holder apply-isotope\"><div class='grid-sizer column dt-sc-one-half'><\/div><div class='column dt-sc-one-half first'><article id=\"post-15987\" class=\"blog-entry blog-default-style format-standard post-15987 post type-post status-publish has-post-thumbnail hentry category-contenidos\">\r\n        <!-- Featured Image -->\r\n        <div class=\"entry-thumb\">\r\n        \t\t\t\t<a href=\"https:\/\/aprendoencasayenclase.mineduc.gob.gt\/index.php\/442-disfrutar-vacaciones-en-casa\/\" title=\"Permalink to Actividades para disfrutar las vacaciones en casa\">\r\n\t\t\t\t<img width=\"512\" height=\"500\" src=\"https:\/\/aprendoencasayenclase.mineduc.gob.gt\/wp-content\/uploads\/actividades-para-disfrutar-las-vacaciones-en-casa1-512x500.jpeg\" class=\"attachment-kalvi-blog-ii-column size-kalvi-blog-ii-column wp-post-image\" alt=\"\" loading=\"lazy\" \/>\t\t\t<\/a>\r\n            <div class=\"entry-format \">\r\n                <a class=\"ico-format\" href=\"\"><\/a>\r\n            <\/div>\r\n\t\t<\/div><!-- Featured Image -->\r\n\r\n        <!-- Post Details -->\r\n        <div class=\"entry-details\">\r\n\r\n            <!-- Meta -->\r\n                        <div class=\"entry-meta \">\r\n            \t<div class=\"date hidden\">Posted on 10\/12\/2020<\/div>\r\n                <div class=\"comments \"> \/ <span><i class=\"pe-icon pe-chat\"> <\/i> 0<\/span>                <\/div>\r\n                <div class=\"author hidden\">\r\n                    \/ <i class=\"pe-icon pe-user\"> <\/i>\r\n                    <a href=\"https:\/\/aprendoencasayenclase.mineduc.gob.gt\/index.php\/author\/carol\/\" \r\n                        title=\"View all posts by Carol\">Carol<\/a>\r\n                <\/div>\r\n            <\/div><!-- Meta -->\r\n\r\n            <div class=\"entry-title\">\r\n                                <h4><a href=\"https:\/\/aprendoencasayenclase.mineduc.gob.gt\/index.php\/442-disfrutar-vacaciones-en-casa\/\" title=\"Permalink to Actividades para disfrutar las vacaciones en casa\">Actividades para disfrutar las vacaciones en casa<\/a><\/h4>\r\n            <\/div>\r\n\r\n\t\t\t\t\t\t\t<div class=\"entry-body\"><p>Por: M\u00f3nica Flores de Reichenbach, Universidad Internaciones.<\/p><\/div>\r\n            \r\n            <!-- Category & Tag -->\r\n                        <div class=\"entry-meta-data \">\r\n                                <p class=\" category\"><i class=\"pe-icon pe-network\"> <\/i> <a href=\"https:\/\/aprendoencasayenclase.mineduc.gob.gt\/index.php\/categoria\/contenidos\/\" rel=\"category tag\">Blog Educativo<\/a><\/p>\r\n            <\/div><!-- Category & Tag -->\r\n\r\n            <!-- Read More Button -->\r\n            <a href='https:\/\/aprendoencasayenclase.mineduc.gob.gt\/index.php\/442-disfrutar-vacaciones-en-casa\/' target='_self' title='' class='dt-sc-button   small icon-right with-icon  filled  type1' > Leer m\u00e1s <span class='fa fa-long-arrow-right'> <\/span><\/a><!-- Read More Button -->\r\n\r\n        <\/div><!-- Post Details --><\/article><\/div><div class='column dt-sc-one-half'><article id=\"post-15984\" class=\"blog-entry blog-default-style format-standard post-15984 post type-post status-publish has-post-thumbnail hentry category-contenidos\">\r\n        <!-- Featured Image -->\r\n        <div class=\"entry-thumb\">\r\n        \t\t\t\t<a href=\"https:\/\/aprendoencasayenclase.mineduc.gob.gt\/index.php\/441-agotamiento-parental\/\" title=\"Permalink to Agotamiento parental\">\r\n\t\t\t\t<img width=\"512\" height=\"500\" src=\"https:\/\/aprendoencasayenclase.mineduc.gob.gt\/wp-content\/uploads\/agotamiento-parental1-512x500.jpeg\" class=\"attachment-kalvi-blog-ii-column size-kalvi-blog-ii-column wp-post-image\" alt=\"\" loading=\"lazy\" \/>\t\t\t<\/a>\r\n            <div class=\"entry-format \">\r\n                <a class=\"ico-format\" href=\"\"><\/a>\r\n            <\/div>\r\n\t\t<\/div><!-- Featured Image -->\r\n\r\n        <!-- Post Details -->\r\n        <div class=\"entry-details\">\r\n\r\n            <!-- Meta -->\r\n                        <div class=\"entry-meta \">\r\n            \t<div class=\"date hidden\">Posted on 10\/12\/2020<\/div>\r\n                <div class=\"comments \"> \/ <span><i class=\"pe-icon pe-chat\"> <\/i> 0<\/span>                <\/div>\r\n                <div class=\"author hidden\">\r\n                    \/ <i class=\"pe-icon pe-user\"> <\/i>\r\n                    <a href=\"https:\/\/aprendoencasayenclase.mineduc.gob.gt\/index.php\/author\/carol\/\" \r\n                        title=\"View all posts by Carol\">Carol<\/a>\r\n                <\/div>\r\n            <\/div><!-- Meta -->\r\n\r\n            <div class=\"entry-title\">\r\n                                <h4><a href=\"https:\/\/aprendoencasayenclase.mineduc.gob.gt\/index.php\/441-agotamiento-parental\/\" title=\"Permalink to Agotamiento parental\">Agotamiento parental<\/a><\/h4>\r\n            <\/div>\r\n\r\n\t\t\t\t\t\t\t<div class=\"entry-body\"><p>Por: Mgtr. Laura Yuman Reckholder - Universidad Da Vinci de Guatemala<\/p><\/div>\r\n            \r\n            <!-- Category & Tag -->\r\n                        <div class=\"entry-meta-data \">\r\n                                <p class=\" category\"><i class=\"pe-icon pe-network\"> <\/i> <a href=\"https:\/\/aprendoencasayenclase.mineduc.gob.gt\/index.php\/categoria\/contenidos\/\" rel=\"category tag\">Blog Educativo<\/a><\/p>\r\n            <\/div><!-- Category & Tag -->\r\n\r\n            <!-- Read More Button -->\r\n            <a href='https:\/\/aprendoencasayenclase.mineduc.gob.gt\/index.php\/441-agotamiento-parental\/' target='_self' title='' class='dt-sc-button   small icon-right with-icon  filled  type1' > Leer m\u00e1s <span class='fa fa-long-arrow-right'> <\/span><\/a><!-- Read More Button -->\r\n\r\n        <\/div><!-- Post Details --><\/article><\/div><div class='column dt-sc-one-half first'><article id=\"post-15981\" class=\"blog-entry blog-default-style format-standard post-15981 post type-post status-publish has-post-thumbnail hentry category-contenidos\">\r\n        <!-- Featured Image -->\r\n        <div class=\"entry-thumb\">\r\n        \t\t\t\t<a href=\"https:\/\/aprendoencasayenclase.mineduc.gob.gt\/index.php\/438-que-es-la-resiliencia\/\" title=\"Permalink to \u00bfQu\u00e9 es la resiliencia?\">\r\n\t\t\t\t<img width=\"750\" height=\"500\" src=\"https:\/\/aprendoencasayenclase.mineduc.gob.gt\/wp-content\/uploads\/VF_Que_es_la_resiliencia_02oct_20201-750x500.jpg\" class=\"attachment-kalvi-blog-ii-column size-kalvi-blog-ii-column wp-post-image\" alt=\"\" loading=\"lazy\" srcset=\"https:\/\/aprendoencasayenclase.mineduc.gob.gt\/wp-content\/uploads\/VF_Que_es_la_resiliencia_02oct_20201-750x500.jpg 750w, https:\/\/aprendoencasayenclase.mineduc.gob.gt\/wp-content\/uploads\/VF_Que_es_la_resiliencia_02oct_20201-540x360.jpg 540w, https:\/\/aprendoencasayenclase.mineduc.gob.gt\/wp-content\/uploads\/VF_Que_es_la_resiliencia_02oct_20201-600x400.jpg 600w\" sizes=\"(max-width: 750px) 100vw, 750px\" \/>\t\t\t<\/a>\r\n            <div class=\"entry-format \">\r\n                <a class=\"ico-format\" href=\"\"><\/a>\r\n            <\/div>\r\n\t\t<\/div><!-- Featured Image -->\r\n\r\n        <!-- Post Details -->\r\n        <div class=\"entry-details\">\r\n\r\n            <!-- Meta -->\r\n                        <div class=\"entry-meta \">\r\n            \t<div class=\"date hidden\">Posted on 10\/12\/2020<\/div>\r\n                <div class=\"comments \"> \/ <span><i class=\"pe-icon pe-chat\"> <\/i> 0<\/span>                <\/div>\r\n                <div class=\"author hidden\">\r\n                    \/ <i class=\"pe-icon pe-user\"> <\/i>\r\n                    <a href=\"https:\/\/aprendoencasayenclase.mineduc.gob.gt\/index.php\/author\/carol\/\" \r\n                        title=\"View all posts by Carol\">Carol<\/a>\r\n                <\/div>\r\n            <\/div><!-- Meta -->\r\n\r\n            <div class=\"entry-title\">\r\n                                <h4><a href=\"https:\/\/aprendoencasayenclase.mineduc.gob.gt\/index.php\/438-que-es-la-resiliencia\/\" title=\"Permalink to \u00bfQu\u00e9 es la resiliencia?\">\u00bfQu\u00e9 es la resiliencia?<\/a><\/h4>\r\n            <\/div>\r\n\r\n\t\t\t\t\t\t\t<div class=\"entry-body\"><p>Elaborado por: Mgtr. Georgina Mariscal - Universidad Da Vinci de Guatemala<\/p><\/div>\r\n            \r\n            <!-- Category & Tag -->\r\n                        <div class=\"entry-meta-data \">\r\n                                <p class=\" category\"><i class=\"pe-icon pe-network\"> <\/i> <a href=\"https:\/\/aprendoencasayenclase.mineduc.gob.gt\/index.php\/categoria\/contenidos\/\" rel=\"category tag\">Blog Educativo<\/a><\/p>\r\n            <\/div><!-- Category & Tag -->\r\n\r\n            <!-- Read More Button -->\r\n            <a href='https:\/\/aprendoencasayenclase.mineduc.gob.gt\/index.php\/438-que-es-la-resiliencia\/' target='_self' title='' class='dt-sc-button   small icon-right with-icon  filled  type1' > Leer m\u00e1s <span class='fa fa-long-arrow-right'> <\/span><\/a><!-- Read More Button -->\r\n\r\n        <\/div><!-- Post Details --><\/article><\/div><\/div><\/div>[\/vc_column][\/vc_row]\n","protected":false},"excerpt":{"rendered":"<p>[vc_row][vc_column][vc_column_text] Bienvenido al blog educativo El blog educativo es un espacio de socializaci\u00f3n que contiene informaci\u00f3n, orientaci\u00f3n y consejos de los expertos relacionados con apoyo psicosocial para mantener una convivencia adecuada y pertinente ante la situaci\u00f3n de confinamiento en las familias de Guatemala en el momento y circunstancias actuales. Est\u00e1 dirigido tanto a padres de<a class=\"moretag\" href=\"https:\/\/aprendoencasayenclase.mineduc.gob.gt\/index.php\/438-que-es-la-resiliencia\/\"> Continuar&#8230;<\/a><\/p>\n","protected":false},"author":1,"featured_media":0,"parent":0,"menu_order":0,"comment_status":"closed","ping_status":"closed","template":"","meta":[],"yoast_head":"<!-- This site is optimized with the Yoast SEO plugin v19.6.1 - https:\/\/yoast.com\/wordpress\/plugins\/seo\/ -->\n<title>Blog muestra - Aprendoencasayenclase<\/title>\n<meta name=\"robots\" content=\"index, follow, max-snippet:-1, max-image-preview:large, max-video-preview:-1\" \/>\n<link rel=\"canonical\" href=\"https:\/\/aprendoencasayenclase.mineduc.gob.gt\/index.php\/blog-muestra\/\" \/>\n<meta property=\"og:locale\" content=\"es_ES\" \/>\n<meta property=\"og:type\" content=\"article\" \/>\n<meta property=\"og:title\" content=\"Blog muestra - Aprendoencasayenclase\" \/>\n<meta property=\"og:description\" content=\"[vc_row][vc_column][vc_column_text] Bienvenido al blog educativo El blog educativo es un espacio de socializaci\u00f3n que contiene informaci\u00f3n, orientaci\u00f3n y consejos de los expertos relacionados con apoyo psicosocial para mantener una convivencia adecuada y pertinente ante la situaci\u00f3n de confinamiento en las familias de Guatemala en el momento y circunstancias actuales. Est\u00e1 dirigido tanto a padres de Continuar...\" \/>\n<meta property=\"og:url\" content=\"https:\/\/aprendoencasayenclase.mineduc.gob.gt\/index.php\/blog-muestra\/\" \/>\n<meta property=\"og:site_name\" content=\"Aprendoencasayenclase\" \/>\n<meta property=\"article:modified_time\" content=\"2020-11-30T00:34:48+00:00\" \/>\n<meta name=\"twitter:card\" content=\"summary_large_image\" \/>\n<meta name=\"twitter:label1\" content=\"Est. reading time\" \/>\n\t<meta name=\"twitter:data1\" content=\"1 minuto\" \/>\n<script type=\"application\/ld+json\" class=\"yoast-schema-graph\">{\"@context\":\"https:\/\/schema.org\",\"@graph\":[{\"@type\":\"WebPage\",\"@id\":\"https:\/\/aprendoencasayenclase.mineduc.gob.gt\/index.php\/blog-muestra\/\",\"url\":\"https:\/\/aprendoencasayenclase.mineduc.gob.gt\/index.php\/blog-muestra\/\",\"name\":\"Blog muestra - Aprendoencasayenclase\",\"isPartOf\":{\"@id\":\"https:\/\/aprendoencasayenclase.mineduc.gob.gt\/#website\"},\"datePublished\":\"2020-11-25T06:02:29+00:00\",\"dateModified\":\"2020-11-30T00:34:48+00:00\",\"breadcrumb\":{\"@id\":\"https:\/\/aprendoencasayenclase.mineduc.gob.gt\/index.php\/blog-muestra\/#breadcrumb\"},\"inLanguage\":\"es\",\"potentialAction\":[{\"@type\":\"ReadAction\",\"target\":[\"https:\/\/aprendoencasayenclase.mineduc.gob.gt\/index.php\/blog-muestra\/\"]}]},{\"@type\":\"BreadcrumbList\",\"@id\":\"https:\/\/aprendoencasayenclase.mineduc.gob.gt\/index.php\/blog-muestra\/#breadcrumb\",\"itemListElement\":[{\"@type\":\"ListItem\",\"position\":1,\"name\":\"Inicio\",\"item\":\"https:\/\/aprendoencasayenclase.mineduc.gob.gt\/\"},{\"@type\":\"ListItem\",\"position\":2,\"name\":\"Blog muestra\"}]},{\"@type\":\"WebSite\",\"@id\":\"https:\/\/aprendoencasayenclase.mineduc.gob.gt\/#website\",\"url\":\"https:\/\/aprendoencasayenclase.mineduc.gob.gt\/\",\"name\":\"Aprendoencasa\",\"description\":\"Aprendo\",\"potentialAction\":[{\"@type\":\"SearchAction\",\"target\":{\"@type\":\"EntryPoint\",\"urlTemplate\":\"https:\/\/aprendoencasayenclase.mineduc.gob.gt\/?s={search_term_string}\"},\"query-input\":\"required name=search_term_string\"}],\"inLanguage\":\"es\"}]}<\/script>\n<!-- \/ Yoast SEO plugin. -->","yoast_head_json":{"title":"Blog muestra - Aprendoencasayenclase","robots":{"index":"index","follow":"follow","max-snippet":"max-snippet:-1","max-image-preview":"max-image-preview:large","max-video-preview":"max-video-preview:-1"},"canonical":"https:\/\/aprendoencasayenclase.mineduc.gob.gt\/index.php\/blog-muestra\/","og_locale":"es_ES","og_type":"article","og_title":"Blog muestra - Aprendoencasayenclase","og_description":"[vc_row][vc_column][vc_column_text] Bienvenido al blog educativo El blog educativo es un espacio de socializaci\u00f3n que contiene informaci\u00f3n, orientaci\u00f3n y consejos de los expertos relacionados con apoyo psicosocial para mantener una convivencia adecuada y pertinente ante la situaci\u00f3n de confinamiento en las familias de Guatemala en el momento y circunstancias actuales. Est\u00e1 dirigido tanto a padres de Continuar...","og_url":"https:\/\/aprendoencasayenclase.mineduc.gob.gt\/index.php\/blog-muestra\/","og_site_name":"Aprendoencasayenclase","article_modified_time":"2020-11-30T00:34:48+00:00","twitter_card":"summary_large_image","twitter_misc":{"Est. reading time":"1 minuto"},"schema":{"@context":"https:\/\/schema.org","@graph":[{"@type":"WebPage","@id":"https:\/\/aprendoencasayenclase.mineduc.gob.gt\/index.php\/blog-muestra\/","url":"https:\/\/aprendoencasayenclase.mineduc.gob.gt\/index.php\/blog-muestra\/","name":"Blog muestra - Aprendoencasayenclase","isPartOf":{"@id":"https:\/\/aprendoencasayenclase.mineduc.gob.gt\/#website"},"datePublished":"2020-11-25T06:02:29+00:00","dateModified":"2020-11-30T00:34:48+00:00","breadcrumb":{"@id":"https:\/\/aprendoencasayenclase.mineduc.gob.gt\/index.php\/blog-muestra\/#breadcrumb"},"inLanguage":"es","potentialAction":[{"@type":"ReadAction","target":["https:\/\/aprendoencasayenclase.mineduc.gob.gt\/index.php\/blog-muestra\/"]}]},{"@type":"BreadcrumbList","@id":"https:\/\/aprendoencasayenclase.mineduc.gob.gt\/index.php\/blog-muestra\/#breadcrumb","itemListElement":[{"@type":"ListItem","position":1,"name":"Inicio","item":"https:\/\/aprendoencasayenclase.mineduc.gob.gt\/"},{"@type":"ListItem","position":2,"name":"Blog muestra"}]},{"@type":"WebSite","@id":"https:\/\/aprendoencasayenclase.mineduc.gob.gt\/#website","url":"https:\/\/aprendoencasayenclase.mineduc.gob.gt\/","name":"Aprendoencasa","description":"Aprendo","potentialAction":[{"@type":"SearchAction","target":{"@type":"EntryPoint","urlTemplate":"https:\/\/aprendoencasayenclase.mineduc.gob.gt\/?s={search_term_string}"},"query-input":"required name=search_term_string"}],"inLanguage":"es"}]}},"_links":{"self":[{"href":"https:\/\/aprendoencasayenclase.mineduc.gob.gt\/index.php\/wp-json\/wp\/v2\/pages\/14669"}],"collection":[{"href":"https:\/\/aprendoencasayenclase.mineduc.gob.gt\/index.php\/wp-json\/wp\/v2\/pages"}],"about":[{"href":"https:\/\/aprendoencasayenclase.mineduc.gob.gt\/index.php\/wp-json\/wp\/v2\/types\/page"}],"author":[{"embeddable":true,"href":"https:\/\/aprendoencasayenclase.mineduc.gob.gt\/index.php\/wp-json\/wp\/v2\/users\/1"}],"replies":[{"embeddable":true,"href":"https:\/\/aprendoencasayenclase.mineduc.gob.gt\/index.php\/wp-json\/wp\/v2\/comments?post=14669"}],"version-history":[{"count":2,"href":"https:\/\/aprendoencasayenclase.mineduc.gob.gt\/index.php\/wp-json\/wp\/v2\/pages\/14669\/revisions"}],"predecessor-version":[{"id":14674,"href":"https:\/\/aprendoencasayenclase.mineduc.gob.gt\/index.php\/wp-json\/wp\/v2\/pages\/14669\/revisions\/14674"}],"wp:attachment":[{"href":"https:\/\/aprendoencasayenclase.mineduc.gob.gt\/index.php\/wp-json\/wp\/v2\/media?parent=14669"}],"curies":[{"name":"wp","href":"https:\/\/api.w.org\/{rel}","templated":true}]}}