{"id":14263,"date":"2020-11-20T17:25:55","date_gmt":"2020-11-20T23:25:55","guid":{"rendered":"https:\/\/aprendoencasa2.mineduc.gob.gt\/?page_id=14263"},"modified":"2020-12-15T11:19:35","modified_gmt":"2020-12-15T17:19:35","slug":"inclusionid209","status":"publish","type":"page","link":"https:\/\/aprendoencasayenclase.mineduc.gob.gt\/index.php\/inclusionid209\/","title":{"rendered":"Inclusi\u00f3n &#8211; Gu\u00edas de aprendizaje"},"content":{"rendered":"[vc_row el_class=&#8221;dt-sc-process-with-caption&#8221;][vc_column]<div class=\"dt-sc-title with-image alignleft\"><h3>Gu\u00edas de<strong style=\"color:#1e73be\">aprendizaje<\/strong><\/h3><span><\/span><h6><\/h6><\/div><div id=\"1527664130620-3995f5cb-bdd1\" class=\"dt-sc-empty-space\"><\/div>[vc_column_text]El Benem\u00e9rito Comit\u00e9 Pro Ciegos y Sordos de Guatemala en cumplimiento al derecho a la educaci\u00f3n de los estudiantes con discapacidad visual, a trav\u00e9s de la unidad de producci\u00f3n bibliogr\u00e1fica, contribuye con el Ministerio de Educaci\u00f3n en la donaci\u00f3n de materiales auditivos (gu\u00edas de aprendizaje) de contenidos acad\u00e9micos para el nivel de educaci\u00f3n primaria.[\/vc_column_text][\/vc_column][\/vc_row][vc_row el_class=&#8221;dt-sc-process-with-caption&#8221;][vc_column width=&#8221;1\/4&#8243;][\/vc_column][vc_column width=&#8221;1\/2&#8243;]<div class=\"dt-sc-title with-image aligncenter\"><h5>Tutorial para sesiones de<strong style=\"color:#1e73be\">aprendizaje Inclusivas<\/strong><\/h5><span><\/span><h6><\/h6><\/div><div id=\"1599585012198-a4f833da-2114\" class=\"dt-sc-empty-space\"><\/div>[vc_column_text]\n<div style=\"width: 640px;\" class=\"wp-video\"><!--[if lt IE 9]><script>document.createElement('video');<\/script><![endif]-->\n<video class=\"wp-video-shortcode\" id=\"video-14263-1\" width=\"640\" height=\"360\" poster=\"https:\/\/aprendoencasayenclase.mineduc.gob.gt\/wp-content\/uploads\/fondo-video-regreso-al-aula.png\" preload=\"metadata\" controls=\"controls\"><source type=\"video\/mp4\" src=\"https:\/\/aprendoencasayenclase.mineduc.gob.gt\/images\/sampledata\/asimages\/Inclusion\/videos\/tutorial-para-sesiones-de-aprendizaje-inclusivas.mp4?_=1\" \/><a href=\"https:\/\/aprendoencasayenclase.mineduc.gob.gt\/images\/sampledata\/asimages\/Inclusion\/videos\/tutorial-para-sesiones-de-aprendizaje-inclusivas.mp4\">https:\/\/aprendoencasayenclase.mineduc.gob.gt\/images\/sampledata\/asimages\/Inclusion\/videos\/tutorial-para-sesiones-de-aprendizaje-inclusivas.mp4<\/a><\/video><\/div>\n[\/vc_column_text][\/vc_column][vc_column width=&#8221;1\/4&#8243;][\/vc_column][\/vc_row][vc_row el_class=&#8221;dt-sc-process-with-caption&#8221;][vc_column][vc_column_text]D\u00e9 clic en cada una de las im\u00e1genes para ver el PDF.[\/vc_column_text][\/vc_column][\/vc_row][vc_row el_class=&#8221;dt-sc-process-with-caption&#8221;][vc_column]<div class=\"dt-sc-title with-image aligncenter\"><h5>Gu\u00eda para la inclusi\u00f3n de estudiantes con discapacidad auditiva o visual en la estrategia<strong style=\"color:#1e73be\">#aprendoencasa del Ministerio de Educaci\u00f3n de Guatemala.<\/strong><\/h5><span><\/span><h6><\/h6><\/div><div id=\"1605917501066-5d36399e-c587\" class=\"dt-sc-empty-space\"><\/div>[vc_single_image source=&#8221;external_link&#8221; alignment=&#8221;center&#8221; external_style=&#8221;vc_box_border&#8221; external_border_color=&#8221;violet&#8221; onclick=&#8221;custom_link&#8221; img_link_target=&#8221;_blank&#8221; css_animation=&#8221;bounceIn&#8221; custom_src=&#8221;https:\/\/aprendoencasayenclase.mineduc.gob.gt\/images\/sampledata\/asimages\/respuesta\/Guia_para_la_inclusion_de_estudiantes.png&#8221; link=&#8221;https:\/\/aprendoencasayenclase.mineduc.gob.gt\/images\/sampledata\/asimages\/respuesta\/pdf\/Guia_para_Inclusion_de_Estudiantes_con_Discapacidad_Ajustes_Razonables.pdf&#8221;]<div class=\"dt-sc-title with-image aligncenter\"><h5>Sugerencias de actividades para ejercitar y reforzar habilidades<strong style=\"color:#1e73be\">en ni\u00f1os con discapacidad de Preprimaria y Primaria.<\/strong><\/h5><span><\/span><h6><\/h6><\/div><div id=\"1605916987335-e6118363-3d6c\" class=\"dt-sc-empty-space\"><\/div>[vc_single_image source=&#8221;external_link&#8221; alignment=&#8221;center&#8221; external_style=&#8221;vc_box_border&#8221; external_border_color=&#8221;pink&#8221; onclick=&#8221;custom_link&#8221; img_link_target=&#8221;_blank&#8221; css_animation=&#8221;bounceIn&#8221; custom_src=&#8221;https:\/\/aprendoencasayenclase.mineduc.gob.gt\/images\/sampledata\/asimages\/respuesta\/guias\/Sugerencias-de-actividades-con-ni%C3%B1os-con-discapacidad.jpg&#8221; link=&#8221;https:\/\/aprendoencasayenclase.mineduc.gob.gt\/images\/sampledata\/asimages\/respuesta\/pdf\/Sugerencias-de-actividades-con-ni%C3%B1os-con-discapacidad.pdf&#8221;]<div id=\"1608052736102-3f10d5d3-4de2\" class=\"dt-sc-empty-space\"><\/div><div class=\"dt-sc-title with-image aligncenter\"><h5>Sesiones de<strong style=\"color:#1e73be\">Aprendizaje Inclusivas<\/strong><\/h5><span><\/span><h6><\/h6><\/div><div id=\"1605917507886-3e7ce2f0-6afe\" class=\"dt-sc-empty-space\"><\/div>[vc_single_image source=&#8221;external_link&#8221; alignment=&#8221;center&#8221; external_style=&#8221;vc_box_border&#8221; external_border_color=&#8221;green&#8221; onclick=&#8221;custom_link&#8221; img_link_target=&#8221;_blank&#8221; css_animation=&#8221;bounceIn&#8221; custom_src=&#8221;https:\/\/aprendoencasayenclase.mineduc.gob.gt\/images\/sampledata\/asimages\/Inclusion\/img\/sesiones-aprendizaje-inclusivas.jpg&#8221; link=&#8221;https:\/\/aprendoencasayenclase.mineduc.gob.gt\/images\/sampledata\/asimages\/Inclusion\/pdf\/Sesiones-de-Aprendizaje-Inclusivas.pdf&#8221;][\/vc_column][\/vc_row]\n","protected":false},"excerpt":{"rendered":"<p>[vc_row el_class=&#8221;dt-sc-process-with-caption&#8221;][vc_column][vc_column_text]El Benem\u00e9rito Comit\u00e9 Pro Ciegos y Sordos de Guatemala en cumplimiento al derecho a la educaci\u00f3n de los estudiantes con discapacidad visual, a trav\u00e9s de la unidad de producci\u00f3n bibliogr\u00e1fica, contribuye con el Ministerio de Educaci\u00f3n en la donaci\u00f3n de materiales auditivos (gu\u00edas de aprendizaje) de contenidos acad\u00e9micos para el nivel de educaci\u00f3n primaria.[\/vc_column_text][\/vc_column][\/vc_row][vc_row<a class=\"moretag\" href=\"https:\/\/aprendoencasayenclase.mineduc.gob.gt\/index.php\/inclusionid209\/\"> Continuar&#8230;<\/a><\/p>\n","protected":false},"author":1,"featured_media":0,"parent":0,"menu_order":0,"comment_status":"closed","ping_status":"closed","template":"","meta":[],"yoast_head":"<!-- This site is optimized with the Yoast SEO plugin v19.6.1 - https:\/\/yoast.com\/wordpress\/plugins\/seo\/ -->\n<title>Inclusi\u00f3n - Gu\u00edas de aprendizaje - Aprendoencasayenclase<\/title>\n<meta name=\"robots\" content=\"index, follow, max-snippet:-1, max-image-preview:large, max-video-preview:-1\" \/>\n<link rel=\"canonical\" href=\"https:\/\/aprendoencasayenclase.mineduc.gob.gt\/index.php\/inclusionid209\/\" \/>\n<meta property=\"og:locale\" content=\"es_ES\" \/>\n<meta property=\"og:type\" content=\"article\" \/>\n<meta property=\"og:title\" content=\"Inclusi\u00f3n - Gu\u00edas de aprendizaje - Aprendoencasayenclase\" \/>\n<meta property=\"og:description\" content=\"[vc_row el_class=&#8221;dt-sc-process-with-caption&#8221;][vc_column][vc_column_text]El Benem\u00e9rito Comit\u00e9 Pro Ciegos y Sordos de Guatemala en cumplimiento al derecho a la educaci\u00f3n de los estudiantes con discapacidad visual, a trav\u00e9s de la unidad de producci\u00f3n bibliogr\u00e1fica, contribuye con el Ministerio de Educaci\u00f3n en la donaci\u00f3n de materiales auditivos (gu\u00edas de aprendizaje) de contenidos acad\u00e9micos para el nivel de educaci\u00f3n primaria.[\/vc_column_text][\/vc_column][\/vc_row][vc_row Continuar...\" \/>\n<meta property=\"og:url\" content=\"https:\/\/aprendoencasayenclase.mineduc.gob.gt\/index.php\/inclusionid209\/\" \/>\n<meta property=\"og:site_name\" content=\"Aprendoencasayenclase\" \/>\n<meta property=\"article:modified_time\" content=\"2020-12-15T17:19:35+00:00\" \/>\n<meta name=\"twitter:card\" content=\"summary_large_image\" \/>\n<meta name=\"twitter:label1\" content=\"Est. reading time\" \/>\n\t<meta name=\"twitter:data1\" content=\"3 minutos\" \/>\n<script type=\"application\/ld+json\" class=\"yoast-schema-graph\">{\"@context\":\"https:\/\/schema.org\",\"@graph\":[{\"@type\":\"WebPage\",\"@id\":\"https:\/\/aprendoencasayenclase.mineduc.gob.gt\/index.php\/inclusionid209\/\",\"url\":\"https:\/\/aprendoencasayenclase.mineduc.gob.gt\/index.php\/inclusionid209\/\",\"name\":\"Inclusi\u00f3n - Gu\u00edas de aprendizaje - Aprendoencasayenclase\",\"isPartOf\":{\"@id\":\"https:\/\/aprendoencasayenclase.mineduc.gob.gt\/#website\"},\"datePublished\":\"2020-11-20T23:25:55+00:00\",\"dateModified\":\"2020-12-15T17:19:35+00:00\",\"breadcrumb\":{\"@id\":\"https:\/\/aprendoencasayenclase.mineduc.gob.gt\/index.php\/inclusionid209\/#breadcrumb\"},\"inLanguage\":\"es\",\"potentialAction\":[{\"@type\":\"ReadAction\",\"target\":[\"https:\/\/aprendoencasayenclase.mineduc.gob.gt\/index.php\/inclusionid209\/\"]}]},{\"@type\":\"BreadcrumbList\",\"@id\":\"https:\/\/aprendoencasayenclase.mineduc.gob.gt\/index.php\/inclusionid209\/#breadcrumb\",\"itemListElement\":[{\"@type\":\"ListItem\",\"position\":1,\"name\":\"Inicio\",\"item\":\"https:\/\/aprendoencasayenclase.mineduc.gob.gt\/\"},{\"@type\":\"ListItem\",\"position\":2,\"name\":\"Inclusi\u00f3n &#8211; Gu\u00edas de aprendizaje\"}]},{\"@type\":\"WebSite\",\"@id\":\"https:\/\/aprendoencasayenclase.mineduc.gob.gt\/#website\",\"url\":\"https:\/\/aprendoencasayenclase.mineduc.gob.gt\/\",\"name\":\"Aprendoencasa\",\"description\":\"Aprendo\",\"potentialAction\":[{\"@type\":\"SearchAction\",\"target\":{\"@type\":\"EntryPoint\",\"urlTemplate\":\"https:\/\/aprendoencasayenclase.mineduc.gob.gt\/?s={search_term_string}\"},\"query-input\":\"required name=search_term_string\"}],\"inLanguage\":\"es\"}]}<\/script>\n<!-- \/ Yoast SEO plugin. -->","yoast_head_json":{"title":"Inclusi\u00f3n - Gu\u00edas de aprendizaje - Aprendoencasayenclase","robots":{"index":"index","follow":"follow","max-snippet":"max-snippet:-1","max-image-preview":"max-image-preview:large","max-video-preview":"max-video-preview:-1"},"canonical":"https:\/\/aprendoencasayenclase.mineduc.gob.gt\/index.php\/inclusionid209\/","og_locale":"es_ES","og_type":"article","og_title":"Inclusi\u00f3n - Gu\u00edas de aprendizaje - Aprendoencasayenclase","og_description":"[vc_row el_class=&#8221;dt-sc-process-with-caption&#8221;][vc_column][vc_column_text]El Benem\u00e9rito Comit\u00e9 Pro Ciegos y Sordos de Guatemala en cumplimiento al derecho a la educaci\u00f3n de los estudiantes con discapacidad visual, a trav\u00e9s de la unidad de producci\u00f3n bibliogr\u00e1fica, contribuye con el Ministerio de Educaci\u00f3n en la donaci\u00f3n de materiales auditivos (gu\u00edas de aprendizaje) de contenidos acad\u00e9micos para el nivel de educaci\u00f3n primaria.[\/vc_column_text][\/vc_column][\/vc_row][vc_row Continuar...","og_url":"https:\/\/aprendoencasayenclase.mineduc.gob.gt\/index.php\/inclusionid209\/","og_site_name":"Aprendoencasayenclase","article_modified_time":"2020-12-15T17:19:35+00:00","twitter_card":"summary_large_image","twitter_misc":{"Est. reading time":"3 minutos"},"schema":{"@context":"https:\/\/schema.org","@graph":[{"@type":"WebPage","@id":"https:\/\/aprendoencasayenclase.mineduc.gob.gt\/index.php\/inclusionid209\/","url":"https:\/\/aprendoencasayenclase.mineduc.gob.gt\/index.php\/inclusionid209\/","name":"Inclusi\u00f3n - Gu\u00edas de aprendizaje - Aprendoencasayenclase","isPartOf":{"@id":"https:\/\/aprendoencasayenclase.mineduc.gob.gt\/#website"},"datePublished":"2020-11-20T23:25:55+00:00","dateModified":"2020-12-15T17:19:35+00:00","breadcrumb":{"@id":"https:\/\/aprendoencasayenclase.mineduc.gob.gt\/index.php\/inclusionid209\/#breadcrumb"},"inLanguage":"es","potentialAction":[{"@type":"ReadAction","target":["https:\/\/aprendoencasayenclase.mineduc.gob.gt\/index.php\/inclusionid209\/"]}]},{"@type":"BreadcrumbList","@id":"https:\/\/aprendoencasayenclase.mineduc.gob.gt\/index.php\/inclusionid209\/#breadcrumb","itemListElement":[{"@type":"ListItem","position":1,"name":"Inicio","item":"https:\/\/aprendoencasayenclase.mineduc.gob.gt\/"},{"@type":"ListItem","position":2,"name":"Inclusi\u00f3n &#8211; Gu\u00edas de aprendizaje"}]},{"@type":"WebSite","@id":"https:\/\/aprendoencasayenclase.mineduc.gob.gt\/#website","url":"https:\/\/aprendoencasayenclase.mineduc.gob.gt\/","name":"Aprendoencasa","description":"Aprendo","potentialAction":[{"@type":"SearchAction","target":{"@type":"EntryPoint","urlTemplate":"https:\/\/aprendoencasayenclase.mineduc.gob.gt\/?s={search_term_string}"},"query-input":"required name=search_term_string"}],"inLanguage":"es"}]}},"_links":{"self":[{"href":"https:\/\/aprendoencasayenclase.mineduc.gob.gt\/index.php\/wp-json\/wp\/v2\/pages\/14263"}],"collection":[{"href":"https:\/\/aprendoencasayenclase.mineduc.gob.gt\/index.php\/wp-json\/wp\/v2\/pages"}],"about":[{"href":"https:\/\/aprendoencasayenclase.mineduc.gob.gt\/index.php\/wp-json\/wp\/v2\/types\/page"}],"author":[{"embeddable":true,"href":"https:\/\/aprendoencasayenclase.mineduc.gob.gt\/index.php\/wp-json\/wp\/v2\/users\/1"}],"replies":[{"embeddable":true,"href":"https:\/\/aprendoencasayenclase.mineduc.gob.gt\/index.php\/wp-json\/wp\/v2\/comments?post=14263"}],"version-history":[{"count":26,"href":"https:\/\/aprendoencasayenclase.mineduc.gob.gt\/index.php\/wp-json\/wp\/v2\/pages\/14263\/revisions"}],"predecessor-version":[{"id":16168,"href":"https:\/\/aprendoencasayenclase.mineduc.gob.gt\/index.php\/wp-json\/wp\/v2\/pages\/14263\/revisions\/16168"}],"wp:attachment":[{"href":"https:\/\/aprendoencasayenclase.mineduc.gob.gt\/index.php\/wp-json\/wp\/v2\/media?parent=14263"}],"curies":[{"name":"wp","href":"https:\/\/api.w.org\/{rel}","templated":true}]}}