{"id":13605,"date":"2020-11-06T22:37:20","date_gmt":"2020-11-07T04:37:20","guid":{"rendered":"https:\/\/aprendoencasa2.mineduc.gob.gt\/?page_id=13605"},"modified":"2020-12-15T13:50:18","modified_gmt":"2020-12-15T19:50:18","slug":"protocolo-para-el-docente","status":"publish","type":"page","link":"https:\/\/aprendoencasayenclase.mineduc.gob.gt\/index.php\/protocolo-para-el-docente\/","title":{"rendered":"Protocolo para trabajar en casa"},"content":{"rendered":"[vc_row][vc_column][vc_column_text]D\u00e9 clic sobre las im\u00e1genes para ver m\u00e1s informaci\u00f3n.[\/vc_column_text]<div id=\"1608061698376-782ed56f-8546\" class=\"dt-sc-empty-space\"><\/div>[\/vc_column][\/vc_row][vc_row][vc_column width=&#8221;1\/2&#8243;]<div class=\"dt-sc-title with-image \"><h4>Ficha<strong style=\"color:#1e73be\">informativa<\/strong><\/h4><span><\/span><h6><\/h6><\/div><div id=\"1604724100415-55b666a0-9f2d\" class=\"dt-sc-empty-space\"><\/div><div class=\"ult-animation  ult-animate-viewport  ult-no-mobile \" data-animate=\"pulse\" data-animation-delay=\"0\" data-animation-duration=\"3\" data-animation-iteration=\"0.3\" style=\"opacity:0;\" data-opacity_start_effect=\"\">[vc_single_image source=&#8221;external_link&#8221; external_img_size=&#8221;400&#215;550&#8243; external_style=&#8221;vc_box_border&#8221; external_border_color=&#8221;juicy_pink&#8221; onclick=&#8221;custom_link&#8221; img_link_target=&#8221;_blank&#8221; custom_src=&#8221;https:\/\/aprendoencasayenclase.mineduc.gob.gt\/images\/sampledata\/asimages\/prevencion\/docentes\/ficha-informativa.jpg&#8221; link=&#8221;https:\/\/aprendoencasayenclase.mineduc.gob.gt\/images\/sampledata\/asimages\/prevencion\/docentes\/pdf\/ficha-informativa-docente.pdf&#8221;]<\/div><div id=\"1602995053926-8e782caa-f917\" class=\"dt-sc-empty-space\"><\/div>[\/vc_column][vc_column width=&#8221;1\/2&#8243;]<div class=\"dt-sc-title with-image \"><h4>\u00bfQu\u00e9 hacer<strong style=\"color:#1e73be\">ante un posible contagio?<\/strong><\/h4><span><\/span><h6><\/h6><\/div><div id=\"1604724089034-a1b8a5dd-7575\" class=\"dt-sc-empty-space\"><\/div><div class=\"ult-animation  ult-animate-viewport  ult-no-mobile \" data-animate=\"pulse\" data-animation-delay=\"0\" data-animation-duration=\"3\" data-animation-iteration=\"0.3\" style=\"opacity:0;\" data-opacity_start_effect=\"\">[vc_single_image source=&#8221;external_link&#8221; external_img_size=&#8221;400&#215;550&#8243; external_style=&#8221;vc_box_border&#8221; external_border_color=&#8221;vista_blue&#8221; onclick=&#8221;custom_link&#8221; img_link_target=&#8221;_blank&#8221; custom_src=&#8221;https:\/\/aprendoencasayenclase.mineduc.gob.gt\/images\/sampledata\/asimages\/prevencion\/docentes\/protocolo.jpg&#8221; link=&#8221;https:\/\/aprendoencasayenclase.mineduc.gob.gt\/images\/sampledata\/asimages\/prevencion\/docentes\/pdf\/Protocolo-Coronavirus-PATROCINADOR.pdf&#8221;]<\/div>[\/vc_column][\/vc_row]\n","protected":false},"excerpt":{"rendered":"<p>[vc_row][vc_column][vc_column_text]D\u00e9 clic sobre las im\u00e1genes para ver m\u00e1s informaci\u00f3n.[\/vc_column_text][\/vc_column][\/vc_row][vc_row][vc_column width=&#8221;1\/2&#8243;][\/vc_column][vc_column width=&#8221;1\/2&#8243;][\/vc_column][\/vc_row]<\/p>\n","protected":false},"author":1,"featured_media":0,"parent":0,"menu_order":0,"comment_status":"closed","ping_status":"closed","template":"","meta":[],"yoast_head":"<!-- This site is optimized with the Yoast SEO plugin v19.6.1 - https:\/\/yoast.com\/wordpress\/plugins\/seo\/ -->\n<title>Protocolo para trabajar en casa - Aprendoencasayenclase<\/title>\n<meta name=\"robots\" content=\"index, follow, max-snippet:-1, max-image-preview:large, max-video-preview:-1\" \/>\n<link rel=\"canonical\" href=\"https:\/\/aprendoencasayenclase.mineduc.gob.gt\/index.php\/protocolo-para-el-docente\/\" \/>\n<meta property=\"og:locale\" content=\"es_ES\" \/>\n<meta property=\"og:type\" content=\"article\" \/>\n<meta property=\"og:title\" content=\"Protocolo para trabajar en casa - Aprendoencasayenclase\" \/>\n<meta property=\"og:description\" content=\"[vc_row][vc_column][vc_column_text]D\u00e9 clic sobre las im\u00e1genes para ver m\u00e1s informaci\u00f3n.[\/vc_column_text][\/vc_column][\/vc_row][vc_row][vc_column width=&#8221;1\/2&#8243;][\/vc_column][vc_column width=&#8221;1\/2&#8243;][\/vc_column][\/vc_row]\" \/>\n<meta property=\"og:url\" content=\"https:\/\/aprendoencasayenclase.mineduc.gob.gt\/index.php\/protocolo-para-el-docente\/\" \/>\n<meta property=\"og:site_name\" content=\"Aprendoencasayenclase\" \/>\n<meta property=\"article:modified_time\" content=\"2020-12-15T19:50:18+00:00\" \/>\n<meta name=\"twitter:card\" content=\"summary_large_image\" \/>\n<meta name=\"twitter:label1\" content=\"Est. reading time\" \/>\n\t<meta name=\"twitter:data1\" content=\"1 minuto\" \/>\n<script type=\"application\/ld+json\" class=\"yoast-schema-graph\">{\"@context\":\"https:\/\/schema.org\",\"@graph\":[{\"@type\":\"WebPage\",\"@id\":\"https:\/\/aprendoencasayenclase.mineduc.gob.gt\/index.php\/protocolo-para-el-docente\/\",\"url\":\"https:\/\/aprendoencasayenclase.mineduc.gob.gt\/index.php\/protocolo-para-el-docente\/\",\"name\":\"Protocolo para trabajar en casa - Aprendoencasayenclase\",\"isPartOf\":{\"@id\":\"https:\/\/aprendoencasayenclase.mineduc.gob.gt\/#website\"},\"datePublished\":\"2020-11-07T04:37:20+00:00\",\"dateModified\":\"2020-12-15T19:50:18+00:00\",\"breadcrumb\":{\"@id\":\"https:\/\/aprendoencasayenclase.mineduc.gob.gt\/index.php\/protocolo-para-el-docente\/#breadcrumb\"},\"inLanguage\":\"es\",\"potentialAction\":[{\"@type\":\"ReadAction\",\"target\":[\"https:\/\/aprendoencasayenclase.mineduc.gob.gt\/index.php\/protocolo-para-el-docente\/\"]}]},{\"@type\":\"BreadcrumbList\",\"@id\":\"https:\/\/aprendoencasayenclase.mineduc.gob.gt\/index.php\/protocolo-para-el-docente\/#breadcrumb\",\"itemListElement\":[{\"@type\":\"ListItem\",\"position\":1,\"name\":\"Inicio\",\"item\":\"https:\/\/aprendoencasayenclase.mineduc.gob.gt\/\"},{\"@type\":\"ListItem\",\"position\":2,\"name\":\"Protocolo para trabajar en casa\"}]},{\"@type\":\"WebSite\",\"@id\":\"https:\/\/aprendoencasayenclase.mineduc.gob.gt\/#website\",\"url\":\"https:\/\/aprendoencasayenclase.mineduc.gob.gt\/\",\"name\":\"Aprendoencasa\",\"description\":\"Aprendo\",\"potentialAction\":[{\"@type\":\"SearchAction\",\"target\":{\"@type\":\"EntryPoint\",\"urlTemplate\":\"https:\/\/aprendoencasayenclase.mineduc.gob.gt\/?s={search_term_string}\"},\"query-input\":\"required name=search_term_string\"}],\"inLanguage\":\"es\"}]}<\/script>\n<!-- \/ Yoast SEO plugin. -->","yoast_head_json":{"title":"Protocolo para trabajar en casa - Aprendoencasayenclase","robots":{"index":"index","follow":"follow","max-snippet":"max-snippet:-1","max-image-preview":"max-image-preview:large","max-video-preview":"max-video-preview:-1"},"canonical":"https:\/\/aprendoencasayenclase.mineduc.gob.gt\/index.php\/protocolo-para-el-docente\/","og_locale":"es_ES","og_type":"article","og_title":"Protocolo para trabajar en casa - Aprendoencasayenclase","og_description":"[vc_row][vc_column][vc_column_text]D\u00e9 clic sobre las im\u00e1genes para ver m\u00e1s informaci\u00f3n.[\/vc_column_text][\/vc_column][\/vc_row][vc_row][vc_column width=&#8221;1\/2&#8243;][\/vc_column][vc_column width=&#8221;1\/2&#8243;][\/vc_column][\/vc_row]","og_url":"https:\/\/aprendoencasayenclase.mineduc.gob.gt\/index.php\/protocolo-para-el-docente\/","og_site_name":"Aprendoencasayenclase","article_modified_time":"2020-12-15T19:50:18+00:00","twitter_card":"summary_large_image","twitter_misc":{"Est. reading time":"1 minuto"},"schema":{"@context":"https:\/\/schema.org","@graph":[{"@type":"WebPage","@id":"https:\/\/aprendoencasayenclase.mineduc.gob.gt\/index.php\/protocolo-para-el-docente\/","url":"https:\/\/aprendoencasayenclase.mineduc.gob.gt\/index.php\/protocolo-para-el-docente\/","name":"Protocolo para trabajar en casa - Aprendoencasayenclase","isPartOf":{"@id":"https:\/\/aprendoencasayenclase.mineduc.gob.gt\/#website"},"datePublished":"2020-11-07T04:37:20+00:00","dateModified":"2020-12-15T19:50:18+00:00","breadcrumb":{"@id":"https:\/\/aprendoencasayenclase.mineduc.gob.gt\/index.php\/protocolo-para-el-docente\/#breadcrumb"},"inLanguage":"es","potentialAction":[{"@type":"ReadAction","target":["https:\/\/aprendoencasayenclase.mineduc.gob.gt\/index.php\/protocolo-para-el-docente\/"]}]},{"@type":"BreadcrumbList","@id":"https:\/\/aprendoencasayenclase.mineduc.gob.gt\/index.php\/protocolo-para-el-docente\/#breadcrumb","itemListElement":[{"@type":"ListItem","position":1,"name":"Inicio","item":"https:\/\/aprendoencasayenclase.mineduc.gob.gt\/"},{"@type":"ListItem","position":2,"name":"Protocolo para trabajar en casa"}]},{"@type":"WebSite","@id":"https:\/\/aprendoencasayenclase.mineduc.gob.gt\/#website","url":"https:\/\/aprendoencasayenclase.mineduc.gob.gt\/","name":"Aprendoencasa","description":"Aprendo","potentialAction":[{"@type":"SearchAction","target":{"@type":"EntryPoint","urlTemplate":"https:\/\/aprendoencasayenclase.mineduc.gob.gt\/?s={search_term_string}"},"query-input":"required name=search_term_string"}],"inLanguage":"es"}]}},"_links":{"self":[{"href":"https:\/\/aprendoencasayenclase.mineduc.gob.gt\/index.php\/wp-json\/wp\/v2\/pages\/13605"}],"collection":[{"href":"https:\/\/aprendoencasayenclase.mineduc.gob.gt\/index.php\/wp-json\/wp\/v2\/pages"}],"about":[{"href":"https:\/\/aprendoencasayenclase.mineduc.gob.gt\/index.php\/wp-json\/wp\/v2\/types\/page"}],"author":[{"embeddable":true,"href":"https:\/\/aprendoencasayenclase.mineduc.gob.gt\/index.php\/wp-json\/wp\/v2\/users\/1"}],"replies":[{"embeddable":true,"href":"https:\/\/aprendoencasayenclase.mineduc.gob.gt\/index.php\/wp-json\/wp\/v2\/comments?post=13605"}],"version-history":[{"count":8,"href":"https:\/\/aprendoencasayenclase.mineduc.gob.gt\/index.php\/wp-json\/wp\/v2\/pages\/13605\/revisions"}],"predecessor-version":[{"id":16225,"href":"https:\/\/aprendoencasayenclase.mineduc.gob.gt\/index.php\/wp-json\/wp\/v2\/pages\/13605\/revisions\/16225"}],"wp:attachment":[{"href":"https:\/\/aprendoencasayenclase.mineduc.gob.gt\/index.php\/wp-json\/wp\/v2\/media?parent=13605"}],"curies":[{"name":"wp","href":"https:\/\/api.w.org\/{rel}","templated":true}]}}