{"id":13267,"date":"2020-10-08T15:36:31","date_gmt":"2020-10-08T21:36:31","guid":{"rendered":"https:\/\/aprendoencasa2.mineduc.gob.gt\/?page_id=13267"},"modified":"2021-02-21T14:38:07","modified_gmt":"2021-02-21T20:38:07","slug":"bloom","status":"publish","type":"page","link":"https:\/\/aprendoencasayenclase.mineduc.gob.gt\/index.php\/bloom\/","title":{"rendered":"Biblioteca virtual &#8211; Bloom"},"content":{"rendered":"[vc_row equal_height=&#8221;yes&#8221;][vc_column width=&#8221;2\/3&#8243;][vc_column_text]\n<h4>Bloom<\/h4>\n<p style=\"text-align: left;\">Estanter\u00eda con una colecci\u00f3n de libros y materiales de lectura, articulados con el Curr\u00edculum Nacional Base, desarrollados por estudiantes, docentes, t\u00e9cnicos, escritores y poblaci\u00f3n guatemalteca en general.<\/p>\n[\/vc_column_text]<div id=\"1602126911217-39a20ca2-c195\" class=\"dt-sc-empty-space\"><\/div>[\/vc_column][vc_column width=&#8221;1\/3&#8243;][vc_column_text]\n<p style=\"text-align: left;\">D\u00e9 clic en la imagen para ir al sitio web.<\/p>\n[\/vc_column_text]<div class=\"ult-animation  ult-animate-viewport  ult-no-mobile \" data-animate=\"bounce\" data-animation-delay=\"0\" data-animation-duration=\"3\" data-animation-iteration=\"0.8\" style=\"opacity:0;\" data-opacity_start_effect=\"\">[vc_single_image image=&#8221;13269&#8243; img_size=&#8221;large&#8221; onclick=&#8221;custom_link&#8221; img_link_target=&#8221;_blank&#8221; link=&#8221;https:\/\/bloomlibrary.org\/browse?shelf=Ministerio%20de%20Educaci%C3%B3n%20de%20Guatemala&#8221;]<\/div><div id=\"1602126924196-20f0a566-d989\" class=\"dt-sc-empty-space\"><\/div>[\/vc_column][\/vc_row][vc_row][vc_column width=&#8221;1\/4&#8243;][\/vc_column][vc_column width=&#8221;1\/2&#8243;]<div class=\"dt-sc-title with-image aligncenter\"><h4>Biblioteca<strong style=\"color:#1e73be\">virtual<\/strong><\/h4><span><\/span><h6><\/h6><\/div>[\/vc_column][vc_column width=&#8221;1\/4&#8243;][\/vc_column][\/vc_row][vc_row equal_height=&#8221;yes&#8221; css=&#8221;.vc_custom_1605161823588{background-color: #fcfcfc !important;}&#8221;][vc_column width=&#8221;1\/4&#8243; el_class=&#8221;rs_col-sm-6&#8243;]<div id=\"1602124923993-a127da10-19ee\" class=\"dt-sc-empty-space\"><\/div><div class=\"ult-animation  ult-animate-viewport  ult-no-mobile \" data-animate=\"flipInY\" data-animation-delay=\"0.8\" data-animation-duration=\"1\" data-animation-iteration=\"1\" style=\"opacity:0;\" data-opacity_start_effect=\"\"><div class='dt-sc-icon-box type6 darkgolden no-icon-bg'><div class=\"icon-wrapper\"><img width=\"160\" height=\"130\" src=\"https:\/\/aprendoencasayenclase.mineduc.gob.gt\/wp-content\/uploads\/ico-wikiguate.png\" class=\"attachment-full\" alt=\"\" loading=\"lazy\" \/><\/div><div class=\"icon-content\"><h4>Wikiguate<\/h4><p>Enciclopedia en l\u00ednea sobre Guatemala, facilita los procesos de ense\u00f1anza y aprendizaje con pertinencia ling\u00fc\u00edstica y cultural, de las tecnolog\u00edas de la informaci\u00f3n y la comunicaci\u00f3n (TIC) une idiomas Mam y k\u2019iche\u2019. <a href='http:\/\/aprendoencasayenclase.mineduc.gob.gt\/index.php\/wikiguate\/' target='_self' title='' class='dt-sc-button   medium   filled  ' > Entrar <\/a><\/p><\/div><\/div><\/div>[\/vc_column][vc_column width=&#8221;1\/4&#8243;]<div id=\"1602124950552-cbef5a3a-9764\" class=\"dt-sc-empty-space\"><\/div><div class=\"ult-animation  ult-animate-viewport  ult-no-mobile \" data-animate=\"flipInY\" data-animation-delay=\"0.8\" data-animation-duration=\"1\" data-animation-iteration=\"1\" style=\"opacity:0;\" data-opacity_start_effect=\"\"><div class='dt-sc-icon-box type6 green no-icon-bg'><div class=\"icon-wrapper\"><img width=\"160\" height=\"130\" src=\"https:\/\/aprendoencasayenclase.mineduc.gob.gt\/wp-content\/uploads\/ico-britannica.png\" class=\"attachment-full\" alt=\"\" loading=\"lazy\" \/><\/div><div class=\"icon-content\"><h4>Britannica<\/h4><p>Este espacio contiene art\u00edculos actualizados de inter\u00e9s, recursos multimedia y otros materiales de aprendizaje que apoyan la investigaci\u00f3n de los estudiantes y refuerzan la programaci\u00f3n curricular. <a href='http:\/\/aprendoencasayenclase.mineduc.gob.gt\/index.php\/britannica\/' target='_self' title='' class='dt-sc-button   medium   filled  ' > Entrar <\/a><\/p><\/div><\/div><\/div>[\/vc_column][vc_column width=&#8221;1\/4&#8243;]<div id=\"1602124953728-42e40fc7-e0f4\" class=\"dt-sc-empty-space\"><\/div><div class=\"ult-animation  ult-animate-viewport  ult-no-mobile \" data-animate=\"flipInY\" data-animation-delay=\"0.8\" data-animation-duration=\"1\" data-animation-iteration=\"1\" style=\"opacity:0;\" data-opacity_start_effect=\"\"><div class='dt-sc-icon-box type6 skyblue no-icon-bg'><div class=\"icon-wrapper\"><img width=\"160\" height=\"130\" src=\"https:\/\/aprendoencasayenclase.mineduc.gob.gt\/wp-content\/uploads\/ico-odilo.png\" class=\"attachment-full\" alt=\"\" loading=\"lazy\" \/><\/div><div class=\"icon-content\"><h4>Odilo<\/h4><p>Es un cat\u00e1logo de contenidos multimedia contiene e-books, audiolibros, revistas, materiales educativos, podcasts, cursos, v\u00eddeos y m\u00e1s. Accesibles desde todos los dispositivos de manera online y offline. <a href='http:\/\/aprendoencasayenclase.mineduc.gob.gt\/index.php\/odilo\/' target='_self' title='' class='dt-sc-button   medium   filled  ' > Entrar <\/a><\/p><\/div><\/div><\/div>[\/vc_column][vc_column width=&#8221;1\/4&#8243;]<div id=\"1602124957044-7cab4dbb-854c\" class=\"dt-sc-empty-space\"><\/div><div class=\"ult-animation  ult-animate-viewport  ult-no-mobile \" data-animate=\"flipInY\" data-animation-delay=\"0.8\" data-animation-duration=\"1\" data-animation-iteration=\"1\" style=\"opacity:0;\" data-opacity_start_effect=\"\"><div class='dt-sc-icon-box type6 pink no-icon-bg'><div class=\"icon-wrapper\"><img width=\"160\" height=\"130\" src=\"https:\/\/aprendoencasayenclase.mineduc.gob.gt\/wp-content\/uploads\/ico-bloom.png\" class=\"attachment-full\" alt=\"\" loading=\"lazy\" \/><\/div><div class=\"icon-content\"><h4>Bloom<\/h4><p>Estanter\u00eda con una colecci\u00f3n de libros y materiales de lectura, articulados con el Curr\u00edculum Nacional Base, desarrollados por estudiantes, docentes, t\u00e9cnicos, escritores y poblaci\u00f3n guatemalteca. <a href='http:\/\/aprendoencasayenclase.mineduc.gob.gt\/index.php\/bloom\/' target='_self' title='' class='dt-sc-button   medium   filled  ' > Entrar <\/a><\/p><\/div><\/div><\/div>[\/vc_column][\/vc_row][vc_row][vc_column]<div id=\"1608059187146-cd671c45-6c20\" class=\"dt-sc-empty-space\"><\/div>[\/vc_column][\/vc_row]\n","protected":false},"excerpt":{"rendered":"<p>[vc_row equal_height=&#8221;yes&#8221;][vc_column width=&#8221;2\/3&#8243;][vc_column_text] Bloom Estanter\u00eda con una colecci\u00f3n de libros y materiales de lectura, articulados con el Curr\u00edculum Nacional Base, desarrollados por estudiantes, docentes, t\u00e9cnicos, escritores y poblaci\u00f3n guatemalteca en general. [\/vc_column_text][\/vc_column][vc_column width=&#8221;1\/3&#8243;][vc_column_text] D\u00e9 clic en la imagen para ir al sitio web. [\/vc_column_text][\/vc_column][\/vc_row][vc_row][vc_column width=&#8221;1\/4&#8243;][\/vc_column][vc_column width=&#8221;1\/2&#8243;][\/vc_column][vc_column width=&#8221;1\/4&#8243;][\/vc_column][\/vc_row][vc_row equal_height=&#8221;yes&#8221; css=&#8221;.vc_custom_1605161823588{background-color: #fcfcfc !important;}&#8221;][vc_column width=&#8221;1\/4&#8243; el_class=&#8221;rs_col-sm-6&#8243;][\/vc_column][vc_column width=&#8221;1\/4&#8243;][\/vc_column][vc_column width=&#8221;1\/4&#8243;][\/vc_column][vc_column<a class=\"moretag\" href=\"https:\/\/aprendoencasayenclase.mineduc.gob.gt\/index.php\/bloom\/\"> Continuar&#8230;<\/a><\/p>\n","protected":false},"author":1,"featured_media":0,"parent":0,"menu_order":0,"comment_status":"closed","ping_status":"closed","template":"","meta":[],"yoast_head":"<!-- This site is optimized with the Yoast SEO plugin v19.6.1 - https:\/\/yoast.com\/wordpress\/plugins\/seo\/ -->\n<title>Biblioteca virtual - Bloom - Aprendoencasayenclase<\/title>\n<meta name=\"robots\" content=\"index, follow, max-snippet:-1, max-image-preview:large, max-video-preview:-1\" \/>\n<link rel=\"canonical\" href=\"https:\/\/aprendoencasayenclase.mineduc.gob.gt\/index.php\/bloom\/\" \/>\n<meta property=\"og:locale\" content=\"es_ES\" \/>\n<meta property=\"og:type\" content=\"article\" \/>\n<meta property=\"og:title\" content=\"Biblioteca virtual - Bloom - Aprendoencasayenclase\" \/>\n<meta property=\"og:description\" content=\"[vc_row equal_height=&#8221;yes&#8221;][vc_column width=&#8221;2\/3&#8243;][vc_column_text] Bloom Estanter\u00eda con una colecci\u00f3n de libros y materiales de lectura, articulados con el Curr\u00edculum Nacional Base, desarrollados por estudiantes, docentes, t\u00e9cnicos, escritores y poblaci\u00f3n guatemalteca en general. [\/vc_column_text][\/vc_column][vc_column width=&#8221;1\/3&#8243;][vc_column_text] D\u00e9 clic en la imagen para ir al sitio web. [\/vc_column_text][\/vc_column][\/vc_row][vc_row][vc_column width=&#8221;1\/4&#8243;][\/vc_column][vc_column width=&#8221;1\/2&#8243;][\/vc_column][vc_column width=&#8221;1\/4&#8243;][\/vc_column][\/vc_row][vc_row equal_height=&#8221;yes&#8221; css=&#8221;.vc_custom_1605161823588{background-color: #fcfcfc !important;}&#8221;][vc_column width=&#8221;1\/4&#8243; el_class=&#8221;rs_col-sm-6&#8243;][\/vc_column][vc_column width=&#8221;1\/4&#8243;][\/vc_column][vc_column width=&#8221;1\/4&#8243;][\/vc_column][vc_column Continuar...\" \/>\n<meta property=\"og:url\" content=\"https:\/\/aprendoencasayenclase.mineduc.gob.gt\/index.php\/bloom\/\" \/>\n<meta property=\"og:site_name\" content=\"Aprendoencasayenclase\" \/>\n<meta property=\"article:modified_time\" content=\"2021-02-21T20:38:07+00:00\" \/>\n<meta name=\"twitter:card\" content=\"summary_large_image\" \/>\n<meta name=\"twitter:label1\" content=\"Est. reading time\" \/>\n\t<meta name=\"twitter:data1\" content=\"3 minutos\" \/>\n<script type=\"application\/ld+json\" class=\"yoast-schema-graph\">{\"@context\":\"https:\/\/schema.org\",\"@graph\":[{\"@type\":\"WebPage\",\"@id\":\"https:\/\/aprendoencasayenclase.mineduc.gob.gt\/index.php\/bloom\/\",\"url\":\"https:\/\/aprendoencasayenclase.mineduc.gob.gt\/index.php\/bloom\/\",\"name\":\"Biblioteca virtual - Bloom - Aprendoencasayenclase\",\"isPartOf\":{\"@id\":\"https:\/\/aprendoencasayenclase.mineduc.gob.gt\/#website\"},\"datePublished\":\"2020-10-08T21:36:31+00:00\",\"dateModified\":\"2021-02-21T20:38:07+00:00\",\"breadcrumb\":{\"@id\":\"https:\/\/aprendoencasayenclase.mineduc.gob.gt\/index.php\/bloom\/#breadcrumb\"},\"inLanguage\":\"es\",\"potentialAction\":[{\"@type\":\"ReadAction\",\"target\":[\"https:\/\/aprendoencasayenclase.mineduc.gob.gt\/index.php\/bloom\/\"]}]},{\"@type\":\"BreadcrumbList\",\"@id\":\"https:\/\/aprendoencasayenclase.mineduc.gob.gt\/index.php\/bloom\/#breadcrumb\",\"itemListElement\":[{\"@type\":\"ListItem\",\"position\":1,\"name\":\"Inicio\",\"item\":\"https:\/\/aprendoencasayenclase.mineduc.gob.gt\/\"},{\"@type\":\"ListItem\",\"position\":2,\"name\":\"Biblioteca virtual &#8211; Bloom\"}]},{\"@type\":\"WebSite\",\"@id\":\"https:\/\/aprendoencasayenclase.mineduc.gob.gt\/#website\",\"url\":\"https:\/\/aprendoencasayenclase.mineduc.gob.gt\/\",\"name\":\"Aprendoencasa\",\"description\":\"Aprendo\",\"potentialAction\":[{\"@type\":\"SearchAction\",\"target\":{\"@type\":\"EntryPoint\",\"urlTemplate\":\"https:\/\/aprendoencasayenclase.mineduc.gob.gt\/?s={search_term_string}\"},\"query-input\":\"required name=search_term_string\"}],\"inLanguage\":\"es\"}]}<\/script>\n<!-- \/ Yoast SEO plugin. -->","yoast_head_json":{"title":"Biblioteca virtual - Bloom - Aprendoencasayenclase","robots":{"index":"index","follow":"follow","max-snippet":"max-snippet:-1","max-image-preview":"max-image-preview:large","max-video-preview":"max-video-preview:-1"},"canonical":"https:\/\/aprendoencasayenclase.mineduc.gob.gt\/index.php\/bloom\/","og_locale":"es_ES","og_type":"article","og_title":"Biblioteca virtual - Bloom - Aprendoencasayenclase","og_description":"[vc_row equal_height=&#8221;yes&#8221;][vc_column width=&#8221;2\/3&#8243;][vc_column_text] Bloom Estanter\u00eda con una colecci\u00f3n de libros y materiales de lectura, articulados con el Curr\u00edculum Nacional Base, desarrollados por estudiantes, docentes, t\u00e9cnicos, escritores y poblaci\u00f3n guatemalteca en general. [\/vc_column_text][\/vc_column][vc_column width=&#8221;1\/3&#8243;][vc_column_text] D\u00e9 clic en la imagen para ir al sitio web. [\/vc_column_text][\/vc_column][\/vc_row][vc_row][vc_column width=&#8221;1\/4&#8243;][\/vc_column][vc_column width=&#8221;1\/2&#8243;][\/vc_column][vc_column width=&#8221;1\/4&#8243;][\/vc_column][\/vc_row][vc_row equal_height=&#8221;yes&#8221; css=&#8221;.vc_custom_1605161823588{background-color: #fcfcfc !important;}&#8221;][vc_column width=&#8221;1\/4&#8243; el_class=&#8221;rs_col-sm-6&#8243;][\/vc_column][vc_column width=&#8221;1\/4&#8243;][\/vc_column][vc_column width=&#8221;1\/4&#8243;][\/vc_column][vc_column Continuar...","og_url":"https:\/\/aprendoencasayenclase.mineduc.gob.gt\/index.php\/bloom\/","og_site_name":"Aprendoencasayenclase","article_modified_time":"2021-02-21T20:38:07+00:00","twitter_card":"summary_large_image","twitter_misc":{"Est. reading time":"3 minutos"},"schema":{"@context":"https:\/\/schema.org","@graph":[{"@type":"WebPage","@id":"https:\/\/aprendoencasayenclase.mineduc.gob.gt\/index.php\/bloom\/","url":"https:\/\/aprendoencasayenclase.mineduc.gob.gt\/index.php\/bloom\/","name":"Biblioteca virtual - Bloom - Aprendoencasayenclase","isPartOf":{"@id":"https:\/\/aprendoencasayenclase.mineduc.gob.gt\/#website"},"datePublished":"2020-10-08T21:36:31+00:00","dateModified":"2021-02-21T20:38:07+00:00","breadcrumb":{"@id":"https:\/\/aprendoencasayenclase.mineduc.gob.gt\/index.php\/bloom\/#breadcrumb"},"inLanguage":"es","potentialAction":[{"@type":"ReadAction","target":["https:\/\/aprendoencasayenclase.mineduc.gob.gt\/index.php\/bloom\/"]}]},{"@type":"BreadcrumbList","@id":"https:\/\/aprendoencasayenclase.mineduc.gob.gt\/index.php\/bloom\/#breadcrumb","itemListElement":[{"@type":"ListItem","position":1,"name":"Inicio","item":"https:\/\/aprendoencasayenclase.mineduc.gob.gt\/"},{"@type":"ListItem","position":2,"name":"Biblioteca virtual &#8211; Bloom"}]},{"@type":"WebSite","@id":"https:\/\/aprendoencasayenclase.mineduc.gob.gt\/#website","url":"https:\/\/aprendoencasayenclase.mineduc.gob.gt\/","name":"Aprendoencasa","description":"Aprendo","potentialAction":[{"@type":"SearchAction","target":{"@type":"EntryPoint","urlTemplate":"https:\/\/aprendoencasayenclase.mineduc.gob.gt\/?s={search_term_string}"},"query-input":"required name=search_term_string"}],"inLanguage":"es"}]}},"_links":{"self":[{"href":"https:\/\/aprendoencasayenclase.mineduc.gob.gt\/index.php\/wp-json\/wp\/v2\/pages\/13267"}],"collection":[{"href":"https:\/\/aprendoencasayenclase.mineduc.gob.gt\/index.php\/wp-json\/wp\/v2\/pages"}],"about":[{"href":"https:\/\/aprendoencasayenclase.mineduc.gob.gt\/index.php\/wp-json\/wp\/v2\/types\/page"}],"author":[{"embeddable":true,"href":"https:\/\/aprendoencasayenclase.mineduc.gob.gt\/index.php\/wp-json\/wp\/v2\/users\/1"}],"replies":[{"embeddable":true,"href":"https:\/\/aprendoencasayenclase.mineduc.gob.gt\/index.php\/wp-json\/wp\/v2\/comments?post=13267"}],"version-history":[{"count":8,"href":"https:\/\/aprendoencasayenclase.mineduc.gob.gt\/index.php\/wp-json\/wp\/v2\/pages\/13267\/revisions"}],"predecessor-version":[{"id":16648,"href":"https:\/\/aprendoencasayenclase.mineduc.gob.gt\/index.php\/wp-json\/wp\/v2\/pages\/13267\/revisions\/16648"}],"wp:attachment":[{"href":"https:\/\/aprendoencasayenclase.mineduc.gob.gt\/index.php\/wp-json\/wp\/v2\/media?parent=13267"}],"curies":[{"name":"wp","href":"https:\/\/api.w.org\/{rel}","templated":true}]}}