{"id":12940,"date":"2020-09-10T23:03:01","date_gmt":"2020-09-11T05:03:01","guid":{"rendered":"https:\/\/aprendoencasa2.mineduc.gob.gt\/?page_id=12940"},"modified":"2021-10-13T16:26:53","modified_gmt":"2021-10-13T22:26:53","slug":"preprimaria","status":"publish","type":"page","link":"https:\/\/aprendoencasayenclase.mineduc.gob.gt\/index.php\/preprimaria\/","title":{"rendered":"Nivel Preprimaria"},"content":{"rendered":"[vc_row equal_height=&#8221;yes&#8221; content_placement=&#8221;middle&#8221;][vc_column width=&#8221;2\/3&#8243;][vc_column_text]El nivel de Educaci\u00f3n Preprimaria, se caracteriza por cumplir una doble finalidad: la socializaci\u00f3n del ser humano y la estimulaci\u00f3n de los procesos evolutivos. Se entiende por socializaci\u00f3n el proceso de incorporaci\u00f3n, a la conducta de las personas, de normas que rigen la convivencia social y su transformaci\u00f3n para satisfacer necesidades e intereses individuales: pautas, normas, h\u00e1bitos, actitudes y valores que se adquieren en la interacci\u00f3n con otros y otras: solidaridad, esp\u00edritu de cooperaci\u00f3n y respeto. Su finalidad es que los ni\u00f1os se reconozcan como seres con identidad personal y como sujetos sociales.[\/vc_column_text]<div id=\"1511768833152-283203e3-32f8\" class=\"dt-sc-empty-space\"><\/div>[\/vc_column][vc_column width=&#8221;1\/3&#8243;][vc_single_image source=&#8221;external_link&#8221; alignment=&#8221;center&#8221; css_animation=&#8221;fadeIn&#8221; css=&#8221;.vc_custom_1604626988254{margin-bottom: 0px !important;}&#8221; custom_src=&#8221;https:\/\/aprendoencasayenclase.mineduc.gob.gt\/images\/sampledata\/asimages\/services\/PREPRIMARIA.jpg&#8221;]<div id=\"1513056542412-f1c4856f-736b\" class=\"dt-sc-empty-space\"><\/div>[\/vc_column][\/vc_row][vc_row][vc_column]<div class=\"dt-sc-title with-image alignleft\"><h3>Videos<\/h3><span><\/span><h6><\/h6><\/div><div id=\"1604641695296-8b19fea2-bd45\" class=\"dt-sc-empty-space\"><\/div>[vc_column_text]Visualiza los videos de las sesiones de aprendizaje programadas durante la semana.[\/vc_column_text]<div id=\"1604626699996-55c8ab56-a9dd\" class=\"dt-sc-empty-space\"><\/div>[\/vc_column][\/vc_row][vc_row][vc_column width=&#8221;1\/5&#8243;][\/vc_column][vc_column width=&#8221;1\/5&#8243;]<div class=\"ult-animation  ult-animate-viewport  ult-no-mobile \" data-animate=\"bounce\" data-animation-delay=\"0\" data-animation-duration=\"3\" data-animation-iteration=\"0.5\" style=\"opacity:0;\" data-opacity_start_effect=\"\">[vc_hoverbox image=&#8221;14612&#8243; primary_title=&#8221;&#8221; hover_title=&#8221;Comunicaci\u00f3n y Lenguaje&#8221; hover_title_font_container=&#8221;font_size:20&#8243; hover_title_use_theme_fonts=&#8221;yes&#8221; hover_background_color=&#8221;blue&#8221; hover_btn_title=&#8221;Entrar&#8221; use_custom_fonts_hover_title=&#8221;true&#8221; hover_add_button=&#8221;true&#8221; hover_btn_link=&#8221;url:https%3A%2F%2Faprendoencasayenclase.mineduc.gob.gt%2Findex.php%2Frecursos-educativosid245%2F&#8221;][\/vc_hoverbox]<\/div>[\/vc_column][vc_column width=&#8221;1\/5&#8243;]<div class=\"ult-animation  ult-animate-viewport  ult-no-mobile \" data-animate=\"bounce\" data-animation-delay=\"0\" data-animation-duration=\"3\" data-animation-iteration=\"0.5\" style=\"opacity:0;\" data-opacity_start_effect=\"\">[vc_hoverbox image=&#8221;15648&#8243; primary_title=&#8221;&#8221; hover_title=&#8221;Medio Social y Natural&#8221; hover_title_font_container=&#8221;font_size:20&#8243; hover_title_use_theme_fonts=&#8221;yes&#8221; hover_background_color=&#8221;green&#8221; hover_btn_title=&#8221;Entrar&#8221; use_custom_fonts_hover_title=&#8221;true&#8221; hover_add_button=&#8221;true&#8221; hover_btn_link=&#8221;url:https%3A%2F%2Faprendoencasayenclase.mineduc.gob.gt%2Findex.php%2Frecursos-educativosid282%2F&#8221;][\/vc_hoverbox]<\/div>[\/vc_column][vc_column width=&#8221;1\/5&#8243;]<div class=\"ult-animation  ult-animate-viewport  ult-no-mobile \" data-animate=\"bounce\" data-animation-delay=\"0\" data-animation-duration=\"3\" data-animation-iteration=\"0.5\" style=\"opacity:0;\" data-opacity_start_effect=\"\">[vc_hoverbox image=&#8221;15647&#8243; primary_title=&#8221;&#8221; hover_title=&#8221;Destrezas de aprendizaje&#8221; hover_title_font_container=&#8221;font_size:20&#8243; hover_title_use_theme_fonts=&#8221;yes&#8221; hover_background_color=&#8221;orange&#8221; hover_btn_title=&#8221;Entrar&#8221; use_custom_fonts_hover_title=&#8221;true&#8221; hover_add_button=&#8221;true&#8221; hover_btn_link=&#8221;url:https%3A%2F%2Faprendoencasayenclase.mineduc.gob.gt%2Findex.php%2Frecursos-educativosid175%2F&#8221;][\/vc_hoverbox]<\/div>[\/vc_column][vc_column width=&#8221;1\/5&#8243;][\/vc_column][\/vc_row]\n","protected":false},"excerpt":{"rendered":"<p>[vc_row equal_height=&#8221;yes&#8221; content_placement=&#8221;middle&#8221;][vc_column width=&#8221;2\/3&#8243;][vc_column_text]El nivel de Educaci\u00f3n Preprimaria, se caracteriza por cumplir una doble finalidad: la socializaci\u00f3n del ser humano y la estimulaci\u00f3n de los procesos evolutivos. Se entiende por socializaci\u00f3n el proceso de incorporaci\u00f3n, a la conducta de las personas, de normas que rigen la convivencia social y su transformaci\u00f3n para satisfacer necesidades e<a class=\"moretag\" href=\"https:\/\/aprendoencasayenclase.mineduc.gob.gt\/index.php\/preprimaria\/\"> Continuar&#8230;<\/a><\/p>\n","protected":false},"author":1,"featured_media":0,"parent":0,"menu_order":0,"comment_status":"closed","ping_status":"closed","template":"","meta":[],"yoast_head":"<!-- This site is optimized with the Yoast SEO plugin v19.6.1 - https:\/\/yoast.com\/wordpress\/plugins\/seo\/ -->\n<title>Nivel Preprimaria - Aprendoencasayenclase<\/title>\n<meta name=\"robots\" content=\"index, follow, max-snippet:-1, max-image-preview:large, max-video-preview:-1\" \/>\n<link rel=\"canonical\" href=\"https:\/\/aprendoencasayenclase.mineduc.gob.gt\/index.php\/preprimaria\/\" \/>\n<meta property=\"og:locale\" content=\"es_ES\" \/>\n<meta property=\"og:type\" content=\"article\" \/>\n<meta property=\"og:title\" content=\"Nivel Preprimaria - Aprendoencasayenclase\" \/>\n<meta property=\"og:description\" content=\"[vc_row equal_height=&#8221;yes&#8221; content_placement=&#8221;middle&#8221;][vc_column width=&#8221;2\/3&#8243;][vc_column_text]El nivel de Educaci\u00f3n Preprimaria, se caracteriza por cumplir una doble finalidad: la socializaci\u00f3n del ser humano y la estimulaci\u00f3n de los procesos evolutivos. Se entiende por socializaci\u00f3n el proceso de incorporaci\u00f3n, a la conducta de las personas, de normas que rigen la convivencia social y su transformaci\u00f3n para satisfacer necesidades e Continuar...\" \/>\n<meta property=\"og:url\" content=\"https:\/\/aprendoencasayenclase.mineduc.gob.gt\/index.php\/preprimaria\/\" \/>\n<meta property=\"og:site_name\" content=\"Aprendoencasayenclase\" \/>\n<meta property=\"article:modified_time\" content=\"2021-10-13T22:26:53+00:00\" \/>\n<meta name=\"twitter:card\" content=\"summary_large_image\" \/>\n<meta name=\"twitter:label1\" content=\"Est. reading time\" \/>\n\t<meta name=\"twitter:data1\" content=\"3 minutos\" \/>\n<script type=\"application\/ld+json\" class=\"yoast-schema-graph\">{\"@context\":\"https:\/\/schema.org\",\"@graph\":[{\"@type\":\"WebPage\",\"@id\":\"https:\/\/aprendoencasayenclase.mineduc.gob.gt\/index.php\/preprimaria\/\",\"url\":\"https:\/\/aprendoencasayenclase.mineduc.gob.gt\/index.php\/preprimaria\/\",\"name\":\"Nivel Preprimaria - Aprendoencasayenclase\",\"isPartOf\":{\"@id\":\"https:\/\/aprendoencasayenclase.mineduc.gob.gt\/#website\"},\"datePublished\":\"2020-09-11T05:03:01+00:00\",\"dateModified\":\"2021-10-13T22:26:53+00:00\",\"breadcrumb\":{\"@id\":\"https:\/\/aprendoencasayenclase.mineduc.gob.gt\/index.php\/preprimaria\/#breadcrumb\"},\"inLanguage\":\"es\",\"potentialAction\":[{\"@type\":\"ReadAction\",\"target\":[\"https:\/\/aprendoencasayenclase.mineduc.gob.gt\/index.php\/preprimaria\/\"]}]},{\"@type\":\"BreadcrumbList\",\"@id\":\"https:\/\/aprendoencasayenclase.mineduc.gob.gt\/index.php\/preprimaria\/#breadcrumb\",\"itemListElement\":[{\"@type\":\"ListItem\",\"position\":1,\"name\":\"Inicio\",\"item\":\"https:\/\/aprendoencasayenclase.mineduc.gob.gt\/\"},{\"@type\":\"ListItem\",\"position\":2,\"name\":\"Nivel Preprimaria\"}]},{\"@type\":\"WebSite\",\"@id\":\"https:\/\/aprendoencasayenclase.mineduc.gob.gt\/#website\",\"url\":\"https:\/\/aprendoencasayenclase.mineduc.gob.gt\/\",\"name\":\"Aprendoencasa\",\"description\":\"Aprendo\",\"potentialAction\":[{\"@type\":\"SearchAction\",\"target\":{\"@type\":\"EntryPoint\",\"urlTemplate\":\"https:\/\/aprendoencasayenclase.mineduc.gob.gt\/?s={search_term_string}\"},\"query-input\":\"required name=search_term_string\"}],\"inLanguage\":\"es\"}]}<\/script>\n<!-- \/ Yoast SEO plugin. -->","yoast_head_json":{"title":"Nivel Preprimaria - Aprendoencasayenclase","robots":{"index":"index","follow":"follow","max-snippet":"max-snippet:-1","max-image-preview":"max-image-preview:large","max-video-preview":"max-video-preview:-1"},"canonical":"https:\/\/aprendoencasayenclase.mineduc.gob.gt\/index.php\/preprimaria\/","og_locale":"es_ES","og_type":"article","og_title":"Nivel Preprimaria - Aprendoencasayenclase","og_description":"[vc_row equal_height=&#8221;yes&#8221; content_placement=&#8221;middle&#8221;][vc_column width=&#8221;2\/3&#8243;][vc_column_text]El nivel de Educaci\u00f3n Preprimaria, se caracteriza por cumplir una doble finalidad: la socializaci\u00f3n del ser humano y la estimulaci\u00f3n de los procesos evolutivos. Se entiende por socializaci\u00f3n el proceso de incorporaci\u00f3n, a la conducta de las personas, de normas que rigen la convivencia social y su transformaci\u00f3n para satisfacer necesidades e Continuar...","og_url":"https:\/\/aprendoencasayenclase.mineduc.gob.gt\/index.php\/preprimaria\/","og_site_name":"Aprendoencasayenclase","article_modified_time":"2021-10-13T22:26:53+00:00","twitter_card":"summary_large_image","twitter_misc":{"Est. reading time":"3 minutos"},"schema":{"@context":"https:\/\/schema.org","@graph":[{"@type":"WebPage","@id":"https:\/\/aprendoencasayenclase.mineduc.gob.gt\/index.php\/preprimaria\/","url":"https:\/\/aprendoencasayenclase.mineduc.gob.gt\/index.php\/preprimaria\/","name":"Nivel Preprimaria - Aprendoencasayenclase","isPartOf":{"@id":"https:\/\/aprendoencasayenclase.mineduc.gob.gt\/#website"},"datePublished":"2020-09-11T05:03:01+00:00","dateModified":"2021-10-13T22:26:53+00:00","breadcrumb":{"@id":"https:\/\/aprendoencasayenclase.mineduc.gob.gt\/index.php\/preprimaria\/#breadcrumb"},"inLanguage":"es","potentialAction":[{"@type":"ReadAction","target":["https:\/\/aprendoencasayenclase.mineduc.gob.gt\/index.php\/preprimaria\/"]}]},{"@type":"BreadcrumbList","@id":"https:\/\/aprendoencasayenclase.mineduc.gob.gt\/index.php\/preprimaria\/#breadcrumb","itemListElement":[{"@type":"ListItem","position":1,"name":"Inicio","item":"https:\/\/aprendoencasayenclase.mineduc.gob.gt\/"},{"@type":"ListItem","position":2,"name":"Nivel Preprimaria"}]},{"@type":"WebSite","@id":"https:\/\/aprendoencasayenclase.mineduc.gob.gt\/#website","url":"https:\/\/aprendoencasayenclase.mineduc.gob.gt\/","name":"Aprendoencasa","description":"Aprendo","potentialAction":[{"@type":"SearchAction","target":{"@type":"EntryPoint","urlTemplate":"https:\/\/aprendoencasayenclase.mineduc.gob.gt\/?s={search_term_string}"},"query-input":"required name=search_term_string"}],"inLanguage":"es"}]}},"_links":{"self":[{"href":"https:\/\/aprendoencasayenclase.mineduc.gob.gt\/index.php\/wp-json\/wp\/v2\/pages\/12940"}],"collection":[{"href":"https:\/\/aprendoencasayenclase.mineduc.gob.gt\/index.php\/wp-json\/wp\/v2\/pages"}],"about":[{"href":"https:\/\/aprendoencasayenclase.mineduc.gob.gt\/index.php\/wp-json\/wp\/v2\/types\/page"}],"author":[{"embeddable":true,"href":"https:\/\/aprendoencasayenclase.mineduc.gob.gt\/index.php\/wp-json\/wp\/v2\/users\/1"}],"replies":[{"embeddable":true,"href":"https:\/\/aprendoencasayenclase.mineduc.gob.gt\/index.php\/wp-json\/wp\/v2\/comments?post=12940"}],"version-history":[{"count":44,"href":"https:\/\/aprendoencasayenclase.mineduc.gob.gt\/index.php\/wp-json\/wp\/v2\/pages\/12940\/revisions"}],"predecessor-version":[{"id":18676,"href":"https:\/\/aprendoencasayenclase.mineduc.gob.gt\/index.php\/wp-json\/wp\/v2\/pages\/12940\/revisions\/18676"}],"wp:attachment":[{"href":"https:\/\/aprendoencasayenclase.mineduc.gob.gt\/index.php\/wp-json\/wp\/v2\/media?parent=12940"}],"curies":[{"name":"wp","href":"https:\/\/api.w.org\/{rel}","templated":true}]}}