{"id":12242,"date":"2020-09-04T14:47:07","date_gmt":"2020-09-04T20:47:07","guid":{"rendered":"https:\/\/aprendoencasa2.mineduc.gob.gt\/?page_id=12242"},"modified":"2026-01-26T15:38:49","modified_gmt":"2026-01-26T21:38:49","slug":"revista","status":"publish","type":"page","link":"https:\/\/aprendoencasayenclase.mineduc.gob.gt\/index.php\/revista\/","title":{"rendered":"Revista"},"content":{"rendered":"[vc_row][vc_column]<div class=\"dt-sc-title with-image alignleft\"><h3>Revista digital:<strong style=\"color:#1e73be\">\u201cInnovaci\u00f3n con conocimiento\u201d<\/strong><\/h3><span><\/span><h6><\/h6><\/div><div id=\"1606091460834-0e572de6-5e72\" class=\"dt-sc-empty-space\"><\/div>[vc_column_text]\n<p style=\"text-align: left;\">El prop\u00f3sito de la revista es contar con un material de apoyo para la labor docente con informaci\u00f3n cient\u00edfica y actualizada de los diferentes elementos que componen el proceso educativo; con el objetivo de ofrecer orientaciones y recursos para la innovaci\u00f3n pedag\u00f3gica, as\u00ed como facilitar el acceso a fuentes educativas especializadas, actuales y confiables, potencializando el esp\u00edritu investigativo e innovador de los docentes.<\/p>\n[\/vc_column_text][\/vc_column][\/vc_row][vc_row equal_height=&#8221;yes&#8221; content_placement=&#8221;middle&#8221;][vc_column width=&#8221;1\/2&#8243; el_class=&#8221;aligncenter&#8221;][vc_column_text css_animation=&#8221;bounceIn&#8221;]\n<p style=\"text-align: left;\"><b data-olk-copy-source=\"MessageBody\">Revista Vol. 5 |N.\u00b0 4:\u00a0<\/b>El quinto n\u00famero de la revista digital para docentes: Innovaci\u00f3n con conocimiento, presenta como tema central los factores que influyen en el aprendizaje de los estudiantes del nivel primario; como temas de inter\u00e9s actual se muestra c\u00f3mo afecta la repitencia, el aprendizaje h\u00edbrido y la familia en el desarrollo de los ni\u00f1os. As\u00ed tambi\u00e9n se identifican experiencias exitosas en asesor\u00eda pedag\u00f3gica y c\u00f3mo superar las barreras para que los ni\u00f1os aprendan.<\/p>\n[\/vc_column_text]<div class=\" ubtn-ctn-center \"><a class=\"ubtn-link ult-adjust-bottom-margin ubtn-center ubtn-normal \" href=\"https:\/\/aprendoencasayenclase.mineduc.gob.gt\/wp-content\/uploads\/Revista-No5-noviembre-diciembre-2025-WEB.pdf\" target=\"_blank\" rel=\"noopener\" ><button type=\"button\" id=\"ubtn-1920\"  class=\"ubtn ult-adjust-bottom-margin ult-responsive ubtn-normal ubtn-top-bg  ulta-push  ubtn-sep-icon ubtn-sep-icon-left-push  ubtn-shd  ubtn-center  shd-top tooltip-69d1e53c3fca3\"  data-hover=\"\" data-border-color=\"\" data-bg=\"#1e73be\" data-hover-bg=\"#1e73be\" data-border-hover=\"\" data-shadow-hover=\"0 -3px ;\" data-shadow-click=\"\" data-shadow=\"0 -5px ;\" data-shd-shadow=\"5\"  data-ultimate-target='#ubtn-1920'  data-responsive-json-new='{\"font-size\":\"\",\"line-height\":\"\"}'  style=\"font-weight:normal;border-radius:3px;border-width:1px;border-color:;border-style:double;box-shadow: 0 -5px ;background: #1e73be;color: #ffffff;\"><span class=\"ubtn-data ubtn-icon\"><i class=\"Defaults-chevron-circle-right\" style=\"font-size:32px;color:;\"><\/i><\/span><span class=\"ubtn-hover\" style=\"background-color:#1e73be\"><\/span><span class=\"ubtn-data ubtn-text \" >Descargar<\/span><\/button><\/a><\/div>[\/vc_column][vc_column width=&#8221;1\/2&#8243;][vc_single_image source=&#8221;external_link&#8221; alignment=&#8221;center&#8221; external_style=&#8221;vc_box_border&#8221; external_border_color=&#8221;sky&#8221; onclick=&#8221;custom_link&#8221; img_link_target=&#8221;_blank&#8221; css_animation=&#8221;bounceInLeft&#8221; custom_src=&#8221;https:\/\/aprendoencasayenclase.mineduc.gob.gt\/wp-content\/uploads\/portada-revista-5.png&#8221; link=&#8221;https:\/\/aprendoencasayenclase.mineduc.gob.gt\/wp-content\/uploads\/Revista-No5-noviembre-diciembre-2025-WEB.pdf&#8221;][\/vc_column][\/vc_row][vc_row equal_height=&#8221;yes&#8221; content_placement=&#8221;middle&#8221;][vc_column width=&#8221;1\/2&#8243; el_class=&#8221;aligncenter&#8221;][vc_column_text css_animation=&#8221;bounceIn&#8221;]\n<p style=\"text-align: left;\"><b data-olk-copy-source=\"MessageBody\">Revista Vol. 4 |N.\u00b0 3. <\/b>El cuarto n\u00famero de la revista digital para docentes: Innovaci\u00f3n con conocimiento, presenta como tema central el tema de la ciencia en Guatemala a partir de los resultados de dos evaluaciones internacionales; la promoci\u00f3n y el desarrollo de la ciencia en Guatemala a trav\u00e9s del Ministerio de Educaci\u00f3n; se identifican a los centros comunitarios digitales que apoyan a las ni\u00f1as y mujeres que desean ser cient\u00edficas y se presentan historias de \u00e9xito de grandes cient\u00edficos guatemaltecos<\/p>\n[\/vc_column_text]<div class=\" ubtn-ctn-center \"><a class=\"ubtn-link ult-adjust-bottom-margin ubtn-center ubtn-normal \" href=\"https:\/\/aprendoencasayenclase.mineduc.gob.gt\/wp-content\/uploads\/Revista-No4-junio-2025-WEB.pdf\" target=\"_blank\" rel=\"noopener\" ><button type=\"button\" id=\"ubtn-4475\"  class=\"ubtn ult-adjust-bottom-margin ult-responsive ubtn-normal ubtn-top-bg  ulta-push  ubtn-sep-icon ubtn-sep-icon-left-push  ubtn-shd  ubtn-center  shd-top tooltip-69d1e53c3fd6a\"  data-hover=\"\" data-border-color=\"\" data-bg=\"#1e73be\" data-hover-bg=\"#1e73be\" data-border-hover=\"\" data-shadow-hover=\"0 -3px ;\" data-shadow-click=\"\" data-shadow=\"0 -5px ;\" data-shd-shadow=\"5\"  data-ultimate-target='#ubtn-4475'  data-responsive-json-new='{\"font-size\":\"\",\"line-height\":\"\"}'  style=\"font-weight:normal;border-radius:3px;border-width:1px;border-color:;border-style:double;box-shadow: 0 -5px ;background: #1e73be;color: #ffffff;\"><span class=\"ubtn-data ubtn-icon\"><i class=\"Defaults-chevron-circle-right\" style=\"font-size:32px;color:;\"><\/i><\/span><span class=\"ubtn-hover\" style=\"background-color:#1e73be\"><\/span><span class=\"ubtn-data ubtn-text \" >Descargar<\/span><\/button><\/a><\/div>[\/vc_column][vc_column width=&#8221;1\/2&#8243;][vc_single_image source=&#8221;external_link&#8221; alignment=&#8221;center&#8221; external_style=&#8221;vc_box_border&#8221; external_border_color=&#8221;sky&#8221; onclick=&#8221;custom_link&#8221; img_link_target=&#8221;_blank&#8221; css_animation=&#8221;bounceInLeft&#8221; custom_src=&#8221;https:\/\/aprendoencasayenclase.mineduc.gob.gt\/wp-content\/uploads\/portada-revista-4.png&#8221; link=&#8221;https:\/\/aprendoencasayenclase.mineduc.gob.gt\/wp-content\/uploads\/Revista-No4-junio-2025-WEB.pdf&#8221;][\/vc_column][\/vc_row][vc_row equal_height=&#8221;yes&#8221; content_placement=&#8221;middle&#8221;][vc_column width=&#8221;1\/2&#8243; el_class=&#8221;aligncenter&#8221;][vc_single_image source=&#8221;external_link&#8221; alignment=&#8221;center&#8221; external_style=&#8221;vc_box_border&#8221; external_border_color=&#8221;vista_blue&#8221; onclick=&#8221;custom_link&#8221; img_link_target=&#8221;_blank&#8221; css_animation=&#8221;bounceInLeft&#8221; custom_src=&#8221;https:\/\/aprendoencasayenclase.mineduc.gob.gt\/images\/sampledata\/asimages\/revista\/portada-revista-3.png&#8221; link=&#8221;https:\/\/bit.ly\/3bCrsQD&#8221;][\/vc_column][vc_column width=&#8221;1\/2&#8243;][vc_column_text css_animation=&#8221;bounceIn&#8221;]\n<p style=\"text-align: left;\"><strong>Revista Vol. 3 |N.\u00b0 2:<\/strong> El tercer n\u00famero de la revista digital para docentes: Innovaci\u00f3n con conocimiento, presenta como tema central los principales indicadores del aprendizaje de la matem\u00e1tica en Guatemala, para poner sobre la mesa y buscar con la comunidad educativa, especialmente con docentes, estrategias que contribuyan a que los estudiantes aprendan matem\u00e1tica y evitar el rezago de aprendizaje en esta \u00e1rea. Dentro de los art\u00edculos tambi\u00e9n se comparten experiencias de docentes y especialistas sobre lo que han hecho para ense\u00f1ar la matem\u00e1tica a ni\u00f1os y j\u00f3venes dentro de las aulas.<\/p>\n[\/vc_column_text]<div class=\" ubtn-ctn-center \"><a class=\"ubtn-link ult-adjust-bottom-margin ubtn-center ubtn-normal \" href=\"https:\/\/bit.ly\/3bCrsQD\" target=\"_blank\" rel=\"noopener\" ><button type=\"button\" id=\"ubtn-8222\"  class=\"ubtn ult-adjust-bottom-margin ult-responsive ubtn-normal ubtn-top-bg  ulta-push  ubtn-sep-icon ubtn-sep-icon-left-push  ubtn-shd  ubtn-center  shd-top tooltip-69d1e53c3fdcf\"  data-hover=\"\" data-border-color=\"\" data-bg=\"#1e73be\" data-hover-bg=\"#1e73be\" data-border-hover=\"\" data-shadow-hover=\"0 -3px ;\" data-shadow-click=\"\" data-shadow=\"0 -5px ;\" data-shd-shadow=\"5\"  data-ultimate-target='#ubtn-8222'  data-responsive-json-new='{\"font-size\":\"\",\"line-height\":\"\"}'  style=\"font-weight:normal;border-radius:3px;border-width:1px;border-color:;border-style:double;box-shadow: 0 -5px ;background: #1e73be;color: #ffffff;\"><span class=\"ubtn-data ubtn-icon\"><i class=\"Defaults-chevron-circle-right\" style=\"font-size:32px;color:;\"><\/i><\/span><span class=\"ubtn-hover\" style=\"background-color:#1e73be\"><\/span><span class=\"ubtn-data ubtn-text \" >Descargar<\/span><\/button><\/a><\/div>[\/vc_column][\/vc_row][vc_row equal_height=&#8221;yes&#8221; content_placement=&#8221;middle&#8221;][vc_column width=&#8221;1\/2&#8243; el_class=&#8221;aligncenter&#8221;][vc_column_text css_animation=&#8221;bounceIn&#8221;]\n<p style=\"text-align: left;\"><strong>Revista Vol. 2 |N.\u00b0 1<\/strong>: En el segundo n\u00famero de la revista digital para docentes: Innovaci\u00f3n con conocimiento, el tema central versa sobre la escritura, ya que el proceso de aprendizaje de la escritura no sucede una sola vez, sino que se desarrolla en diferentes fases a lo largo de la vida de la persona y en la medida que esta lee y escribe, la destreza mejora. Asimismo, esta publicaci\u00f3n contempla tem\u00e1ticas y secciones que los docentes pueden leer para que aprendamos juntos sobre la relevancia que la escritura tiene y el impacto en la vida de la ni\u00f1ez y juventud de Guatemala.<\/p>\n[\/vc_column_text]<div class=\" ubtn-ctn-center \"><a class=\"ubtn-link ult-adjust-bottom-margin ubtn-center ubtn-normal \" href=\"https:\/\/bit.ly\/3vauy69\" target=\"_blank\" rel=\"noopener\" ><button type=\"button\" id=\"ubtn-5153\"  class=\"ubtn ult-adjust-bottom-margin ult-responsive ubtn-normal ubtn-top-bg  ulta-push  ubtn-sep-icon ubtn-sep-icon-left-push  ubtn-shd  ubtn-center  shd-top tooltip-69d1e53c3fe7d\"  data-hover=\"\" data-border-color=\"\" data-bg=\"#1e73be\" data-hover-bg=\"#1e73be\" data-border-hover=\"\" data-shadow-hover=\"0 -3px ;\" data-shadow-click=\"\" data-shadow=\"0 -5px ;\" data-shd-shadow=\"5\"  data-ultimate-target='#ubtn-5153'  data-responsive-json-new='{\"font-size\":\"\",\"line-height\":\"\"}'  style=\"font-weight:normal;border-radius:3px;border-width:1px;border-color:;border-style:double;box-shadow: 0 -5px ;background: #1e73be;color: #ffffff;\"><span class=\"ubtn-data ubtn-icon\"><i class=\"Defaults-chevron-circle-right\" style=\"font-size:32px;color:;\"><\/i><\/span><span class=\"ubtn-hover\" style=\"background-color:#1e73be\"><\/span><span class=\"ubtn-data ubtn-text \" >Descargar<\/span><\/button><\/a><\/div>[\/vc_column][vc_column width=&#8221;1\/2&#8243;][vc_single_image source=&#8221;external_link&#8221; alignment=&#8221;center&#8221; external_style=&#8221;vc_box_border&#8221; external_border_color=&#8221;pink&#8221; onclick=&#8221;custom_link&#8221; img_link_target=&#8221;_blank&#8221; css_animation=&#8221;bounceInLeft&#8221; custom_src=&#8221;https:\/\/aprendoencasayenclase.mineduc.gob.gt\/images\/sampledata\/asimages\/revista\/portada-revista-2.png&#8221; link=&#8221;https:\/\/bit.ly\/3vauy69&#8243;][\/vc_column][\/vc_row][vc_row equal_height=&#8221;yes&#8221; content_placement=&#8221;middle&#8221;][vc_column width=&#8221;1\/2&#8243; el_class=&#8221;aligncenter&#8221;][vc_single_image source=&#8221;external_link&#8221; alignment=&#8221;center&#8221; external_style=&#8221;vc_box_border&#8221; external_border_color=&#8221;vista_blue&#8221; onclick=&#8221;custom_link&#8221; img_link_target=&#8221;_blank&#8221; css_animation=&#8221;bounceInLeft&#8221; custom_src=&#8221;https:\/\/aprendoencasayenclase.mineduc.gob.gt\/images\/sampledata\/asimages\/revista\/portada-revista-mayo-junio.jpg&#8221; link=&#8221;https:\/\/bit.ly\/3qAiW8N&#8221;][\/vc_column][vc_column width=&#8221;1\/2&#8243;][vc_column_text css_animation=&#8221;bounceIn&#8221;]\n<p style=\"text-align: left;\"><strong>Revista Vol. 1 |N.\u00b0 1<\/strong>: En este primer n\u00famero de la revista digital para docentes:\u00a0<em>Innovaci\u00f3n con conocimiento<\/em>, el tema central versa sobre la lectura en la primaria, ya que, sin la comprensi\u00f3n lectora, se hace dif\u00edcil desarrollar otras \u00e1reas curriculares y el adquirir las habilidades blandas. Asimismo, esta publicaci\u00f3n contempla tem\u00e1ticas y secciones que los docentes pueden leer para que aprendamos juntos.<\/p>\n[\/vc_column_text]<div class=\" ubtn-ctn-center \"><a class=\"ubtn-link ult-adjust-bottom-margin ubtn-center ubtn-normal \" href=\"https:\/\/bit.ly\/3qAiW8N\" target=\"_blank\" rel=\"noopener\" ><button type=\"button\" id=\"ubtn-2695\"  class=\"ubtn ult-adjust-bottom-margin ult-responsive ubtn-normal ubtn-top-bg  ulta-push  ubtn-sep-icon ubtn-sep-icon-left-push  ubtn-shd  ubtn-center  shd-top tooltip-69d1e53c3feda\"  data-hover=\"\" data-border-color=\"\" data-bg=\"#1e73be\" data-hover-bg=\"#1e73be\" data-border-hover=\"\" data-shadow-hover=\"0 -3px ;\" data-shadow-click=\"\" data-shadow=\"0 -5px ;\" data-shd-shadow=\"5\"  data-ultimate-target='#ubtn-2695'  data-responsive-json-new='{\"font-size\":\"\",\"line-height\":\"\"}'  style=\"font-weight:normal;border-radius:3px;border-width:1px;border-color:;border-style:double;box-shadow: 0 -5px ;background: #1e73be;color: #ffffff;\"><span class=\"ubtn-data ubtn-icon\"><i class=\"Defaults-chevron-circle-right\" style=\"font-size:32px;color:;\"><\/i><\/span><span class=\"ubtn-hover\" style=\"background-color:#1e73be\"><\/span><span class=\"ubtn-data ubtn-text \" >Descargar<\/span><\/button><\/a><\/div>[\/vc_column][\/vc_row]\n","protected":false},"excerpt":{"rendered":"<p>[vc_row][vc_column][vc_column_text] El prop\u00f3sito de la revista es contar con un material de apoyo para la labor docente con informaci\u00f3n cient\u00edfica y actualizada de los diferentes elementos que componen el proceso educativo; con el objetivo de ofrecer orientaciones y recursos para la innovaci\u00f3n pedag\u00f3gica, as\u00ed como facilitar el acceso a fuentes educativas especializadas, actuales y confiables,<a class=\"moretag\" href=\"https:\/\/aprendoencasayenclase.mineduc.gob.gt\/index.php\/revista\/\"> Continuar&#8230;<\/a><\/p>\n","protected":false},"author":1,"featured_media":0,"parent":0,"menu_order":0,"comment_status":"closed","ping_status":"closed","template":"","meta":[],"yoast_head":"<!-- This site is optimized with the Yoast SEO plugin v19.6.1 - https:\/\/yoast.com\/wordpress\/plugins\/seo\/ -->\n<title>Revista - Aprendoencasayenclase<\/title>\n<meta name=\"robots\" content=\"index, follow, max-snippet:-1, max-image-preview:large, max-video-preview:-1\" \/>\n<link rel=\"canonical\" href=\"https:\/\/aprendoencasayenclase.mineduc.gob.gt\/index.php\/revista\/\" \/>\n<meta property=\"og:locale\" content=\"es_ES\" \/>\n<meta property=\"og:type\" content=\"article\" \/>\n<meta property=\"og:title\" content=\"Revista - Aprendoencasayenclase\" \/>\n<meta property=\"og:description\" content=\"[vc_row][vc_column][vc_column_text] El prop\u00f3sito de la revista es contar con un material de apoyo para la labor docente con informaci\u00f3n cient\u00edfica y actualizada de los diferentes elementos que componen el proceso educativo; con el objetivo de ofrecer orientaciones y recursos para la innovaci\u00f3n pedag\u00f3gica, as\u00ed como facilitar el acceso a fuentes educativas especializadas, actuales y confiables, Continuar...\" \/>\n<meta property=\"og:url\" content=\"https:\/\/aprendoencasayenclase.mineduc.gob.gt\/index.php\/revista\/\" \/>\n<meta property=\"og:site_name\" content=\"Aprendoencasayenclase\" \/>\n<meta property=\"article:modified_time\" content=\"2026-01-26T21:38:49+00:00\" \/>\n<meta name=\"twitter:card\" content=\"summary_large_image\" \/>\n<meta name=\"twitter:label1\" content=\"Est. reading time\" \/>\n\t<meta name=\"twitter:data1\" content=\"4 minutos\" \/>\n<script type=\"application\/ld+json\" class=\"yoast-schema-graph\">{\"@context\":\"https:\/\/schema.org\",\"@graph\":[{\"@type\":\"WebPage\",\"@id\":\"https:\/\/aprendoencasayenclase.mineduc.gob.gt\/index.php\/revista\/\",\"url\":\"https:\/\/aprendoencasayenclase.mineduc.gob.gt\/index.php\/revista\/\",\"name\":\"Revista - Aprendoencasayenclase\",\"isPartOf\":{\"@id\":\"https:\/\/aprendoencasayenclase.mineduc.gob.gt\/#website\"},\"datePublished\":\"2020-09-04T20:47:07+00:00\",\"dateModified\":\"2026-01-26T21:38:49+00:00\",\"breadcrumb\":{\"@id\":\"https:\/\/aprendoencasayenclase.mineduc.gob.gt\/index.php\/revista\/#breadcrumb\"},\"inLanguage\":\"es\",\"potentialAction\":[{\"@type\":\"ReadAction\",\"target\":[\"https:\/\/aprendoencasayenclase.mineduc.gob.gt\/index.php\/revista\/\"]}]},{\"@type\":\"BreadcrumbList\",\"@id\":\"https:\/\/aprendoencasayenclase.mineduc.gob.gt\/index.php\/revista\/#breadcrumb\",\"itemListElement\":[{\"@type\":\"ListItem\",\"position\":1,\"name\":\"Inicio\",\"item\":\"https:\/\/aprendoencasayenclase.mineduc.gob.gt\/\"},{\"@type\":\"ListItem\",\"position\":2,\"name\":\"Revista\"}]},{\"@type\":\"WebSite\",\"@id\":\"https:\/\/aprendoencasayenclase.mineduc.gob.gt\/#website\",\"url\":\"https:\/\/aprendoencasayenclase.mineduc.gob.gt\/\",\"name\":\"Aprendoencasa\",\"description\":\"Aprendo\",\"potentialAction\":[{\"@type\":\"SearchAction\",\"target\":{\"@type\":\"EntryPoint\",\"urlTemplate\":\"https:\/\/aprendoencasayenclase.mineduc.gob.gt\/?s={search_term_string}\"},\"query-input\":\"required name=search_term_string\"}],\"inLanguage\":\"es\"}]}<\/script>\n<!-- \/ Yoast SEO plugin. -->","yoast_head_json":{"title":"Revista - Aprendoencasayenclase","robots":{"index":"index","follow":"follow","max-snippet":"max-snippet:-1","max-image-preview":"max-image-preview:large","max-video-preview":"max-video-preview:-1"},"canonical":"https:\/\/aprendoencasayenclase.mineduc.gob.gt\/index.php\/revista\/","og_locale":"es_ES","og_type":"article","og_title":"Revista - Aprendoencasayenclase","og_description":"[vc_row][vc_column][vc_column_text] El prop\u00f3sito de la revista es contar con un material de apoyo para la labor docente con informaci\u00f3n cient\u00edfica y actualizada de los diferentes elementos que componen el proceso educativo; con el objetivo de ofrecer orientaciones y recursos para la innovaci\u00f3n pedag\u00f3gica, as\u00ed como facilitar el acceso a fuentes educativas especializadas, actuales y confiables, Continuar...","og_url":"https:\/\/aprendoencasayenclase.mineduc.gob.gt\/index.php\/revista\/","og_site_name":"Aprendoencasayenclase","article_modified_time":"2026-01-26T21:38:49+00:00","twitter_card":"summary_large_image","twitter_misc":{"Est. reading time":"4 minutos"},"schema":{"@context":"https:\/\/schema.org","@graph":[{"@type":"WebPage","@id":"https:\/\/aprendoencasayenclase.mineduc.gob.gt\/index.php\/revista\/","url":"https:\/\/aprendoencasayenclase.mineduc.gob.gt\/index.php\/revista\/","name":"Revista - Aprendoencasayenclase","isPartOf":{"@id":"https:\/\/aprendoencasayenclase.mineduc.gob.gt\/#website"},"datePublished":"2020-09-04T20:47:07+00:00","dateModified":"2026-01-26T21:38:49+00:00","breadcrumb":{"@id":"https:\/\/aprendoencasayenclase.mineduc.gob.gt\/index.php\/revista\/#breadcrumb"},"inLanguage":"es","potentialAction":[{"@type":"ReadAction","target":["https:\/\/aprendoencasayenclase.mineduc.gob.gt\/index.php\/revista\/"]}]},{"@type":"BreadcrumbList","@id":"https:\/\/aprendoencasayenclase.mineduc.gob.gt\/index.php\/revista\/#breadcrumb","itemListElement":[{"@type":"ListItem","position":1,"name":"Inicio","item":"https:\/\/aprendoencasayenclase.mineduc.gob.gt\/"},{"@type":"ListItem","position":2,"name":"Revista"}]},{"@type":"WebSite","@id":"https:\/\/aprendoencasayenclase.mineduc.gob.gt\/#website","url":"https:\/\/aprendoencasayenclase.mineduc.gob.gt\/","name":"Aprendoencasa","description":"Aprendo","potentialAction":[{"@type":"SearchAction","target":{"@type":"EntryPoint","urlTemplate":"https:\/\/aprendoencasayenclase.mineduc.gob.gt\/?s={search_term_string}"},"query-input":"required name=search_term_string"}],"inLanguage":"es"}]}},"_links":{"self":[{"href":"https:\/\/aprendoencasayenclase.mineduc.gob.gt\/index.php\/wp-json\/wp\/v2\/pages\/12242"}],"collection":[{"href":"https:\/\/aprendoencasayenclase.mineduc.gob.gt\/index.php\/wp-json\/wp\/v2\/pages"}],"about":[{"href":"https:\/\/aprendoencasayenclase.mineduc.gob.gt\/index.php\/wp-json\/wp\/v2\/types\/page"}],"author":[{"embeddable":true,"href":"https:\/\/aprendoencasayenclase.mineduc.gob.gt\/index.php\/wp-json\/wp\/v2\/users\/1"}],"replies":[{"embeddable":true,"href":"https:\/\/aprendoencasayenclase.mineduc.gob.gt\/index.php\/wp-json\/wp\/v2\/comments?post=12242"}],"version-history":[{"count":37,"href":"https:\/\/aprendoencasayenclase.mineduc.gob.gt\/index.php\/wp-json\/wp\/v2\/pages\/12242\/revisions"}],"predecessor-version":[{"id":20380,"href":"https:\/\/aprendoencasayenclase.mineduc.gob.gt\/index.php\/wp-json\/wp\/v2\/pages\/12242\/revisions\/20380"}],"wp:attachment":[{"href":"https:\/\/aprendoencasayenclase.mineduc.gob.gt\/index.php\/wp-json\/wp\/v2\/media?parent=12242"}],"curies":[{"name":"wp","href":"https:\/\/api.w.org\/{rel}","templated":true}]}}