{"id":10989,"date":"2017-11-27T14:39:55","date_gmt":"2017-11-27T20:39:55","guid":{"rendered":"https:\/\/aprendoencasa2.mineduc.gob.gt\/?page_id=10989"},"modified":"2020-11-08T00:44:54","modified_gmt":"2020-11-08T06:44:54","slug":"unicef","status":"publish","type":"page","link":"https:\/\/aprendoencasayenclase.mineduc.gob.gt\/index.php\/unicef\/","title":{"rendered":"Unicef"},"content":{"rendered":"[vc_row el_class=&#8221;rs_need-bottom-space&#8221;][vc_column width=&#8221;2\/3&#8243;][vc_column_text]\n<p style=\"text-align: left;\">El Fondo de las Naciones Unidas para la Infancia o Unicef (United Nations International Children&#8217;s Emergency Fund) es una agencia de la Organizaci\u00f3n de las Naciones Unidas (ONU) que provee ayuda humanitaria y de desarrollo para comunidades en diversos pa\u00edses.<\/p>\n<p style=\"text-align: left;\"><span style=\"vertical-align: inherit;\"><span style=\"vertical-align: inherit;\">Unicef trabaja en m\u00e1s de 191 pa\u00edses y territorios a trav\u00e9s de diferentes programas y Comit\u00e9s Nacionales. La base sobre la que gu\u00eda su trabajo es la Convenci\u00f3n sobre los Derechos del Ni\u00f1o y su labor est\u00e1 centrada en cinco esferas prioritarias de trabajo: supervivencia y desarrollo infantil, educaci\u00f3n e igualdad de g\u00e9nero, la infancia y el VIH\/sida, protecci\u00f3n infantil y promoci\u00f3n de pol\u00edticas y alianzas.<\/span><\/span><\/p>\n<p style=\"text-align: left;\">En Guatemala, UNICEF trabaja para salvar la vida de las ni\u00f1as, ni\u00f1os y adolescentes. Para defender y garantizar el cumplimento de sus derechos y ayudarles a alcanzar su m\u00e1ximo potencial, especialmente a los m\u00e1s vulnerables y excluidos. Con el objetivo de que las ni\u00f1as y ni\u00f1os est\u00e9n sanos, vacunados, tengan una nutrici\u00f3n adecuada, cuidados y estimulaci\u00f3n temprana desde la primera infancia. Y que las y los adolescentes tengan salud, oportunidades de educaci\u00f3n, participaci\u00f3n y emprendimiento, promoviendo que est\u00e9n protegidos contra todo tipo de violencia.<\/p>\n[\/vc_column_text][\/vc_column][vc_column width=&#8221;1\/3&#8243;]<div id=\"1599274275862-eb3d60fb-f551\" class=\"dt-sc-empty-space\"><\/div>[vc_single_image image=&#8221;12904&#8243; img_size=&#8221;full&#8221; css_animation=&#8221;fadeIn&#8221;][vc_row_inner][vc_column_inner width=&#8221;1\/4&#8243;][\/vc_column_inner][vc_column_inner width=&#8221;1\/2&#8243;]<div class=\" ubtn-ctn-center \"><a class=\"ubtn-link ult-adjust-bottom-margin ubtn-center ubtn-normal \" href=\"https:\/\/www.unicef.org\/guatemala\/\" target=\"_blank\" rel=\"noopener\" ><button type=\"button\" id=\"ubtn-4468\"  class=\"ubtn ult-adjust-bottom-margin ult-responsive ubtn-normal ubtn-top-bg  ulta-push  ubtn-sep-icon ubtn-sep-icon-left-push  ubtn-shd  ubtn-center  shd-top tooltip-69d17b3414bbe\"  data-hover=\"\" data-border-color=\"\" data-bg=\"#1e73be\" data-hover-bg=\"#1e73be\" data-border-hover=\"\" data-shadow-hover=\"0 -3px ;\" data-shadow-click=\"\" data-shadow=\"0 -5px ;\" data-shd-shadow=\"5\"  data-ultimate-target='#ubtn-4468'  data-responsive-json-new='{\"font-size\":\"\",\"line-height\":\"\"}'  style=\"font-weight:normal;border-radius:3px;border-width:1px;border-color:;border-style:double;box-shadow: 0 -5px ;background: #1e73be;color: #ffffff;\"><span class=\"ubtn-data ubtn-icon\"><i class=\"Defaults-arrow-circle-right\" style=\"font-size:32px;color:#ffffff;\"><\/i><\/span><span class=\"ubtn-hover\" style=\"background-color:#1e73be\"><\/span><span class=\"ubtn-data ubtn-text \" >Entrar<\/span><\/button><\/a><\/div>[\/vc_column_inner][vc_column_inner width=&#8221;1\/4&#8243;][\/vc_column_inner][\/vc_row_inner][\/vc_column][\/vc_row][vc_column][\/vc_column][vc_row][vc_column][vc_column_text]\n<p style=\"text-align: left;\">Preocupados por las repercusiones que tiene la situaci\u00f3n actual, UNICEF ha apoyado al Ministerio de Educaci\u00f3n de Guatemala, en cuanto a los programas de prevenci\u00f3n y respuesta ante la emergencia del COVID-19, en diversas \u00e1reas de cobertura, tanto para para los ni\u00f1os y ni\u00f1as como para los docentes.<\/p>\n<p style=\"text-align: left;\">Lanzamiento del\u00a0<a href=\"https:\/\/www.unicef.org\/lac\/la-educacion-frente-al-covid-19\" target=\"_blank\" rel=\"noopener noreferrer\">repositorio de recursos para la respuesta educativa al COVID-19.<\/a><\/p>\n<p style=\"text-align: left;\">Este repositorio ubicado en la p\u00e1gina web de UNICEF LACRO, tiene el prop\u00f3sito de proporcionar conocimiento, informaci\u00f3n, buenas pr\u00e1cticas y herramientas \u00fatiles para responder a los diversos retos que actualmente enfrentan los sistemas educativos en la regi\u00f3n de Am\u00e9rica Latina y el Caribe por la pandemia del COVID-19. Se trata de un espacio de acceso p\u00fablico que estar\u00e1 en constante actualizaci\u00f3n para facilitar la gesti\u00f3n del conocimiento y el acceso a los diferentes recursos disponibles espec\u00edficamente relacionados a la respuesta educativa ante el COVID-19. El repositorio est\u00e1 compuesto por seis categor\u00edas tem\u00e1ticas:<\/p>\n<ol>\n<li style=\"text-align: left;\"><a href=\"https:\/\/www.unicef.org\/lac\/continuidad-del-aprendizaje\" target=\"_blank\" rel=\"noopener noreferrer\">Continuidad del aprendizaje<\/a><\/li>\n<li style=\"text-align: left;\"><a href=\"https:\/\/www.unicef.org\/lac\/reapertura-de-las-escuelas\" target=\"_blank\" rel=\"noopener noreferrer\">Reapertura de escuelas<\/a><\/li>\n<li style=\"text-align: left;\"><a href=\"https:\/\/www.unicef.org\/lac\/desarrollo-en-la-primera-infancia-y-educacion-inicial\" target=\"_blank\" rel=\"noopener noreferrer\">Educaci\u00f3n y aprendizaje en la primera infancia<\/a><\/li>\n<li style=\"text-align: left;\"><a href=\"https:\/\/www.unicef.org\/lac\/educacion-y-desarrollo-de-habilidades-en-la-segunda-decada\" target=\"_blank\" rel=\"noopener noreferrer\">Educaci\u00f3n y desarrollo de habilidades para adolescentes<\/a><\/li>\n<li style=\"text-align: left;\"><a href=\"https:\/\/www.unicef.org\/lac\/salud-mental-y-apoyo-psicosocial\" target=\"_blank\" rel=\"noopener noreferrer\">Salud mental y apoyo psicosocial<\/a><\/li>\n<li style=\"text-align: left;\"><a href=\"https:\/\/www.unicef.org\/lac\/educacion-inclusiva\" target=\"_blank\" rel=\"noopener noreferrer\">Educaci\u00f3n inclusiva<\/a><\/li>\n<\/ol>\n[\/vc_column_text][\/vc_column][\/vc_row]\n","protected":false},"excerpt":{"rendered":"<p>[vc_row el_class=&#8221;rs_need-bottom-space&#8221;][vc_column width=&#8221;2\/3&#8243;][vc_column_text] El Fondo de las Naciones Unidas para la Infancia o Unicef (United Nations International Children&#8217;s Emergency Fund) es una agencia de la Organizaci\u00f3n de las Naciones Unidas (ONU) que provee ayuda humanitaria y de desarrollo para comunidades en diversos pa\u00edses. Unicef trabaja en m\u00e1s de 191 pa\u00edses y territorios a trav\u00e9s de<a class=\"moretag\" href=\"https:\/\/aprendoencasayenclase.mineduc.gob.gt\/index.php\/unicef\/\"> Continuar&#8230;<\/a><\/p>\n","protected":false},"author":1,"featured_media":0,"parent":0,"menu_order":0,"comment_status":"closed","ping_status":"closed","template":"","meta":[],"yoast_head":"<!-- This site is optimized with the Yoast SEO plugin v19.6.1 - https:\/\/yoast.com\/wordpress\/plugins\/seo\/ -->\n<title>Unicef - Aprendoencasayenclase<\/title>\n<meta name=\"robots\" content=\"index, follow, max-snippet:-1, max-image-preview:large, max-video-preview:-1\" \/>\n<link rel=\"canonical\" href=\"https:\/\/aprendoencasayenclase.mineduc.gob.gt\/index.php\/unicef\/\" \/>\n<meta property=\"og:locale\" content=\"es_ES\" \/>\n<meta property=\"og:type\" content=\"article\" \/>\n<meta property=\"og:title\" content=\"Unicef - Aprendoencasayenclase\" \/>\n<meta property=\"og:description\" content=\"[vc_row el_class=&#8221;rs_need-bottom-space&#8221;][vc_column width=&#8221;2\/3&#8243;][vc_column_text] El Fondo de las Naciones Unidas para la Infancia o Unicef (United Nations International Children&#8217;s Emergency Fund) es una agencia de la Organizaci\u00f3n de las Naciones Unidas (ONU) que provee ayuda humanitaria y de desarrollo para comunidades en diversos pa\u00edses. Unicef trabaja en m\u00e1s de 191 pa\u00edses y territorios a trav\u00e9s de Continuar...\" \/>\n<meta property=\"og:url\" content=\"https:\/\/aprendoencasayenclase.mineduc.gob.gt\/index.php\/unicef\/\" \/>\n<meta property=\"og:site_name\" content=\"Aprendoencasayenclase\" \/>\n<meta property=\"article:modified_time\" content=\"2020-11-08T06:44:54+00:00\" \/>\n<meta name=\"twitter:card\" content=\"summary_large_image\" \/>\n<meta name=\"twitter:label1\" content=\"Est. reading time\" \/>\n\t<meta name=\"twitter:data1\" content=\"3 minutos\" \/>\n<script type=\"application\/ld+json\" class=\"yoast-schema-graph\">{\"@context\":\"https:\/\/schema.org\",\"@graph\":[{\"@type\":\"WebPage\",\"@id\":\"https:\/\/aprendoencasayenclase.mineduc.gob.gt\/index.php\/unicef\/\",\"url\":\"https:\/\/aprendoencasayenclase.mineduc.gob.gt\/index.php\/unicef\/\",\"name\":\"Unicef - Aprendoencasayenclase\",\"isPartOf\":{\"@id\":\"https:\/\/aprendoencasayenclase.mineduc.gob.gt\/#website\"},\"datePublished\":\"2017-11-27T20:39:55+00:00\",\"dateModified\":\"2020-11-08T06:44:54+00:00\",\"breadcrumb\":{\"@id\":\"https:\/\/aprendoencasayenclase.mineduc.gob.gt\/index.php\/unicef\/#breadcrumb\"},\"inLanguage\":\"es\",\"potentialAction\":[{\"@type\":\"ReadAction\",\"target\":[\"https:\/\/aprendoencasayenclase.mineduc.gob.gt\/index.php\/unicef\/\"]}]},{\"@type\":\"BreadcrumbList\",\"@id\":\"https:\/\/aprendoencasayenclase.mineduc.gob.gt\/index.php\/unicef\/#breadcrumb\",\"itemListElement\":[{\"@type\":\"ListItem\",\"position\":1,\"name\":\"Inicio\",\"item\":\"https:\/\/aprendoencasayenclase.mineduc.gob.gt\/\"},{\"@type\":\"ListItem\",\"position\":2,\"name\":\"Unicef\"}]},{\"@type\":\"WebSite\",\"@id\":\"https:\/\/aprendoencasayenclase.mineduc.gob.gt\/#website\",\"url\":\"https:\/\/aprendoencasayenclase.mineduc.gob.gt\/\",\"name\":\"Aprendoencasa\",\"description\":\"Aprendo\",\"potentialAction\":[{\"@type\":\"SearchAction\",\"target\":{\"@type\":\"EntryPoint\",\"urlTemplate\":\"https:\/\/aprendoencasayenclase.mineduc.gob.gt\/?s={search_term_string}\"},\"query-input\":\"required name=search_term_string\"}],\"inLanguage\":\"es\"}]}<\/script>\n<!-- \/ Yoast SEO plugin. -->","yoast_head_json":{"title":"Unicef - Aprendoencasayenclase","robots":{"index":"index","follow":"follow","max-snippet":"max-snippet:-1","max-image-preview":"max-image-preview:large","max-video-preview":"max-video-preview:-1"},"canonical":"https:\/\/aprendoencasayenclase.mineduc.gob.gt\/index.php\/unicef\/","og_locale":"es_ES","og_type":"article","og_title":"Unicef - Aprendoencasayenclase","og_description":"[vc_row el_class=&#8221;rs_need-bottom-space&#8221;][vc_column width=&#8221;2\/3&#8243;][vc_column_text] El Fondo de las Naciones Unidas para la Infancia o Unicef (United Nations International Children&#8217;s Emergency Fund) es una agencia de la Organizaci\u00f3n de las Naciones Unidas (ONU) que provee ayuda humanitaria y de desarrollo para comunidades en diversos pa\u00edses. Unicef trabaja en m\u00e1s de 191 pa\u00edses y territorios a trav\u00e9s de Continuar...","og_url":"https:\/\/aprendoencasayenclase.mineduc.gob.gt\/index.php\/unicef\/","og_site_name":"Aprendoencasayenclase","article_modified_time":"2020-11-08T06:44:54+00:00","twitter_card":"summary_large_image","twitter_misc":{"Est. reading time":"3 minutos"},"schema":{"@context":"https:\/\/schema.org","@graph":[{"@type":"WebPage","@id":"https:\/\/aprendoencasayenclase.mineduc.gob.gt\/index.php\/unicef\/","url":"https:\/\/aprendoencasayenclase.mineduc.gob.gt\/index.php\/unicef\/","name":"Unicef - Aprendoencasayenclase","isPartOf":{"@id":"https:\/\/aprendoencasayenclase.mineduc.gob.gt\/#website"},"datePublished":"2017-11-27T20:39:55+00:00","dateModified":"2020-11-08T06:44:54+00:00","breadcrumb":{"@id":"https:\/\/aprendoencasayenclase.mineduc.gob.gt\/index.php\/unicef\/#breadcrumb"},"inLanguage":"es","potentialAction":[{"@type":"ReadAction","target":["https:\/\/aprendoencasayenclase.mineduc.gob.gt\/index.php\/unicef\/"]}]},{"@type":"BreadcrumbList","@id":"https:\/\/aprendoencasayenclase.mineduc.gob.gt\/index.php\/unicef\/#breadcrumb","itemListElement":[{"@type":"ListItem","position":1,"name":"Inicio","item":"https:\/\/aprendoencasayenclase.mineduc.gob.gt\/"},{"@type":"ListItem","position":2,"name":"Unicef"}]},{"@type":"WebSite","@id":"https:\/\/aprendoencasayenclase.mineduc.gob.gt\/#website","url":"https:\/\/aprendoencasayenclase.mineduc.gob.gt\/","name":"Aprendoencasa","description":"Aprendo","potentialAction":[{"@type":"SearchAction","target":{"@type":"EntryPoint","urlTemplate":"https:\/\/aprendoencasayenclase.mineduc.gob.gt\/?s={search_term_string}"},"query-input":"required name=search_term_string"}],"inLanguage":"es"}]}},"_links":{"self":[{"href":"https:\/\/aprendoencasayenclase.mineduc.gob.gt\/index.php\/wp-json\/wp\/v2\/pages\/10989"}],"collection":[{"href":"https:\/\/aprendoencasayenclase.mineduc.gob.gt\/index.php\/wp-json\/wp\/v2\/pages"}],"about":[{"href":"https:\/\/aprendoencasayenclase.mineduc.gob.gt\/index.php\/wp-json\/wp\/v2\/types\/page"}],"author":[{"embeddable":true,"href":"https:\/\/aprendoencasayenclase.mineduc.gob.gt\/index.php\/wp-json\/wp\/v2\/users\/1"}],"replies":[{"embeddable":true,"href":"https:\/\/aprendoencasayenclase.mineduc.gob.gt\/index.php\/wp-json\/wp\/v2\/comments?post=10989"}],"version-history":[{"count":45,"href":"https:\/\/aprendoencasayenclase.mineduc.gob.gt\/index.php\/wp-json\/wp\/v2\/pages\/10989\/revisions"}],"predecessor-version":[{"id":13670,"href":"https:\/\/aprendoencasayenclase.mineduc.gob.gt\/index.php\/wp-json\/wp\/v2\/pages\/10989\/revisions\/13670"}],"wp:attachment":[{"href":"https:\/\/aprendoencasayenclase.mineduc.gob.gt\/index.php\/wp-json\/wp\/v2\/media?parent=10989"}],"curies":[{"name":"wp","href":"https:\/\/api.w.org\/{rel}","templated":true}]}}